{"id":38290,"date":"2025-09-26T12:36:04","date_gmt":"2025-09-26T10:36:04","guid":{"rendered":"https:\/\/www.interninow.it\/shop\/senza-categoria\/campana\/"},"modified":"2025-09-26T12:39:41","modified_gmt":"2025-09-26T10:39:41","slug":"campana","status":"publish","type":"product","link":"https:\/\/www.interninow.it\/it\/negozio\/luci\/campana\/","title":{"rendered":"Campana"},"content":{"rendered":"<h3 data-start=\"242\" data-end=\"339\">Edra Campana \u2013 Lampada a sospensione di design italiano contemporaneo di Fernando e Humberto Campana<\/h3>\n<p data-start=\"341\" data-end=\"690\">La lampada a sospensione Campana di Edra, disegnata da Fernando e Humberto Campana, \u00e8 uno straordinario esempio di design italiano contemporaneo, apprezzata per i suoi giochi di luce e per la realizzazione artigianale. La sua struttura a campana \u00e8 composta da centinaia di lamine di alluminio tagliate al laser in forme irregolari e assemblate a mano per creare una forma unica e scultorea. <\/p>\n<p data-start=\"692\" data-end=\"946\">Una volta accesa, Campana produce infiniti giochi di luce e riflessi. Un fascio concentrato cade dall\u2019alto in modo morbido, mentre delicate fessure luminose filtrano tra le giunzioni delle lamine, dando vita a un\u2019illuminazione magica e suggestiva. <\/p>\n<p data-start=\"948\" data-end=\"1234\">Ogni pezzo \u00e8 un oggetto artigianale che unisce la visione artistica dei fratelli Campana con l\u2019impegno di Edra per innovazione e qualit\u00e0. Perfetta per sale da pranzo, lounge e interni esclusivi, diventa un elemento scenografico capace di arricchire l\u2019ambiente con eleganza e originalit\u00e0. <\/p>\n<p data-start=\"1236\" data-end=\"1451\">Disponibile su ordinazione in diverse finiture e dimensioni, la lampada Campana viene prodotta su richiesta per garantire esclusivit\u00e0 e possibilit\u00e0 di personalizzazione. Pi\u00f9 che una semplice fonte luminosa, \u00e8 un\u2019icona del design Made in Italy ammirata a livello internazionale. <\/p>\n<h3 data-start=\"1453\" data-end=\"1503\">Perch\u00e9 scegliere la lampada Campana di Edra?<\/h3>\n<ul data-start=\"1504\" data-end=\"1799\">\n<li data-start=\"1504\" data-end=\"1558\">\n<p data-start=\"1506\" data-end=\"1558\">Disegnata da Fernando e Humberto Campana per Edra<\/p>\n<\/li>\n<li data-start=\"1559\" data-end=\"1622\">\n<p data-start=\"1561\" data-end=\"1622\">Struttura composta da lamine di alluminio tagliate al laser e assemblate a mano<\/p>\n<\/li>\n<li data-start=\"1623\" data-end=\"1686\">\n<p data-start=\"1625\" data-end=\"1686\">Effetti luminosi unici con luce diretta e filtrata<\/p>\n<\/li>\n<li data-start=\"1687\" data-end=\"1762\">\n<p data-start=\"1689\" data-end=\"1762\">Design scultoreo ideale per sale da pranzo, lounge e interni di lusso<\/p>\n<\/li>\n<li data-start=\"1763\" data-end=\"1799\">\n<p data-start=\"1765\" data-end=\"1799\">Vera icona del design Made in Italy<\/p>\n<\/li>\n<\/ul>\n","protected":false},"excerpt":{"rendered":"<h3 data-start=\"242\" data-end=\"339\">Edra Campana \u2013 Lampada a sospensione di design italiano contemporaneo di Fernando e Humberto Campana<\/h3>\n<p data-start=\"341\" data-end=\"690\">La lampada a sospensione Campana di Edra, disegnata da Fernando e Humberto Campana, \u00e8 uno straordinario esempio di design italiano contemporaneo, apprezzata per i suoi giochi di luce e per la realizzazione artigianale. La sua struttura a campana \u00e8 composta da centinaia di lamine di alluminio tagliate al laser in forme irregolari e assemblate a mano per creare una forma unica e scultorea. <\/p>\n<p data-start=\"692\" data-end=\"946\">Una volta accesa, Campana produce infiniti giochi di luce e riflessi. Un fascio concentrato cade dall\u2019alto in modo morbido, mentre delicate fessure luminose filtrano tra le giunzioni delle lamine, dando vita a un\u2019illuminazione magica e suggestiva. <\/p>\n<p data-start=\"948\" data-end=\"1234\">Ogni pezzo \u00e8 un oggetto artigianale che unisce la visione artistica dei fratelli Campana con l\u2019impegno di Edra per innovazione e qualit\u00e0. Perfetta per sale da pranzo, lounge e interni esclusivi, diventa un elemento scenografico capace di arricchire l\u2019ambiente con eleganza e originalit\u00e0. <\/p>\n<p data-start=\"1236\" data-end=\"1451\">Disponibile su ordinazione in diverse finiture e dimensioni, la lampada Campana viene prodotta su richiesta per garantire esclusivit\u00e0 e possibilit\u00e0 di personalizzazione. Pi\u00f9 che una semplice fonte luminosa, \u00e8 un\u2019icona del design Made in Italy ammirata a livello internazionale. <\/p>\n<h3 data-start=\"1453\" data-end=\"1503\">Perch\u00e9 scegliere la lampada Campana di Edra?<\/h3>\n<ul data-start=\"1504\" data-end=\"1799\">\n<li data-start=\"1504\" data-end=\"1558\">\n<p data-start=\"1506\" data-end=\"1558\">Disegnata da Fernando e Humberto Campana per Edra<\/p>\n<\/li>\n<li data-start=\"1559\" data-end=\"1622\">\n<p data-start=\"1561\" data-end=\"1622\">Struttura composta da lamine di alluminio tagliate al laser e assemblate a mano<\/p>\n<\/li>\n<li data-start=\"1623\" data-end=\"1686\">\n<p data-start=\"1625\" data-end=\"1686\">Effetti luminosi unici con luce diretta e filtrata<\/p>\n<\/li>\n<li data-start=\"1687\" data-end=\"1762\">\n<p data-start=\"1689\" data-end=\"1762\">Design scultoreo ideale per sale da pranzo, lounge e interni di lusso<\/p>\n<\/li>\n<li data-start=\"1763\" data-end=\"1799\">\n<p data-start=\"1765\" data-end=\"1799\">Vera icona del design Made in Italy<\/p>\n<\/li>\n<\/ul>\n","protected":false},"featured_media":38282,"template":"","meta":[],"product_brand":[],"product_cat":[544],"product_tag":[541],"brand":[288],"class_list":{"0":"post-38290","1":"product","2":"type-product","3":"status-publish","4":"has-post-thumbnail","6":"product_cat-luci","7":"product_tag-a-catalogo","8":"brand-edra-it","10":"first","11":"instock","12":"shipping-taxable","13":"purchasable","14":"product-type-simple"},"_links":{"self":[{"href":"https:\/\/www.interninow.it\/it\/wp-json\/wp\/v2\/product\/38290","targetHints":{"allow":["GET"]}}],"collection":[{"href":"https:\/\/www.interninow.it\/it\/wp-json\/wp\/v2\/product"}],"about":[{"href":"https:\/\/www.interninow.it\/it\/wp-json\/wp\/v2\/types\/product"}],"version-history":[{"count":0,"href":"https:\/\/www.interninow.it\/it\/wp-json\/wp\/v2\/product\/38290\/revisions"}],"wp:featuredmedia":[{"embeddable":true,"href":"https:\/\/www.interninow.it\/it\/wp-json\/wp\/v2\/media\/38282"}],"wp:attachment":[{"href":"https:\/\/www.interninow.it\/it\/wp-json\/wp\/v2\/media?parent=38290"}],"wp:term":[{"taxonomy":"product_brand","embeddable":true,"href":"https:\/\/www.interninow.it\/it\/wp-json\/wp\/v2\/product_brand?post=38290"},{"taxonomy":"product_cat","embeddable":true,"href":"https:\/\/www.interninow.it\/it\/wp-json\/wp\/v2\/product_cat?post=38290"},{"taxonomy":"product_tag","embeddable":true,"href":"https:\/\/www.interninow.it\/it\/wp-json\/wp\/v2\/product_tag?post=38290"},{"taxonomy":"brand","embeddable":true,"href":"https:\/\/www.interninow.it\/it\/wp-json\/wp\/v2\/brand?post=38290"}],"curies":[{"name":"wp","href":"https:\/\/api.w.org\/{rel}","templated":true}]}}