{"id":38279,"date":"2025-09-26T12:22:07","date_gmt":"2025-09-26T10:22:07","guid":{"rendered":"https:\/\/www.interninow.it\/shop\/senza-categoria\/grinza\/"},"modified":"2025-09-26T12:26:26","modified_gmt":"2025-09-26T10:26:26","slug":"grinza","status":"publish","type":"product","link":"https:\/\/www.interninow.it\/it\/negozio\/poltrone\/grinza\/","title":{"rendered":"Grinza"},"content":{"rendered":"<h3 data-start=\"251\" data-end=\"340\">Edra Grinza \u2013 Poltrona di design italiano contemporaneo di Fernando e Humberto Campana<\/h3>\n<p data-start=\"342\" data-end=\"668\">La poltrona Grinza di Edra, disegnata da Fernando e Humberto Campana, \u00e8 una creazione distintiva del design italiano contemporaneo che unisce comfort, originalit\u00e0 e dettaglio artigianale. \u00c8 realizzata con un telaio in acciaio tubolare rivestito da un\u2019imbottitura generosa e completata da un rivestimento applicato in maniera volutamente casuale e abbondante. <\/p>\n<p data-start=\"670\" data-end=\"966\">Il risultato \u00e8 un effetto drappeggiato, dove pelle o soffice pelliccia ecologica aderiscono alla struttura creando pieghe e texture che rendono ogni pezzo unico. Questa casualit\u00e0 del rivestimento esprime la filosofia dei fratelli Campana di valorizzare l\u2019imperfezione trasformandola in forza estetica. <\/p>\n<p data-start=\"968\" data-end=\"1207\">Con lo schienale basso e l\u2019imbottitura avvolgente, Grinza offre un comfort accogliente e al tempo stesso si distingue come oggetto scultoreo. Perfetta per soggiorni moderni, lounge esclusivi o interni eclettici, arricchisce l\u2019ambiente con personalit\u00e0 e originalit\u00e0. <\/p>\n<p data-start=\"1209\" data-end=\"1485\">Disponibile su ordinazione in un\u2019ampia selezione di pelli, pellicce ecologiche e finiture, la poltrona Grinza viene realizzata su richiesta per garantire esclusivit\u00e0 e personalizzazione. Pi\u00f9 che una semplice seduta, \u00e8 una vera icona Made in Italy ammirata per creativit\u00e0 e artigianalit\u00e0. <\/p>\n<h3 data-start=\"1487\" data-end=\"1529\">Perch\u00e9 scegliere la poltrona Grinza di Edra?<\/h3>\n<ul data-start=\"1530\" data-end=\"1814\">\n<li data-start=\"1530\" data-end=\"1584\">\n<p data-start=\"1532\" data-end=\"1584\">Disegnata da Fernando e Humberto Campana per Edra<\/p>\n<\/li>\n<li data-start=\"1585\" data-end=\"1630\">\n<p data-start=\"1587\" data-end=\"1630\">Struttura in acciaio tubolare con imbottitura generosa<\/p>\n<\/li>\n<li data-start=\"1631\" data-end=\"1693\">\n<p data-start=\"1633\" data-end=\"1693\">Rivestimento abbondante in pelle o pelliccia ecologica drappeggiata<\/p>\n<\/li>\n<li data-start=\"1694\" data-end=\"1748\">\n<p data-start=\"1696\" data-end=\"1748\">Ogni pezzo \u00e8 unico grazie alle pieghe irregolari<\/p>\n<\/li>\n<li data-start=\"1749\" data-end=\"1814\">\n<p data-start=\"1751\" data-end=\"1814\">Icona Made in Italy per interni moderni ed eclettici<\/p>\n<\/li>\n<\/ul>\n","protected":false},"excerpt":{"rendered":"<h3 data-start=\"251\" data-end=\"340\">Edra Grinza \u2013 Poltrona di design italiano contemporaneo di Fernando e Humberto Campana<\/h3>\n<p data-start=\"342\" data-end=\"668\">La poltrona Grinza di Edra, disegnata da Fernando e Humberto Campana, \u00e8 una creazione distintiva del design italiano contemporaneo che unisce comfort, originalit\u00e0 e dettaglio artigianale. \u00c8 realizzata con un telaio in acciaio tubolare rivestito da un\u2019imbottitura generosa e completata da un rivestimento applicato in maniera volutamente casuale e abbondante. <\/p>\n<p data-start=\"670\" data-end=\"966\">Il risultato \u00e8 un effetto drappeggiato, dove pelle o soffice pelliccia ecologica aderiscono alla struttura creando pieghe e texture che rendono ogni pezzo unico. Questa casualit\u00e0 del rivestimento esprime la filosofia dei fratelli Campana di valorizzare l\u2019imperfezione trasformandola in forza estetica. <\/p>\n<p data-start=\"968\" data-end=\"1207\">Con lo schienale basso e l\u2019imbottitura avvolgente, Grinza offre un comfort accogliente e al tempo stesso si distingue come oggetto scultoreo. Perfetta per soggiorni moderni, lounge esclusivi o interni eclettici, arricchisce l\u2019ambiente con personalit\u00e0 e originalit\u00e0. <\/p>\n<p data-start=\"1209\" data-end=\"1485\">Disponibile su ordinazione in un\u2019ampia selezione di pelli, pellicce ecologiche e finiture, la poltrona Grinza viene realizzata su richiesta per garantire esclusivit\u00e0 e personalizzazione. Pi\u00f9 che una semplice seduta, \u00e8 una vera icona Made in Italy ammirata per creativit\u00e0 e artigianalit\u00e0. <\/p>\n<h3 data-start=\"1487\" data-end=\"1529\">Perch\u00e9 scegliere la poltrona Grinza di Edra?<\/h3>\n<ul data-start=\"1530\" data-end=\"1814\">\n<li data-start=\"1530\" data-end=\"1584\">\n<p data-start=\"1532\" data-end=\"1584\">Disegnata da Fernando e Humberto Campana per Edra<\/p>\n<\/li>\n<li data-start=\"1585\" data-end=\"1630\">\n<p data-start=\"1587\" data-end=\"1630\">Struttura in acciaio tubolare con imbottitura generosa<\/p>\n<\/li>\n<li data-start=\"1631\" data-end=\"1693\">\n<p data-start=\"1633\" data-end=\"1693\">Rivestimento abbondante in pelle o pelliccia ecologica drappeggiata<\/p>\n<\/li>\n<li data-start=\"1694\" data-end=\"1748\">\n<p data-start=\"1696\" data-end=\"1748\">Ogni pezzo \u00e8 unico grazie alle pieghe irregolari<\/p>\n<\/li>\n<li data-start=\"1749\" data-end=\"1814\">\n<p data-start=\"1751\" data-end=\"1814\">Icona Made in Italy per interni moderni ed eclettici<\/p>\n<\/li>\n<\/ul>\n","protected":false},"featured_media":38272,"template":"","meta":[],"product_brand":[],"product_cat":[537],"product_tag":[541],"brand":[288],"class_list":{"0":"post-38279","1":"product","2":"type-product","3":"status-publish","4":"has-post-thumbnail","6":"product_cat-poltrone","7":"product_tag-a-catalogo","8":"brand-edra-it","10":"first","11":"instock","12":"shipping-taxable","13":"purchasable","14":"product-type-simple"},"_links":{"self":[{"href":"https:\/\/www.interninow.it\/it\/wp-json\/wp\/v2\/product\/38279","targetHints":{"allow":["GET"]}}],"collection":[{"href":"https:\/\/www.interninow.it\/it\/wp-json\/wp\/v2\/product"}],"about":[{"href":"https:\/\/www.interninow.it\/it\/wp-json\/wp\/v2\/types\/product"}],"version-history":[{"count":0,"href":"https:\/\/www.interninow.it\/it\/wp-json\/wp\/v2\/product\/38279\/revisions"}],"wp:featuredmedia":[{"embeddable":true,"href":"https:\/\/www.interninow.it\/it\/wp-json\/wp\/v2\/media\/38272"}],"wp:attachment":[{"href":"https:\/\/www.interninow.it\/it\/wp-json\/wp\/v2\/media?parent=38279"}],"wp:term":[{"taxonomy":"product_brand","embeddable":true,"href":"https:\/\/www.interninow.it\/it\/wp-json\/wp\/v2\/product_brand?post=38279"},{"taxonomy":"product_cat","embeddable":true,"href":"https:\/\/www.interninow.it\/it\/wp-json\/wp\/v2\/product_cat?post=38279"},{"taxonomy":"product_tag","embeddable":true,"href":"https:\/\/www.interninow.it\/it\/wp-json\/wp\/v2\/product_tag?post=38279"},{"taxonomy":"brand","embeddable":true,"href":"https:\/\/www.interninow.it\/it\/wp-json\/wp\/v2\/brand?post=38279"}],"curies":[{"name":"wp","href":"https:\/\/api.w.org\/{rel}","templated":true}]}}