{"id":38265,"date":"2025-09-26T12:06:24","date_gmt":"2025-09-26T10:06:24","guid":{"rendered":"https:\/\/www.interninow.it\/shop\/senza-categoria\/favela\/"},"modified":"2025-09-26T12:09:54","modified_gmt":"2025-09-26T10:09:54","slug":"favela","status":"publish","type":"product","link":"https:\/\/www.interninow.it\/it\/negozio\/poltrone\/favela\/","title":{"rendered":"Favela"},"content":{"rendered":"<h3 data-start=\"272\" data-end=\"361\">Edra Favela \u2013 Poltrona di design italiano contemporaneo di Fernando e Humberto Campana<\/h3>\n<p data-start=\"363\" data-end=\"726\">La poltrona Favela di Edra, disegnata da Fernando e Humberto Campana, \u00e8 uno dei pezzi pi\u00f9 iconici del design italiano contemporaneo, celebrata per l\u2019uso di materiali naturali e per l\u2019artigianalit\u00e0 che la caratterizza. Priva di struttura interna, \u00e8 costruita con numerosi listelli di legno naturale inchiodati a mano in un assetto apparentemente casuale, che rende ogni poltrona un pezzo unico. <\/p>\n<p data-start=\"728\" data-end=\"1029\">Favela \u00e8 proposta in legno di pino per l\u2019uso interno e in teak per l\u2019esterno, garantendo resistenza senza rinunciare alla sua bellezza organica. L\u2019aspetto richiama una semplicit\u00e0 rustica, ma la sua realizzazione richiede una settimana di lavoro manuale, dimostrando una complessit\u00e0 che si cela dietro la naturalezza del risultato. <\/p>\n<p data-start=\"1031\" data-end=\"1315\">Perfetta per chalet di montagna, rifugi rustici o interni esclusivi, Favela arricchisce gli spazi abitativi con calore, autenticit\u00e0 e originalit\u00e0 senza tempo. Pi\u00f9 che una semplice seduta, \u00e8 una presenza scultorea che unisce la bellezza grezza del legno alla maestria artigianale di Edra. <\/p>\n<p data-start=\"1317\" data-end=\"1555\">Disponibile su ordinazione, la poltrona Favela viene realizzata su richiesta, garantendo esclusivit\u00e0 e possibilit\u00e0 di personalizzazione. Rappresenta la filosofia Edra che fonde design, natura e abilit\u00e0 artigianale in una vera icona Made in Italy, ammirata in tutto il mondo. <\/p>\n<h3 data-start=\"1557\" data-end=\"1599\">Perch\u00e9 scegliere la poltrona Favela di Edra?<\/h3>\n<ul data-start=\"1600\" data-end=\"1878\">\n<li data-start=\"1600\" data-end=\"1654\">\n<p data-start=\"1602\" data-end=\"1654\">Disegnata da Fernando e Humberto Campana per Edra<\/p>\n<\/li>\n<li data-start=\"1655\" data-end=\"1710\">\n<p data-start=\"1657\" data-end=\"1710\">Realizzata con listelli di legno inchiodati a mano, ogni pezzo \u00e8 unico<\/p>\n<\/li>\n<li data-start=\"1711\" data-end=\"1765\">\n<p data-start=\"1713\" data-end=\"1765\">Pino per interni, teak per ambienti esterni<\/p>\n<\/li>\n<li data-start=\"1766\" data-end=\"1837\">\n<p data-start=\"1768\" data-end=\"1837\">Ideale per chalet di montagna, rifugi rustici e interni esclusivi<\/p>\n<\/li>\n<li data-start=\"1838\" data-end=\"1878\">\n<p data-start=\"1840\" data-end=\"1878\">Icona senza tempo del design Made in Italy<\/p>\n<\/li>\n<\/ul>\n","protected":false},"excerpt":{"rendered":"<h3 data-start=\"272\" data-end=\"361\">Edra Favela \u2013 Poltrona di design italiano contemporaneo di Fernando e Humberto Campana<\/h3>\n<p data-start=\"363\" data-end=\"726\">La poltrona Favela di Edra, disegnata da Fernando e Humberto Campana, \u00e8 uno dei pezzi pi\u00f9 iconici del design italiano contemporaneo, celebrata per l\u2019uso di materiali naturali e per l\u2019artigianalit\u00e0 che la caratterizza. Priva di struttura interna, \u00e8 costruita con numerosi listelli di legno naturale inchiodati a mano in un assetto apparentemente casuale, che rende ogni poltrona un pezzo unico. <\/p>\n<p data-start=\"728\" data-end=\"1029\">Favela \u00e8 proposta in legno di pino per l\u2019uso interno e in teak per l\u2019esterno, garantendo resistenza senza rinunciare alla sua bellezza organica. L\u2019aspetto richiama una semplicit\u00e0 rustica, ma la sua realizzazione richiede una settimana di lavoro manuale, dimostrando una complessit\u00e0 che si cela dietro la naturalezza del risultato. <\/p>\n<p data-start=\"1031\" data-end=\"1315\">Perfetta per chalet di montagna, rifugi rustici o interni esclusivi, Favela arricchisce gli spazi abitativi con calore, autenticit\u00e0 e originalit\u00e0 senza tempo. Pi\u00f9 che una semplice seduta, \u00e8 una presenza scultorea che unisce la bellezza grezza del legno alla maestria artigianale di Edra. <\/p>\n<p data-start=\"1317\" data-end=\"1555\">Disponibile su ordinazione, la poltrona Favela viene realizzata su richiesta, garantendo esclusivit\u00e0 e possibilit\u00e0 di personalizzazione. Rappresenta la filosofia Edra che fonde design, natura e abilit\u00e0 artigianale in una vera icona Made in Italy, ammirata in tutto il mondo. <\/p>\n<h3 data-start=\"1557\" data-end=\"1599\">Perch\u00e9 scegliere la poltrona Favela di Edra?<\/h3>\n<ul data-start=\"1600\" data-end=\"1878\">\n<li data-start=\"1600\" data-end=\"1654\">\n<p data-start=\"1602\" data-end=\"1654\">Disegnato da Fernando e Humberto Campana per Edra<\/p>\n<\/li>\n<li data-start=\"1655\" data-end=\"1710\">\n<p data-start=\"1657\" data-end=\"1710\">Realizzata con listelli di legno inchiodati a mano, ogni pezzo \u00e8 unico<\/p>\n<\/li>\n<li data-start=\"1711\" data-end=\"1765\">\n<p data-start=\"1713\" data-end=\"1765\">Pino per interni, teak per ambienti esterni<\/p>\n<\/li>\n<li data-start=\"1766\" data-end=\"1837\">\n<p data-start=\"1768\" data-end=\"1837\">Ideale per chalet di montagna, rifugi rustici e interni esclusivi<\/p>\n<\/li>\n<li data-start=\"1838\" data-end=\"1878\">\n<p data-start=\"1840\" data-end=\"1878\">Icona senza tempo del design Made in Italy<\/p>\n<\/li>\n<\/ul>\n","protected":false},"featured_media":38261,"template":"","meta":[],"product_brand":[],"product_cat":[537],"product_tag":[541],"brand":[288],"class_list":{"0":"post-38265","1":"product","2":"type-product","3":"status-publish","4":"has-post-thumbnail","6":"product_cat-poltrone","7":"product_tag-a-catalogo","8":"brand-edra-it","10":"first","11":"instock","12":"shipping-taxable","13":"purchasable","14":"product-type-simple"},"_links":{"self":[{"href":"https:\/\/www.interninow.it\/it\/wp-json\/wp\/v2\/product\/38265","targetHints":{"allow":["GET"]}}],"collection":[{"href":"https:\/\/www.interninow.it\/it\/wp-json\/wp\/v2\/product"}],"about":[{"href":"https:\/\/www.interninow.it\/it\/wp-json\/wp\/v2\/types\/product"}],"version-history":[{"count":0,"href":"https:\/\/www.interninow.it\/it\/wp-json\/wp\/v2\/product\/38265\/revisions"}],"wp:featuredmedia":[{"embeddable":true,"href":"https:\/\/www.interninow.it\/it\/wp-json\/wp\/v2\/media\/38261"}],"wp:attachment":[{"href":"https:\/\/www.interninow.it\/it\/wp-json\/wp\/v2\/media?parent=38265"}],"wp:term":[{"taxonomy":"product_brand","embeddable":true,"href":"https:\/\/www.interninow.it\/it\/wp-json\/wp\/v2\/product_brand?post=38265"},{"taxonomy":"product_cat","embeddable":true,"href":"https:\/\/www.interninow.it\/it\/wp-json\/wp\/v2\/product_cat?post=38265"},{"taxonomy":"product_tag","embeddable":true,"href":"https:\/\/www.interninow.it\/it\/wp-json\/wp\/v2\/product_tag?post=38265"},{"taxonomy":"brand","embeddable":true,"href":"https:\/\/www.interninow.it\/it\/wp-json\/wp\/v2\/brand?post=38265"}],"curies":[{"name":"wp","href":"https:\/\/api.w.org\/{rel}","templated":true}]}}