{"id":38258,"date":"2025-09-26T11:48:38","date_gmt":"2025-09-26T09:48:38","guid":{"rendered":"https:\/\/www.interninow.it\/shop\/senza-categoria\/corallo\/"},"modified":"2025-09-26T11:53:51","modified_gmt":"2025-09-26T09:53:51","slug":"corallo","status":"publish","type":"product","link":"https:\/\/www.interninow.it\/it\/negozio\/poltrone\/corallo\/","title":{"rendered":"Corallo"},"content":{"rendered":"<h3 data-start=\"307\" data-end=\"397\">Edra Corallo \u2013 Poltrona di design italiano contemporaneo di Fernando e Humberto Campana<\/h3>\n<p data-start=\"399\" data-end=\"753\">La poltrona Corallo di Edra, disegnata da Fernando e Humberto Campana, \u00e8 una straordinaria espressione del design italiano contemporaneo, ispirata alle forme complesse delle barriere coralline. Concepite come un rigido nido di corallo, le sue ampie sedute nascono dall\u2019intreccio irregolare di fili d\u2019acciaio inox curvati a mano, che rendono ogni pezzo unico. <\/p>\n<p data-start=\"755\" data-end=\"1034\">Le oltre 900 saldature sono ripulite, arrotondate e spazzolate a mano una ad una, per eliminare ogni asperit\u00e0 o punto tagliente. Un processo artigianale complesso che richiede un\u2019intera settimana di lavoro, trasformando Corallo non solo in una seduta, ma in un\u2019autentica opera di artigianato e design. <\/p>\n<p data-start=\"1036\" data-end=\"1305\">Nonostante l\u2019aspetto etereo e scultoreo, Corallo \u00e8 solida, resistente e perfetta sia per interni che per esterni. Con il suo carattere scenografico, arricchisce soggiorni, terrazze, lounge o spazi hospitality esclusivi, diventando sempre il protagonista dell\u2019ambiente. <\/p>\n<p data-start=\"1307\" data-end=\"1558\">Disponibile su ordinazione in diverse finiture e colori, la poltrona Corallo garantisce esclusivit\u00e0 e possibilit\u00e0 di personalizzazione. Pi\u00f9 che una semplice poltrona, \u00e8 una dichiarazione iconica del design Made in Italy, ammirata in tutto il mondo per originalit\u00e0 e complessit\u00e0 artigianale. <\/p>\n<h3 data-start=\"1560\" data-end=\"1603\">Perch\u00e9 scegliere la poltrona Corallo di Edra?<\/h3>\n<ul data-start=\"1604\" data-end=\"1877\">\n<li data-start=\"1604\" data-end=\"1658\">\n<p data-start=\"1606\" data-end=\"1658\">Disegnato da Fernando e Humberto Campana per Edra<\/p>\n<\/li>\n<li data-start=\"1659\" data-end=\"1709\">\n<p data-start=\"1661\" data-end=\"1709\">Ispirata alle forme intricate delle barriere coralline<\/p>\n<\/li>\n<li data-start=\"1710\" data-end=\"1763\">\n<p data-start=\"1712\" data-end=\"1763\">Struttura in acciaio inox curvato a mano, ogni pezzo \u00e8 unico<\/p>\n<\/li>\n<li data-start=\"1764\" data-end=\"1832\">\n<p data-start=\"1766\" data-end=\"1832\">Oltre 900 saldature ripulite e spazzolate a mano<\/p>\n<\/li>\n<li data-start=\"1833\" data-end=\"1877\">\n<p data-start=\"1835\" data-end=\"1877\">Adatta sia per interni che per esterni<\/p>\n<\/li>\n<\/ul>\n","protected":false},"excerpt":{"rendered":"<h3 data-start=\"307\" data-end=\"397\">Edra Corallo \u2013 Poltrona di design italiano contemporaneo di Fernando e Humberto Campana<\/h3>\n<p data-start=\"399\" data-end=\"753\">La poltrona Corallo di Edra, disegnata da Fernando e Humberto Campana, \u00e8 una straordinaria espressione del design italiano contemporaneo, ispirata alle forme complesse delle barriere coralline. Concepite come un rigido nido di corallo, le sue ampie sedute nascono dall\u2019intreccio irregolare di fili d\u2019acciaio inox curvati a mano, che rendono ogni pezzo unico. <\/p>\n<p data-start=\"755\" data-end=\"1034\">Le oltre 900 saldature sono ripulite, arrotondate e spazzolate a mano una ad una, per eliminare ogni asperit\u00e0 o punto tagliente. Un processo artigianale complesso che richiede un\u2019intera settimana di lavoro, trasformando Corallo non solo in una seduta, ma in un\u2019autentica opera di artigianato e design. <\/p>\n<p data-start=\"1036\" data-end=\"1305\">Nonostante l\u2019aspetto etereo e scultoreo, Corallo \u00e8 solida, resistente e perfetta sia per interni che per esterni. Con il suo carattere scenografico, arricchisce soggiorni, terrazze, lounge o spazi hospitality esclusivi, diventando sempre il protagonista dell\u2019ambiente. <\/p>\n<p data-start=\"1307\" data-end=\"1558\">Disponibile su ordinazione in diverse finiture e colori, la poltrona Corallo garantisce esclusivit\u00e0 e possibilit\u00e0 di personalizzazione. Pi\u00f9 che una semplice poltrona, \u00e8 una dichiarazione iconica del design Made in Italy, ammirata in tutto il mondo per originalit\u00e0 e complessit\u00e0 artigianale. <\/p>\n<h3 data-start=\"1560\" data-end=\"1603\">Perch\u00e9 scegliere la poltrona Corallo di Edra?<\/h3>\n<ul data-start=\"1604\" data-end=\"1877\">\n<li data-start=\"1604\" data-end=\"1658\">\n<p data-start=\"1606\" data-end=\"1658\">Disegnato da Fernando e Humberto Campana per Edra<\/p>\n<\/li>\n<li data-start=\"1659\" data-end=\"1709\">\n<p data-start=\"1661\" data-end=\"1709\">Ispirata alle forme intricate delle barriere coralline<\/p>\n<\/li>\n<li data-start=\"1710\" data-end=\"1763\">\n<p data-start=\"1712\" data-end=\"1763\">Struttura in acciaio inox curvato a mano, ogni pezzo \u00e8 unico<\/p>\n<\/li>\n<li data-start=\"1764\" data-end=\"1832\">\n<p data-start=\"1766\" data-end=\"1832\">Oltre 900 saldature ripulite e spazzolate a mano<\/p>\n<\/li>\n<li data-start=\"1833\" data-end=\"1877\">\n<p data-start=\"1835\" data-end=\"1877\">Adatta sia per interni che per esterni<\/p>\n<\/li>\n<\/ul>\n","protected":false},"featured_media":38250,"template":"","meta":[],"product_brand":[],"product_cat":[537],"product_tag":[541],"brand":[288],"class_list":{"0":"post-38258","1":"product","2":"type-product","3":"status-publish","4":"has-post-thumbnail","6":"product_cat-poltrone","7":"product_tag-a-catalogo","8":"brand-edra-it","10":"first","11":"instock","12":"shipping-taxable","13":"purchasable","14":"product-type-simple"},"_links":{"self":[{"href":"https:\/\/www.interninow.it\/it\/wp-json\/wp\/v2\/product\/38258","targetHints":{"allow":["GET"]}}],"collection":[{"href":"https:\/\/www.interninow.it\/it\/wp-json\/wp\/v2\/product"}],"about":[{"href":"https:\/\/www.interninow.it\/it\/wp-json\/wp\/v2\/types\/product"}],"version-history":[{"count":0,"href":"https:\/\/www.interninow.it\/it\/wp-json\/wp\/v2\/product\/38258\/revisions"}],"wp:featuredmedia":[{"embeddable":true,"href":"https:\/\/www.interninow.it\/it\/wp-json\/wp\/v2\/media\/38250"}],"wp:attachment":[{"href":"https:\/\/www.interninow.it\/it\/wp-json\/wp\/v2\/media?parent=38258"}],"wp:term":[{"taxonomy":"product_brand","embeddable":true,"href":"https:\/\/www.interninow.it\/it\/wp-json\/wp\/v2\/product_brand?post=38258"},{"taxonomy":"product_cat","embeddable":true,"href":"https:\/\/www.interninow.it\/it\/wp-json\/wp\/v2\/product_cat?post=38258"},{"taxonomy":"product_tag","embeddable":true,"href":"https:\/\/www.interninow.it\/it\/wp-json\/wp\/v2\/product_tag?post=38258"},{"taxonomy":"brand","embeddable":true,"href":"https:\/\/www.interninow.it\/it\/wp-json\/wp\/v2\/brand?post=38258"}],"curies":[{"name":"wp","href":"https:\/\/api.w.org\/{rel}","templated":true}]}}