{"id":38240,"date":"2025-09-25T17:20:09","date_gmt":"2025-09-25T15:20:09","guid":{"rendered":"https:\/\/www.interninow.it\/shop\/senza-categoria\/phantom\/"},"modified":"2025-09-25T17:22:29","modified_gmt":"2025-09-25T15:22:29","slug":"phantom","status":"publish","type":"product","link":"https:\/\/www.interninow.it\/it\/negozio\/tavoli-e-tavolini\/phantom\/","title":{"rendered":"Phantom"},"content":{"rendered":"<h3 data-start=\"251\" data-end=\"323\">Edra Phantom \u2013 Tavolo di design italiano contemporaneo di Jacopo Foggini<\/h3>\n<p data-start=\"325\" data-end=\"619\">Il tavolo Phantom di Edra, disegnato da Jacopo Foggini, \u00e8 una forma pura ed essenziale del design italiano contemporaneo. Rivestito interamente in specchio naturale, diventa un oggetto senza tempo, capace di fondersi armoniosamente con qualsiasi ambiente, trasformandosi al contempo in presenza e assenza. <\/p>\n<p data-start=\"621\" data-end=\"978\">Il tavolo \u00e8 composto da tre volumi solidi: due basi e un piano rettangolare. La leggera rastremazione delle basi alleggerisce l\u2019ortogonalit\u00e0 e dona slancio ed eleganza all\u2019insieme. Grazie al materiale riflettente, Phantom esprime delicatezza, raffinatezza e universalit\u00e0 d\u2019uso, adattandosi con naturalezza sia a interni classici che contemporanei.  <\/p>\n<p data-start=\"980\" data-end=\"1337\">Come suggerisce il nome, Phantom \u00e8 discreto e quasi impercettibile, rivestendosi di ci\u00f2 che lo circonda. Pi\u00f9 che un semplice tavolo, \u00e8 un oggetto scultoreo che unisce design, luce e spazio. Prodotto su ordinazione, garantisce esclusivit\u00e0 e possibilit\u00e0 di personalizzazione, incarnando la filosofia Edra che fonde innovazione, artigianalit\u00e0 ed eccellenza Made in Italy.  <\/p>\n<h3 data-start=\"1339\" data-end=\"1379\">Perch\u00e9 scegliere il tavolo Phantom di Edra?<\/h3>\n<ul data-start=\"1380\" data-end=\"1631\">\n<li data-start=\"1380\" data-end=\"1419\">\n<p data-start=\"1382\" data-end=\"1419\">Disegnato da Jacopo Foggini per Edra<\/p>\n<\/li>\n<li data-start=\"1420\" data-end=\"1477\">\n<p data-start=\"1422\" data-end=\"1477\">Rivestito interamente in specchio naturale<\/p>\n<\/li>\n<li data-start=\"1478\" data-end=\"1532\">\n<p data-start=\"1480\" data-end=\"1532\">Composto da tre volumi con basi rastremate<\/p>\n<\/li>\n<li data-start=\"1533\" data-end=\"1590\">\n<p data-start=\"1535\" data-end=\"1590\">Discreto ed elegante, si adatta a interni classici e moderni<\/p>\n<\/li>\n<li data-start=\"1591\" data-end=\"1631\">\n<p data-start=\"1593\" data-end=\"1631\">Icona senza tempo del design Made in Italy<\/p>\n<\/li>\n<\/ul>\n","protected":false},"excerpt":{"rendered":"<h3 data-start=\"251\" data-end=\"323\">Edra Phantom \u2013 Tavolo di design italiano contemporaneo di Jacopo Foggini<\/h3>\n<p data-start=\"325\" data-end=\"619\">Il tavolo Phantom di Edra, disegnato da Jacopo Foggini, \u00e8 una forma pura ed essenziale del design italiano contemporaneo. Rivestito interamente in specchio naturale, diventa un oggetto senza tempo, capace di fondersi armoniosamente con qualsiasi ambiente, trasformandosi al contempo in presenza e assenza. <\/p>\n<p data-start=\"621\" data-end=\"978\">Il tavolo \u00e8 composto da tre volumi solidi: due basi e un piano rettangolare. La leggera rastremazione delle basi alleggerisce l\u2019ortogonalit\u00e0 e dona slancio ed eleganza all\u2019insieme. Grazie al materiale riflettente, Phantom esprime delicatezza, raffinatezza e universalit\u00e0 d\u2019uso, adattandosi con naturalezza sia a interni classici che contemporanei.  <\/p>\n<p data-start=\"980\" data-end=\"1337\">Come suggerisce il nome, Phantom \u00e8 discreto e quasi impercettibile, rivestendosi di ci\u00f2 che lo circonda. Pi\u00f9 che un semplice tavolo, \u00e8 un oggetto scultoreo che unisce design, luce e spazio. Prodotto su ordinazione, garantisce esclusivit\u00e0 e possibilit\u00e0 di personalizzazione, incarnando la filosofia Edra che fonde innovazione, artigianalit\u00e0 ed eccellenza Made in Italy.  <\/p>\n<h3 data-start=\"1339\" data-end=\"1379\">Perch\u00e9 scegliere il tavolo Phantom di Edra?<\/h3>\n<ul data-start=\"1380\" data-end=\"1631\">\n<li data-start=\"1380\" data-end=\"1419\">\n<p data-start=\"1382\" data-end=\"1419\">Disegnato da Jacopo Foggini per Edra<\/p>\n<\/li>\n<li data-start=\"1420\" data-end=\"1477\">\n<p data-start=\"1422\" data-end=\"1477\">Rivestito interamente in specchio naturale<\/p>\n<\/li>\n<li data-start=\"1478\" data-end=\"1532\">\n<p data-start=\"1480\" data-end=\"1532\">Composto da tre volumi con basi rastremate<\/p>\n<\/li>\n<li data-start=\"1533\" data-end=\"1590\">\n<p data-start=\"1535\" data-end=\"1590\">Discreto ed elegante, si adatta a interni classici e moderni<\/p>\n<\/li>\n<li data-start=\"1591\" data-end=\"1631\">\n<p data-start=\"1593\" data-end=\"1631\">Icona senza tempo del design Made in Italy<\/p>\n<\/li>\n<\/ul>\n","protected":false},"featured_media":38232,"template":"","meta":[],"product_brand":[],"product_cat":[538],"product_tag":[540],"brand":[288],"class_list":{"0":"post-38240","1":"product","2":"type-product","3":"status-publish","4":"has-post-thumbnail","6":"product_cat-tavoli-e-tavolini","7":"product_tag-pronta-consegna","8":"brand-edra-it","10":"first","11":"instock","12":"shipping-taxable","13":"purchasable","14":"product-type-simple"},"_links":{"self":[{"href":"https:\/\/www.interninow.it\/it\/wp-json\/wp\/v2\/product\/38240","targetHints":{"allow":["GET"]}}],"collection":[{"href":"https:\/\/www.interninow.it\/it\/wp-json\/wp\/v2\/product"}],"about":[{"href":"https:\/\/www.interninow.it\/it\/wp-json\/wp\/v2\/types\/product"}],"version-history":[{"count":0,"href":"https:\/\/www.interninow.it\/it\/wp-json\/wp\/v2\/product\/38240\/revisions"}],"wp:featuredmedia":[{"embeddable":true,"href":"https:\/\/www.interninow.it\/it\/wp-json\/wp\/v2\/media\/38232"}],"wp:attachment":[{"href":"https:\/\/www.interninow.it\/it\/wp-json\/wp\/v2\/media?parent=38240"}],"wp:term":[{"taxonomy":"product_brand","embeddable":true,"href":"https:\/\/www.interninow.it\/it\/wp-json\/wp\/v2\/product_brand?post=38240"},{"taxonomy":"product_cat","embeddable":true,"href":"https:\/\/www.interninow.it\/it\/wp-json\/wp\/v2\/product_cat?post=38240"},{"taxonomy":"product_tag","embeddable":true,"href":"https:\/\/www.interninow.it\/it\/wp-json\/wp\/v2\/product_tag?post=38240"},{"taxonomy":"brand","embeddable":true,"href":"https:\/\/www.interninow.it\/it\/wp-json\/wp\/v2\/brand?post=38240"}],"curies":[{"name":"wp","href":"https:\/\/api.w.org\/{rel}","templated":true}]}}