{"id":38229,"date":"2025-09-25T16:48:35","date_gmt":"2025-09-25T14:48:35","guid":{"rendered":"https:\/\/www.interninow.it\/shop\/senza-categoria\/full-moon\/"},"modified":"2025-09-25T17:13:01","modified_gmt":"2025-09-25T15:13:01","slug":"full-moon","status":"publish","type":"product","link":"https:\/\/www.interninow.it\/it\/negozio\/tavoli-e-tavolini\/full-moon\/","title":{"rendered":"Full Moon"},"content":{"rendered":"<h3 data-start=\"247\" data-end=\"321\">Edra Full Moon \u2013 Tavolo di design italiano contemporaneo di Jacopo Foggini<\/h3>\n<p data-start=\"323\" data-end=\"639\">Il tavolo Full Moon di Edra, disegnato da Jacopo Foggini, \u00e8 uno straordinario esempio di design italiano contemporaneo ispirato alla bellezza del cielo notturno. Realizzato tagliando una sezione di grande spessore da un ovulo di alabastro purissimo, presenta un piano in pietra traslucida illuminato dall\u2019interno, che richiama il bagliore della luna piena. <\/p>\n<p data-start=\"641\" data-end=\"905\">Ogni tavolo Full Moon \u00e8 unico: le venature naturali dell\u2019alabastro e le dimensioni irregolari rendono ogni pezzo irripetibile. La superficie luminosa trasforma gli interni in spazi poetici ed evocativi, fondendo natura, design e luce in un elemento scultoreo di grande impatto. <\/p>\n<p data-start=\"907\" data-end=\"1127\">Il piano in pietra \u00e8 sorretto da un piedistallo in metallo, che unisce solidit\u00e0 ed eleganza. Ideale per soggiorni, lounge e interni esclusivi, Full Moon non \u00e8 solo un tavolo, ma un oggetto luminoso di arte e design. <\/p>\n<p data-start=\"1129\" data-end=\"1315\">Prodotto su ordinazione, garantisce esclusivit\u00e0 e possibilit\u00e0 di personalizzazione, incarnando la filosofia Edra che fonde sperimentazione artistica, artigianalit\u00e0 ed eccellenza Made in Italy senza tempo.<\/p>\n<h3 data-start=\"1317\" data-end=\"1359\">Perch\u00e9 scegliere il tavolo Full Moon di Edra?<\/h3>\n<ul data-start=\"1360\" data-end=\"1603\">\n<li data-start=\"1360\" data-end=\"1399\">\n<p data-start=\"1362\" data-end=\"1399\">Disegnato da Jacopo Foggini per Edra<\/p>\n<\/li>\n<li data-start=\"1400\" data-end=\"1446\">\n<p data-start=\"1402\" data-end=\"1446\">Realizzato da sezioni di alabastro purissimo<\/p>\n<\/li>\n<li data-start=\"1447\" data-end=\"1497\">\n<p data-start=\"1449\" data-end=\"1497\">Illuminato, evoca la luna piena<\/p>\n<\/li>\n<li data-start=\"1498\" data-end=\"1561\">\n<p data-start=\"1500\" data-end=\"1561\">Ogni pezzo \u00e8 unico con venature naturali e forme irregolari<\/p>\n<\/li>\n<li data-start=\"1562\" data-end=\"1603\">\n<p data-start=\"1564\" data-end=\"1603\">Sorretto da un piedistallo in metallo raffinato<\/p>\n<\/li>\n<\/ul>\n","protected":false},"excerpt":{"rendered":"<h3 data-start=\"247\" data-end=\"321\">Edra Full Moon \u2013 Tavolo di design italiano contemporaneo di Jacopo Foggini<\/h3>\n<p data-start=\"323\" data-end=\"639\">Il tavolo Full Moon di Edra, disegnato da Jacopo Foggini, \u00e8 uno straordinario esempio di design italiano contemporaneo ispirato alla bellezza del cielo notturno. Realizzato tagliando una sezione di grande spessore da un ovulo di alabastro purissimo, presenta un piano in pietra traslucida illuminato dall\u2019interno, che richiama il bagliore della luna piena. <\/p>\n<p data-start=\"641\" data-end=\"905\">Ogni tavolo Full Moon \u00e8 unico: le venature naturali dell\u2019alabastro e le dimensioni irregolari rendono ogni pezzo irripetibile. La superficie luminosa trasforma gli interni in spazi poetici ed evocativi, fondendo natura, design e luce in un elemento scultoreo di grande impatto. <\/p>\n<p data-start=\"907\" data-end=\"1127\">Il piano in pietra \u00e8 sorretto da un piedistallo in metallo, che unisce solidit\u00e0 ed eleganza. Ideale per soggiorni, lounge e interni esclusivi, Full Moon non \u00e8 solo un tavolo, ma un oggetto luminoso di arte e design. <\/p>\n<p data-start=\"1129\" data-end=\"1315\">Prodotto su ordinazione, garantisce esclusivit\u00e0 e possibilit\u00e0 di personalizzazione, incarnando la filosofia Edra che fonde sperimentazione artistica, artigianalit\u00e0 ed eccellenza Made in Italy senza tempo.<\/p>\n<h3 data-start=\"1317\" data-end=\"1359\">Perch\u00e9 scegliere il tavolo Full Moon di Edra?<\/h3>\n<ul data-start=\"1360\" data-end=\"1603\">\n<li data-start=\"1360\" data-end=\"1399\">\n<p data-start=\"1362\" data-end=\"1399\">Disegnato da Jacopo Foggini per Edra<\/p>\n<\/li>\n<li data-start=\"1400\" data-end=\"1446\">\n<p data-start=\"1402\" data-end=\"1446\">Realizzato da sezioni di alabastro purissimo<\/p>\n<\/li>\n<li data-start=\"1447\" data-end=\"1497\">\n<p data-start=\"1449\" data-end=\"1497\">Illuminato, evoca la luna piena<\/p>\n<\/li>\n<li data-start=\"1498\" data-end=\"1561\">\n<p data-start=\"1500\" data-end=\"1561\">Ogni pezzo \u00e8 unico con venature naturali e forme irregolari<\/p>\n<\/li>\n<li data-start=\"1562\" data-end=\"1603\">\n<p data-start=\"1564\" data-end=\"1603\">Sorretto da un piedistallo in metallo raffinato<\/p>\n<\/li>\n<\/ul>\n","protected":false},"featured_media":38216,"template":"","meta":[],"product_brand":[],"product_cat":[538],"product_tag":[541],"brand":[288],"class_list":{"0":"post-38229","1":"product","2":"type-product","3":"status-publish","4":"has-post-thumbnail","6":"product_cat-tavoli-e-tavolini","7":"product_tag-a-catalogo","8":"brand-edra-it","10":"first","11":"instock","12":"shipping-taxable","13":"purchasable","14":"product-type-simple"},"_links":{"self":[{"href":"https:\/\/www.interninow.it\/it\/wp-json\/wp\/v2\/product\/38229","targetHints":{"allow":["GET"]}}],"collection":[{"href":"https:\/\/www.interninow.it\/it\/wp-json\/wp\/v2\/product"}],"about":[{"href":"https:\/\/www.interninow.it\/it\/wp-json\/wp\/v2\/types\/product"}],"version-history":[{"count":0,"href":"https:\/\/www.interninow.it\/it\/wp-json\/wp\/v2\/product\/38229\/revisions"}],"wp:featuredmedia":[{"embeddable":true,"href":"https:\/\/www.interninow.it\/it\/wp-json\/wp\/v2\/media\/38216"}],"wp:attachment":[{"href":"https:\/\/www.interninow.it\/it\/wp-json\/wp\/v2\/media?parent=38229"}],"wp:term":[{"taxonomy":"product_brand","embeddable":true,"href":"https:\/\/www.interninow.it\/it\/wp-json\/wp\/v2\/product_brand?post=38229"},{"taxonomy":"product_cat","embeddable":true,"href":"https:\/\/www.interninow.it\/it\/wp-json\/wp\/v2\/product_cat?post=38229"},{"taxonomy":"product_tag","embeddable":true,"href":"https:\/\/www.interninow.it\/it\/wp-json\/wp\/v2\/product_tag?post=38229"},{"taxonomy":"brand","embeddable":true,"href":"https:\/\/www.interninow.it\/it\/wp-json\/wp\/v2\/brand?post=38229"}],"curies":[{"name":"wp","href":"https:\/\/api.w.org\/{rel}","templated":true}]}}