{"id":38185,"date":"2025-09-25T15:49:03","date_gmt":"2025-09-25T13:49:03","guid":{"rendered":"https:\/\/www.interninow.it\/shop\/senza-categoria\/capriccio\/"},"modified":"2025-09-25T15:57:56","modified_gmt":"2025-09-25T13:57:56","slug":"capriccio","status":"publish","type":"product","link":"https:\/\/www.interninow.it\/it\/negozio\/tavoli-e-tavolini\/capriccio\/","title":{"rendered":"Capriccio"},"content":{"rendered":"<h3 data-start=\"281\" data-end=\"355\">Edra Capriccio \u2013 Tavolo di design italiano contemporaneo di Jacopo Foggini<\/h3>\n<p data-start=\"357\" data-end=\"638\">Il tavolo Capriccio di Edra, disegnato da Jacopo Foggini, \u00e8 un pezzo unico del design italiano contemporaneo, ispirato alla dinamicit\u00e0 di un movimento musicale. Con la sua forma irregolare e inedita, trasforma l\u2019energia del ritmo in un arredo scultoreo e funzionale. <\/p>\n<p data-start=\"640\" data-end=\"1033\">La struttura \u00e8 composta dall\u2019intreccio di due sistemi sinuosi di tubolare metallico, piegati a mano con maestria artigianale, che sostengono un elegante piano in cristallo. L\u2019unione di metallo e vetro esalta solidit\u00e0 e trasparenza, creando un contrasto scenografico tra leggerezza e forza. Ogni tavolo riflette la visione artistica di Jacopo Foggini, in cui il design incontra la scultura e l\u2019artigianato diventa poesia.  <\/p>\n<p data-start=\"1035\" data-end=\"1414\">Capriccio \u00e8 ideale per sale da pranzo, open space e interni esclusivi, dove diventa il protagonista assoluto dello spazio. Disponibile su ordinazione in diverse dimensioni e finiture, viene prodotto su richiesta per garantire esclusivit\u00e0 e possibilit\u00e0 di personalizzazione. Pi\u00f9 che un tavolo, Capriccio \u00e8 una dichiarazione di design che incarna innovazione, artigianalit\u00e0 ed eccellenza Made in Italy.  <\/p>\n<h3 data-start=\"1416\" data-end=\"1458\">Perch\u00e9 scegliere il tavolo Capriccio di Edra?<\/h3>\n<ul data-start=\"1459\" data-end=\"1709\">\n<li data-start=\"1459\" data-end=\"1498\">\n<p data-start=\"1461\" data-end=\"1498\">Disegnato da Jacopo Foggini per Edra<\/p>\n<\/li>\n<li data-start=\"1499\" data-end=\"1547\">\n<p data-start=\"1501\" data-end=\"1547\">Ispirato dalla dinamicit\u00e0 di un movimento musicale<\/p>\n<\/li>\n<li data-start=\"1548\" data-end=\"1606\">\n<p data-start=\"1550\" data-end=\"1606\">Struttura scultorea in tubolare metallico piegato a mano<\/p>\n<\/li>\n<li data-start=\"1607\" data-end=\"1654\">\n<p data-start=\"1609\" data-end=\"1654\">Piano in cristallo che unisce eleganza e solidit\u00e0<\/p>\n<\/li>\n<li data-start=\"1655\" data-end=\"1709\">\n<p data-start=\"1657\" data-end=\"1709\">Disponibile su ordinazione in diverse dimensioni e finiture<\/p>\n<\/li>\n<\/ul>\n","protected":false},"excerpt":{"rendered":"<h3 data-start=\"281\" data-end=\"355\">Edra Capriccio \u2013 Tavolo di design italiano contemporaneo di Jacopo Foggini<\/h3>\n<p data-start=\"357\" data-end=\"638\">Il tavolo Capriccio di Edra, disegnato da Jacopo Foggini, \u00e8 un pezzo unico del design italiano contemporaneo, ispirato alla dinamicit\u00e0 di un movimento musicale. Con la sua forma irregolare e inedita, trasforma l\u2019energia del ritmo in un arredo scultoreo e funzionale. <\/p>\n<p data-start=\"640\" data-end=\"1033\">La struttura \u00e8 composta dall\u2019intreccio di due sistemi sinuosi di tubolare metallico, piegati a mano con maestria artigianale, che sostengono un elegante piano in cristallo. L\u2019unione di metallo e vetro esalta solidit\u00e0 e trasparenza, creando un contrasto scenografico tra leggerezza e forza. Ogni tavolo riflette la visione artistica di Jacopo Foggini, in cui il design incontra la scultura e l\u2019artigianato diventa poesia.  <\/p>\n<p data-start=\"1035\" data-end=\"1414\">Capriccio \u00e8 ideale per sale da pranzo, open space e interni esclusivi, dove diventa il protagonista assoluto dello spazio. Disponibile su ordinazione in diverse dimensioni e finiture, viene prodotto su richiesta per garantire esclusivit\u00e0 e possibilit\u00e0 di personalizzazione. Pi\u00f9 che un tavolo, Capriccio \u00e8 una dichiarazione di design che incarna innovazione, artigianalit\u00e0 ed eccellenza Made in Italy.  <\/p>\n<h3 data-start=\"1416\" data-end=\"1458\">Perch\u00e9 scegliere il tavolo Capriccio di Edra?<\/h3>\n<ul data-start=\"1459\" data-end=\"1709\">\n<li data-start=\"1459\" data-end=\"1498\">\n<p data-start=\"1461\" data-end=\"1498\">Disegnato da Jacopo Foggini per Edra<\/p>\n<\/li>\n<li data-start=\"1499\" data-end=\"1547\">\n<p data-start=\"1501\" data-end=\"1547\">Ispirato dalla dinamicit\u00e0 di un movimento musicale<\/p>\n<\/li>\n<li data-start=\"1548\" data-end=\"1606\">\n<p data-start=\"1550\" data-end=\"1606\">Struttura scultorea in tubolare metallico piegato a mano<\/p>\n<\/li>\n<li data-start=\"1607\" data-end=\"1654\">\n<p data-start=\"1609\" data-end=\"1654\">Piano in cristallo che unisce eleganza e solidit\u00e0<\/p>\n<\/li>\n<li data-start=\"1655\" data-end=\"1709\">\n<p data-start=\"1657\" data-end=\"1709\">Disponibile su ordinazione in diverse dimensioni e finiture<\/p>\n<\/li>\n<\/ul>\n","protected":false},"featured_media":38180,"template":"","meta":[],"product_brand":[],"product_cat":[538],"product_tag":[541],"brand":[288],"class_list":{"0":"post-38185","1":"product","2":"type-product","3":"status-publish","4":"has-post-thumbnail","6":"product_cat-tavoli-e-tavolini","7":"product_tag-a-catalogo","8":"brand-edra-it","10":"first","11":"instock","12":"shipping-taxable","13":"purchasable","14":"product-type-simple"},"_links":{"self":[{"href":"https:\/\/www.interninow.it\/it\/wp-json\/wp\/v2\/product\/38185","targetHints":{"allow":["GET"]}}],"collection":[{"href":"https:\/\/www.interninow.it\/it\/wp-json\/wp\/v2\/product"}],"about":[{"href":"https:\/\/www.interninow.it\/it\/wp-json\/wp\/v2\/types\/product"}],"version-history":[{"count":0,"href":"https:\/\/www.interninow.it\/it\/wp-json\/wp\/v2\/product\/38185\/revisions"}],"wp:featuredmedia":[{"embeddable":true,"href":"https:\/\/www.interninow.it\/it\/wp-json\/wp\/v2\/media\/38180"}],"wp:attachment":[{"href":"https:\/\/www.interninow.it\/it\/wp-json\/wp\/v2\/media?parent=38185"}],"wp:term":[{"taxonomy":"product_brand","embeddable":true,"href":"https:\/\/www.interninow.it\/it\/wp-json\/wp\/v2\/product_brand?post=38185"},{"taxonomy":"product_cat","embeddable":true,"href":"https:\/\/www.interninow.it\/it\/wp-json\/wp\/v2\/product_cat?post=38185"},{"taxonomy":"product_tag","embeddable":true,"href":"https:\/\/www.interninow.it\/it\/wp-json\/wp\/v2\/product_tag?post=38185"},{"taxonomy":"brand","embeddable":true,"href":"https:\/\/www.interninow.it\/it\/wp-json\/wp\/v2\/brand?post=38185"}],"curies":[{"name":"wp","href":"https:\/\/api.w.org\/{rel}","templated":true}]}}