{"id":38167,"date":"2025-09-25T15:22:13","date_gmt":"2025-09-25T13:22:13","guid":{"rendered":"https:\/\/www.interninow.it\/shop\/senza-categoria\/baghdad\/"},"modified":"2025-09-25T15:26:30","modified_gmt":"2025-09-25T13:26:30","slug":"baghdad","status":"publish","type":"product","link":"https:\/\/www.interninow.it\/it\/negozio\/tavoli-e-tavolini\/baghdad\/","title":{"rendered":"Baghdad"},"content":{"rendered":"<h3 data-start=\"279\" data-end=\"348\">Edra Baghdad \u2013 Tavolo di design italiano contemporaneo di Ezri Tarazi<\/h3>\n<p data-start=\"350\" data-end=\"663\">Il tavolo Baghdad di Edra, disegnato da Ezri Tarazi, \u00e8 uno straordinario esempio di design italiano contemporaneo ispirato alla storia e all\u2019architettura. La sua struttura scultorea richiama la mappa della citt\u00e0 di Baghdad, trasformando un tavolo da pranzo funzionale in un\u2019opera d\u2019arte che unisce riferimenti culturali e maestria artigianale moderna. <\/p>\n<p data-start=\"665\" data-end=\"979\">Caratterizzato da una base scenografica e da un piano raffinato, Baghdad non \u00e8 un semplice arredo ma una dichiarazione di design che porta originalit\u00e0, significato ed eleganza negli interni. Perfetto per sale da pranzo, aree meeting e spazi hospitality esclusivi, diventa il vero protagonista dell\u2019ambiente. <\/p>\n<p data-start=\"981\" data-end=\"1287\">Realizzato artigianalmente con grande cura dei dettagli, il tavolo Baghdad \u00e8 disponibile su ordinazione in diverse dimensioni e finiture, offrendo piena possibilit\u00e0 di personalizzazione. Prodotto su richiesta, garantisce esclusivit\u00e0 e unicit\u00e0, incarnando la filosofia Edra che fonde creativit\u00e0, profondit\u00e0 culturale ed eccellenza Made in Italy. <\/p>\n<h3 data-start=\"1289\" data-end=\"1329\">Perch\u00e9 scegliere il tavolo Baghdad di Edra?<\/h3>\n<ul data-start=\"1330\" data-end=\"1587\">\n<li data-start=\"1330\" data-end=\"1366\">\n<p data-start=\"1332\" data-end=\"1366\">Disegnato da Ezri Tarazi per Edra<\/p>\n<\/li>\n<li data-start=\"1367\" data-end=\"1415\">\n<p data-start=\"1369\" data-end=\"1415\">Ispirato alla mappa architettonica di Baghdad<\/p>\n<\/li>\n<li data-start=\"1416\" data-end=\"1467\">\n<p data-start=\"1418\" data-end=\"1467\">Tavolo scultoreo che unisce arte e funzione<\/p>\n<\/li>\n<li data-start=\"1468\" data-end=\"1534\">\n<p data-start=\"1470\" data-end=\"1534\">Ideale per sale da pranzo, meeting e interni esclusivi<\/p>\n<\/li>\n<li data-start=\"1535\" data-end=\"1587\">\n<p data-start=\"1537\" data-end=\"1587\">Disponibile su ordinazione in varie dimensioni e finiture<\/p>\n<\/li>\n<\/ul>\n","protected":false},"excerpt":{"rendered":"<h3 data-start=\"279\" data-end=\"348\">Edra Baghdad \u2013 Tavolo di design italiano contemporaneo di Ezri Tarazi<\/h3>\n<p data-start=\"350\" data-end=\"663\">Il tavolo Baghdad di Edra, disegnato da Ezri Tarazi, \u00e8 uno straordinario esempio di design italiano contemporaneo ispirato alla storia e all\u2019architettura. La sua struttura scultorea richiama la mappa della citt\u00e0 di Baghdad, trasformando un tavolo da pranzo funzionale in un\u2019opera d\u2019arte che unisce riferimenti culturali e maestria artigianale moderna. <\/p>\n<p data-start=\"665\" data-end=\"979\">Caratterizzato da una base scenografica e da un piano raffinato, Baghdad non \u00e8 un semplice arredo ma una dichiarazione di design che porta originalit\u00e0, significato ed eleganza negli interni. Perfetto per sale da pranzo, aree meeting e spazi hospitality esclusivi, diventa il vero protagonista dell\u2019ambiente. <\/p>\n<p data-start=\"981\" data-end=\"1287\">Realizzato artigianalmente con grande cura dei dettagli, il tavolo Baghdad \u00e8 disponibile su ordinazione in diverse dimensioni e finiture, offrendo piena possibilit\u00e0 di personalizzazione. Prodotto su richiesta, garantisce esclusivit\u00e0 e unicit\u00e0, incarnando la filosofia Edra che fonde creativit\u00e0, profondit\u00e0 culturale ed eccellenza Made in Italy. <\/p>\n<h3 data-start=\"1289\" data-end=\"1329\">Perch\u00e9 scegliere il tavolo Baghdad di Edra?<\/h3>\n<ul data-start=\"1330\" data-end=\"1587\">\n<li data-start=\"1330\" data-end=\"1366\">\n<p data-start=\"1332\" data-end=\"1366\">Disegnato da Ezri Tarazi per Edra<\/p>\n<\/li>\n<li data-start=\"1367\" data-end=\"1415\">\n<p data-start=\"1369\" data-end=\"1415\">Ispirato alla mappa architettonica di Baghdad<\/p>\n<\/li>\n<li data-start=\"1416\" data-end=\"1467\">\n<p data-start=\"1418\" data-end=\"1467\">Tavolo scultoreo che unisce arte e funzione<\/p>\n<\/li>\n<li data-start=\"1468\" data-end=\"1534\">\n<p data-start=\"1470\" data-end=\"1534\">Ideale per sale da pranzo, meeting e interni esclusivi<\/p>\n<\/li>\n<li data-start=\"1535\" data-end=\"1587\">\n<p data-start=\"1537\" data-end=\"1587\">Disponibile su ordinazione in varie dimensioni e finiture<\/p>\n<\/li>\n<\/ul>\n","protected":false},"featured_media":38161,"template":"","meta":[],"product_brand":[],"product_cat":[538],"product_tag":[541],"brand":[288],"class_list":{"0":"post-38167","1":"product","2":"type-product","3":"status-publish","4":"has-post-thumbnail","6":"product_cat-tavoli-e-tavolini","7":"product_tag-a-catalogo","8":"brand-edra-it","10":"first","11":"instock","12":"shipping-taxable","13":"purchasable","14":"product-type-simple"},"_links":{"self":[{"href":"https:\/\/www.interninow.it\/it\/wp-json\/wp\/v2\/product\/38167","targetHints":{"allow":["GET"]}}],"collection":[{"href":"https:\/\/www.interninow.it\/it\/wp-json\/wp\/v2\/product"}],"about":[{"href":"https:\/\/www.interninow.it\/it\/wp-json\/wp\/v2\/types\/product"}],"version-history":[{"count":0,"href":"https:\/\/www.interninow.it\/it\/wp-json\/wp\/v2\/product\/38167\/revisions"}],"wp:featuredmedia":[{"embeddable":true,"href":"https:\/\/www.interninow.it\/it\/wp-json\/wp\/v2\/media\/38161"}],"wp:attachment":[{"href":"https:\/\/www.interninow.it\/it\/wp-json\/wp\/v2\/media?parent=38167"}],"wp:term":[{"taxonomy":"product_brand","embeddable":true,"href":"https:\/\/www.interninow.it\/it\/wp-json\/wp\/v2\/product_brand?post=38167"},{"taxonomy":"product_cat","embeddable":true,"href":"https:\/\/www.interninow.it\/it\/wp-json\/wp\/v2\/product_cat?post=38167"},{"taxonomy":"product_tag","embeddable":true,"href":"https:\/\/www.interninow.it\/it\/wp-json\/wp\/v2\/product_tag?post=38167"},{"taxonomy":"brand","embeddable":true,"href":"https:\/\/www.interninow.it\/it\/wp-json\/wp\/v2\/brand?post=38167"}],"curies":[{"name":"wp","href":"https:\/\/api.w.org\/{rel}","templated":true}]}}