{"id":38158,"date":"2025-09-25T12:13:21","date_gmt":"2025-09-25T10:13:21","guid":{"rendered":"https:\/\/www.interninow.it\/shop\/senza-categoria\/milano\/"},"modified":"2025-09-25T12:16:19","modified_gmt":"2025-09-25T10:16:19","slug":"milano","status":"publish","type":"product","link":"https:\/\/www.interninow.it\/it\/negozio\/sedie\/milano\/","title":{"rendered":"Milano"},"content":{"rendered":"<h3 data-start=\"314\" data-end=\"385\">Edra Milano \u2013 Sedia di design italiano contemporaneo di Jacopo Foggini<\/h3>\n<p data-start=\"387\" data-end=\"707\">La sedia Milano di Edra, disegnata da Jacopo Foggini, \u00e8 uno straordinario esempio di design italiano contemporaneo che unisce leggerezza, trasparenza ed eleganza scultorea. Realizzata artigianalmente in policarbonato, riflette la luce con giochi di brillantezza unici, trasformando una semplice seduta in un elemento decorativo luminoso. <\/p>\n<p data-start=\"709\" data-end=\"1075\">La forma organica e fluida rende ogni sedia Milano diversa dall\u2019altra, espressione della filosofia Edra che fonde ricerca artistica e lavorazione artigianale. Versatile e raffinata, \u00e8 ideale per sale da pranzo, lounge, uffici o spazi hospitality esclusivi. Funzionale e decorativa allo stesso tempo, arricchisce gli interni con originalit\u00e0 e lo stile senza tempo del Made in Italy.  <\/p>\n<p data-start=\"1077\" data-end=\"1314\">Disponibile su ordinazione in un\u2019ampia gamma di colori e finiture, la sedia Milano viene prodotta su richiesta per garantire esclusivit\u00e0 e possibilit\u00e0 di personalizzazione. Pi\u00f9 che una seduta, \u00e8 una dichiarazione di design ammirata a livello internazionale come autentica icona Made in Italy. <\/p>\n<h3 data-start=\"1316\" data-end=\"1355\">Perch\u00e9 scegliere la sedia Milano di Edra?<\/h3>\n<ul data-start=\"1356\" data-end=\"1603\">\n<li data-start=\"1356\" data-end=\"1395\">\n<p data-start=\"1358\" data-end=\"1395\">Disegnata da Jacopo Foggini per Edra<\/p>\n<\/li>\n<li data-start=\"1396\" data-end=\"1451\">\n<p data-start=\"1398\" data-end=\"1451\">Realizzata artigianalmente in policarbonato con effetti luminosi<\/p>\n<\/li>\n<li data-start=\"1452\" data-end=\"1499\">\n<p data-start=\"1454\" data-end=\"1499\">Ogni sedia \u00e8 unica per forma e carattere<\/p>\n<\/li>\n<li data-start=\"1500\" data-end=\"1562\">\n<p data-start=\"1502\" data-end=\"1562\">Ideale per sale da pranzo, lounge e interni esclusivi<\/p>\n<\/li>\n<li data-start=\"1563\" data-end=\"1603\">\n<p data-start=\"1565\" data-end=\"1603\">Icona senza tempo del design Made in Italy<\/p>\n<\/li>\n<\/ul>\n","protected":false},"excerpt":{"rendered":"<h3 data-start=\"314\" data-end=\"385\">Edra Milano \u2013 Sedia di design italiano contemporaneo di Jacopo Foggini<\/h3>\n<p data-start=\"387\" data-end=\"707\">La sedia Milano di Edra, disegnata da Jacopo Foggini, \u00e8 uno straordinario esempio di design italiano contemporaneo che unisce leggerezza, trasparenza ed eleganza scultorea. Realizzata artigianalmente in policarbonato, riflette la luce con giochi di brillantezza unici, trasformando una semplice seduta in un elemento decorativo luminoso. <\/p>\n<p data-start=\"709\" data-end=\"1075\">La forma organica e fluida rende ogni sedia Milano diversa dall\u2019altra, espressione della filosofia Edra che fonde ricerca artistica e lavorazione artigianale. Versatile e raffinata, \u00e8 ideale per sale da pranzo, lounge, uffici o spazi hospitality esclusivi. Funzionale e decorativa allo stesso tempo, arricchisce gli interni con originalit\u00e0 e lo stile senza tempo del Made in Italy.  <\/p>\n<p data-start=\"1077\" data-end=\"1314\">Disponibile su ordinazione in un\u2019ampia gamma di colori e finiture, la sedia Milano viene prodotta su richiesta per garantire esclusivit\u00e0 e possibilit\u00e0 di personalizzazione. Pi\u00f9 che una seduta, \u00e8 una dichiarazione di design ammirata a livello internazionale come autentica icona Made in Italy. <\/p>\n<h3 data-start=\"1316\" data-end=\"1355\">Perch\u00e9 scegliere la sedia Milano di Edra?<\/h3>\n<ul data-start=\"1356\" data-end=\"1603\">\n<li data-start=\"1356\" data-end=\"1395\">\n<p data-start=\"1358\" data-end=\"1395\">Disegnata da Jacopo Foggini per Edra<\/p>\n<\/li>\n<li data-start=\"1396\" data-end=\"1451\">\n<p data-start=\"1398\" data-end=\"1451\">Realizzata artigianalmente in policarbonato con effetti luminosi<\/p>\n<\/li>\n<li data-start=\"1452\" data-end=\"1499\">\n<p data-start=\"1454\" data-end=\"1499\">Ogni sedia \u00e8 unica per forma e carattere<\/p>\n<\/li>\n<li data-start=\"1500\" data-end=\"1562\">\n<p data-start=\"1502\" data-end=\"1562\">Ideale per sale da pranzo, lounge e interni esclusivi<\/p>\n<\/li>\n<li data-start=\"1563\" data-end=\"1603\">\n<p data-start=\"1565\" data-end=\"1603\">Icona senza tempo del design Made in Italy<\/p>\n<\/li>\n<\/ul>\n","protected":false},"featured_media":38149,"template":"","meta":[],"product_brand":[],"product_cat":[542],"product_tag":[541],"brand":[288],"class_list":{"0":"post-38158","1":"product","2":"type-product","3":"status-publish","4":"has-post-thumbnail","6":"product_cat-sedie","7":"product_tag-a-catalogo","8":"brand-edra-it","10":"first","11":"instock","12":"shipping-taxable","13":"purchasable","14":"product-type-simple"},"_links":{"self":[{"href":"https:\/\/www.interninow.it\/it\/wp-json\/wp\/v2\/product\/38158","targetHints":{"allow":["GET"]}}],"collection":[{"href":"https:\/\/www.interninow.it\/it\/wp-json\/wp\/v2\/product"}],"about":[{"href":"https:\/\/www.interninow.it\/it\/wp-json\/wp\/v2\/types\/product"}],"version-history":[{"count":0,"href":"https:\/\/www.interninow.it\/it\/wp-json\/wp\/v2\/product\/38158\/revisions"}],"wp:featuredmedia":[{"embeddable":true,"href":"https:\/\/www.interninow.it\/it\/wp-json\/wp\/v2\/media\/38149"}],"wp:attachment":[{"href":"https:\/\/www.interninow.it\/it\/wp-json\/wp\/v2\/media?parent=38158"}],"wp:term":[{"taxonomy":"product_brand","embeddable":true,"href":"https:\/\/www.interninow.it\/it\/wp-json\/wp\/v2\/product_brand?post=38158"},{"taxonomy":"product_cat","embeddable":true,"href":"https:\/\/www.interninow.it\/it\/wp-json\/wp\/v2\/product_cat?post=38158"},{"taxonomy":"product_tag","embeddable":true,"href":"https:\/\/www.interninow.it\/it\/wp-json\/wp\/v2\/product_tag?post=38158"},{"taxonomy":"brand","embeddable":true,"href":"https:\/\/www.interninow.it\/it\/wp-json\/wp\/v2\/brand?post=38158"}],"curies":[{"name":"wp","href":"https:\/\/api.w.org\/{rel}","templated":true}]}}