{"id":38145,"date":"2025-09-25T11:53:55","date_gmt":"2025-09-25T09:53:55","guid":{"rendered":"https:\/\/www.interninow.it\/shop\/senza-categoria\/gina\/"},"modified":"2025-09-25T11:58:51","modified_gmt":"2025-09-25T09:58:51","slug":"gina","status":"publish","type":"product","link":"https:\/\/www.interninow.it\/it\/negozio\/sedie\/gina\/","title":{"rendered":"Gina"},"content":{"rendered":"<h3 data-start=\"214\" data-end=\"283\">Edra Gina \u2013 Sedia di design italiano contemporaneo di Jacopo Foggini<\/h3>\n<p data-start=\"285\" data-end=\"569\">La sedia Gina di Edra, disegnata da Jacopo Foggini, \u00e8 un raffinato esempio di design italiano contemporaneo. Realizzata artigianalmente in policarbonato, si distingue per trasparenza, riflessi luminosi ed eleganza scultorea, diventando una presenza decorativa oltre che una seduta funzionale. <\/p>\n<p data-start=\"571\" data-end=\"849\">La sua forma organica e fluida rende ogni pezzo unico, espressione di un processo artigianale e della filosofia Edra che unisce creativit\u00e0, artigianalit\u00e0 e innovazione. Gina \u00e8 leggera ma resistente, capace di offrire comfort e al tempo stesso arricchire gli interni con personalit\u00e0 e originalit\u00e0. <\/p>\n<p data-start=\"851\" data-end=\"1202\">Perfetta per sale da pranzo, lounge e spazi hospitality esclusivi, la sedia Gina si inserisce con naturalezza in ambienti moderni e raffinati. Disponibile su ordinazione in diversi colori e finiture, viene prodotta su richiesta per garantire esclusivit\u00e0 e possibilit\u00e0 di personalizzazione. Pi\u00f9 che una semplice sedia, Gina \u00e8 una dichiarazione di design ammirata a livello internazionale come autentica icona Made in Italy.  <\/p>\n<h3 data-start=\"1204\" data-end=\"1241\">Perch\u00e9 scegliere la sedia Gina di Edra?<\/h3>\n<ul data-start=\"1242\" data-end=\"1486\">\n<li data-start=\"1242\" data-end=\"1281\">\n<p data-start=\"1244\" data-end=\"1281\">Disegnata da Jacopo Foggini per Edra<\/p>\n<\/li>\n<li data-start=\"1282\" data-end=\"1345\">\n<p data-start=\"1284\" data-end=\"1345\">Realizzata artigianalmente in policarbonato con effetti luminosi<\/p>\n<\/li>\n<li data-start=\"1346\" data-end=\"1384\">\n<p data-start=\"1348\" data-end=\"1384\">Ogni pezzo \u00e8 unico e artigianale<\/p>\n<\/li>\n<li data-start=\"1385\" data-end=\"1445\">\n<p data-start=\"1387\" data-end=\"1445\">Ideale per sale da pranzo, lounge e interni raffinati<\/p>\n<\/li>\n<li data-start=\"1446\" data-end=\"1486\">\n<p data-start=\"1448\" data-end=\"1486\">Icona senza tempo del design Made in Italy<\/p>\n<\/li>\n<\/ul>\n","protected":false},"excerpt":{"rendered":"<h3 data-start=\"214\" data-end=\"283\">Edra Gina \u2013 Sedia di design italiano contemporaneo di Jacopo Foggini<\/h3>\n<p data-start=\"285\" data-end=\"569\">La sedia Gina di Edra, disegnata da Jacopo Foggini, \u00e8 un raffinato esempio di design italiano contemporaneo. Realizzata artigianalmente in policarbonato, si distingue per trasparenza, riflessi luminosi ed eleganza scultorea, diventando una presenza decorativa oltre che una seduta funzionale. <\/p>\n<p data-start=\"571\" data-end=\"849\">La sua forma organica e fluida rende ogni pezzo unico, espressione di un processo artigianale e della filosofia Edra che unisce creativit\u00e0, artigianalit\u00e0 e innovazione. Gina \u00e8 leggera ma resistente, capace di offrire comfort e al tempo stesso arricchire gli interni con personalit\u00e0 e originalit\u00e0. <\/p>\n<p data-start=\"851\" data-end=\"1202\">Perfetta per sale da pranzo, lounge e spazi hospitality esclusivi, la sedia Gina si inserisce con naturalezza in ambienti moderni e raffinati. Disponibile su ordinazione in diversi colori e finiture, viene prodotta su richiesta per garantire esclusivit\u00e0 e possibilit\u00e0 di personalizzazione. Pi\u00f9 che una semplice sedia, Gina \u00e8 una dichiarazione di design ammirata a livello internazionale come autentica icona Made in Italy.  <\/p>\n<h3 data-start=\"1204\" data-end=\"1241\">Perch\u00e9 scegliere la sedia Gina di Edra?<\/h3>\n<ul data-start=\"1242\" data-end=\"1486\">\n<li data-start=\"1242\" data-end=\"1281\">\n<p data-start=\"1244\" data-end=\"1281\">Disegnata da Jacopo Foggini per Edra<\/p>\n<\/li>\n<li data-start=\"1282\" data-end=\"1345\">\n<p data-start=\"1284\" data-end=\"1345\">Disegnata da Jacopo Foggini per Edra<\/p>\n<\/li>\n<li data-start=\"1346\" data-end=\"1384\">\n<p data-start=\"1348\" data-end=\"1384\">Ogni pezzo \u00e8 unico e artigianale<\/p>\n<\/li>\n<li data-start=\"1385\" data-end=\"1445\">\n<p data-start=\"1387\" data-end=\"1445\">Ideale per sale da pranzo, lounge e interni raffinati<\/p>\n<\/li>\n<li data-start=\"1446\" data-end=\"1486\">\n<p data-start=\"1448\" data-end=\"1486\">Icona senza tempo del design Made in Italy<\/p>\n<\/li>\n<\/ul>\n","protected":false},"featured_media":38133,"template":"","meta":[],"product_brand":[],"product_cat":[542],"product_tag":[541],"brand":[288],"class_list":{"0":"post-38145","1":"product","2":"type-product","3":"status-publish","4":"has-post-thumbnail","6":"product_cat-sedie","7":"product_tag-a-catalogo","8":"brand-edra-it","10":"first","11":"instock","12":"shipping-taxable","13":"purchasable","14":"product-type-simple"},"_links":{"self":[{"href":"https:\/\/www.interninow.it\/it\/wp-json\/wp\/v2\/product\/38145","targetHints":{"allow":["GET"]}}],"collection":[{"href":"https:\/\/www.interninow.it\/it\/wp-json\/wp\/v2\/product"}],"about":[{"href":"https:\/\/www.interninow.it\/it\/wp-json\/wp\/v2\/types\/product"}],"version-history":[{"count":0,"href":"https:\/\/www.interninow.it\/it\/wp-json\/wp\/v2\/product\/38145\/revisions"}],"wp:featuredmedia":[{"embeddable":true,"href":"https:\/\/www.interninow.it\/it\/wp-json\/wp\/v2\/media\/38133"}],"wp:attachment":[{"href":"https:\/\/www.interninow.it\/it\/wp-json\/wp\/v2\/media?parent=38145"}],"wp:term":[{"taxonomy":"product_brand","embeddable":true,"href":"https:\/\/www.interninow.it\/it\/wp-json\/wp\/v2\/product_brand?post=38145"},{"taxonomy":"product_cat","embeddable":true,"href":"https:\/\/www.interninow.it\/it\/wp-json\/wp\/v2\/product_cat?post=38145"},{"taxonomy":"product_tag","embeddable":true,"href":"https:\/\/www.interninow.it\/it\/wp-json\/wp\/v2\/product_tag?post=38145"},{"taxonomy":"brand","embeddable":true,"href":"https:\/\/www.interninow.it\/it\/wp-json\/wp\/v2\/brand?post=38145"}],"curies":[{"name":"wp","href":"https:\/\/api.w.org\/{rel}","templated":true}]}}