{"id":38108,"date":"2025-09-25T11:07:21","date_gmt":"2025-09-25T09:07:21","guid":{"rendered":"https:\/\/www.interninow.it\/shop\/senza-categoria\/blue-velvet\/"},"modified":"2025-09-25T11:11:45","modified_gmt":"2025-09-25T09:11:45","slug":"blue-velvet","status":"publish","type":"product","link":"https:\/\/www.interninow.it\/it\/negozio\/sedie\/blue-velvet\/","title":{"rendered":"Blue Velvet"},"content":{"rendered":"<h3 data-start=\"354\" data-end=\"412\">Edra Blue Velvet \u2013 Sedia di design italiano contemporaneo<\/h3>\n<p data-start=\"414\" data-end=\"706\">La sedia Blue Velvet di Edra \u00e8 una raffinata espressione del design italiano contemporaneo, pensata per unire eleganza, comfort e presenza scultorea. Con la sua silhouette decisa e il rivestimento in velluto pregiato, si distingue come seduta funzionale e al tempo stesso elemento decorativo per interni esclusivi. <\/p>\n<p data-start=\"708\" data-end=\"1071\">Blue Velvet \u00e8 progettata per arricchire soggiorni, lounge, sale da pranzo o spazi hospitality raffinati. Le proporzioni garantiscono comfort, mentre la lavorazione artigianale riflette la filosofia Edra che unisce innovazione, creativit\u00e0 ed eleganza senza tempo. Pi\u00f9 che una semplice sedia, diventa una dichiarazione di design, ammirata per originalit\u00e0 e carattere distintivo.  <\/p>\n<p data-start=\"1073\" data-end=\"1337\">Disponibile su ordinazione in diversi tessuti, colori e finiture, la sedia Blue Velvet viene prodotta su richiesta, garantendo esclusivit\u00e0 e possibilit\u00e0 di personalizzazione per ogni progetto. \u00c8 una vera icona Made in Italy, che unisce eccellenza artigianale e identit\u00e0 estetica unica. <\/p>\n<h3 data-start=\"1339\" data-end=\"1383\">Perch\u00e9 scegliere la sedia Blue Velvet di Edra?<\/h3>\n<ul data-start=\"1384\" data-end=\"1640\">\n<li data-start=\"1384\" data-end=\"1429\">\n<p data-start=\"1386\" data-end=\"1429\">Sedia iconica dal design deciso ed elegante<\/p>\n<\/li>\n<li data-start=\"1430\" data-end=\"1482\">\n<p data-start=\"1432\" data-end=\"1482\">Rivestimento in velluto pregiato dal fascino senza tempo<\/p>\n<\/li>\n<li data-start=\"1483\" data-end=\"1528\">\n<p data-start=\"1485\" data-end=\"1528\">Proporzioni confortevoli per diversi ambienti<\/p>\n<\/li>\n<li data-start=\"1529\" data-end=\"1584\">\n<p data-start=\"1531\" data-end=\"1584\">Disponibile su ordinazione in tessuti, colori e finiture<\/p>\n<\/li>\n<li data-start=\"1585\" data-end=\"1640\">\n<p data-start=\"1587\" data-end=\"1640\">Icona del design Made in Italy per interni esclusivi<\/p>\n<\/li>\n<\/ul>\n","protected":false},"excerpt":{"rendered":"<h3 data-start=\"354\" data-end=\"412\">Edra Blue Velvet \u2013 Sedia di design italiano contemporaneo<\/h3>\n<p data-start=\"414\" data-end=\"706\">La sedia Blue Velvet di Edra \u00e8 una raffinata espressione del design italiano contemporaneo, pensata per unire eleganza, comfort e presenza scultorea. Con la sua silhouette decisa e il rivestimento in velluto pregiato, si distingue come seduta funzionale e al tempo stesso elemento decorativo per interni esclusivi. <\/p>\n<p data-start=\"708\" data-end=\"1071\">Blue Velvet \u00e8 progettata per arricchire soggiorni, lounge, sale da pranzo o spazi hospitality raffinati. Le proporzioni garantiscono comfort, mentre la lavorazione artigianale riflette la filosofia Edra che unisce innovazione, creativit\u00e0 ed eleganza senza tempo. Pi\u00f9 che una semplice sedia, diventa una dichiarazione di design, ammirata per originalit\u00e0 e carattere distintivo.  <\/p>\n<p data-start=\"1073\" data-end=\"1337\">Disponibile su ordinazione in diversi tessuti, colori e finiture, la sedia Blue Velvet viene prodotta su richiesta, garantendo esclusivit\u00e0 e possibilit\u00e0 di personalizzazione per ogni progetto. \u00c8 una vera icona Made in Italy, che unisce eccellenza artigianale e identit\u00e0 estetica unica. <\/p>\n<h3 data-start=\"1339\" data-end=\"1383\">Perch\u00e9 scegliere la sedia Blue Velvet di Edra?<\/h3>\n<ul data-start=\"1384\" data-end=\"1640\">\n<li data-start=\"1384\" data-end=\"1429\">\n<p data-start=\"1386\" data-end=\"1429\">Sedia iconica dal design deciso ed elegante<\/p>\n<\/li>\n<li data-start=\"1430\" data-end=\"1482\">\n<p data-start=\"1432\" data-end=\"1482\">Rivestimento in velluto pregiato dal fascino senza tempo<\/p>\n<\/li>\n<li data-start=\"1483\" data-end=\"1528\">\n<p data-start=\"1485\" data-end=\"1528\">Proporzioni confortevoli per diversi ambienti<\/p>\n<\/li>\n<li data-start=\"1529\" data-end=\"1584\">\n<p data-start=\"1531\" data-end=\"1584\">Disponibile su ordinazione in tessuti, colori e finiture<\/p>\n<\/li>\n<li data-start=\"1585\" data-end=\"1640\">\n<p data-start=\"1587\" data-end=\"1640\">Icona del design Made in Italy per interni esclusivi<\/p>\n<\/li>\n<\/ul>\n","protected":false},"featured_media":38100,"template":"","meta":[],"product_brand":[],"product_cat":[542],"product_tag":[541],"brand":[288],"class_list":{"0":"post-38108","1":"product","2":"type-product","3":"status-publish","4":"has-post-thumbnail","6":"product_cat-sedie","7":"product_tag-a-catalogo","8":"brand-edra-it","10":"first","11":"instock","12":"shipping-taxable","13":"purchasable","14":"product-type-simple"},"_links":{"self":[{"href":"https:\/\/www.interninow.it\/it\/wp-json\/wp\/v2\/product\/38108","targetHints":{"allow":["GET"]}}],"collection":[{"href":"https:\/\/www.interninow.it\/it\/wp-json\/wp\/v2\/product"}],"about":[{"href":"https:\/\/www.interninow.it\/it\/wp-json\/wp\/v2\/types\/product"}],"version-history":[{"count":0,"href":"https:\/\/www.interninow.it\/it\/wp-json\/wp\/v2\/product\/38108\/revisions"}],"wp:featuredmedia":[{"embeddable":true,"href":"https:\/\/www.interninow.it\/it\/wp-json\/wp\/v2\/media\/38100"}],"wp:attachment":[{"href":"https:\/\/www.interninow.it\/it\/wp-json\/wp\/v2\/media?parent=38108"}],"wp:term":[{"taxonomy":"product_brand","embeddable":true,"href":"https:\/\/www.interninow.it\/it\/wp-json\/wp\/v2\/product_brand?post=38108"},{"taxonomy":"product_cat","embeddable":true,"href":"https:\/\/www.interninow.it\/it\/wp-json\/wp\/v2\/product_cat?post=38108"},{"taxonomy":"product_tag","embeddable":true,"href":"https:\/\/www.interninow.it\/it\/wp-json\/wp\/v2\/product_tag?post=38108"},{"taxonomy":"brand","embeddable":true,"href":"https:\/\/www.interninow.it\/it\/wp-json\/wp\/v2\/brand?post=38108"}],"curies":[{"name":"wp","href":"https:\/\/api.w.org\/{rel}","templated":true}]}}