{"id":38062,"date":"2025-09-24T15:08:00","date_gmt":"2025-09-24T13:08:00","guid":{"rendered":"https:\/\/www.interninow.it\/shop\/senza-categoria\/sherazade\/"},"modified":"2025-09-24T15:11:03","modified_gmt":"2025-09-24T13:11:03","slug":"sherazade","status":"publish","type":"product","link":"https:\/\/www.interninow.it\/it\/negozio\/sofa\/sherazade\/","title":{"rendered":"Sherazade"},"content":{"rendered":"<h3 data-start=\"274\" data-end=\"329\">Edra Sherazade \u2013 Divano di design italiano contemporaneo<\/h3>\n<p data-start=\"331\" data-end=\"681\">Il divano Sherazade di Edra \u00e8 una delle creazioni pi\u00f9 distintive del design italiano contemporaneo, concepito per portare eleganza, comfort e una forte presenza scenica negli interni. Ispirato alle atmosfere orientali e all\u2019idea di uno spazio accogliente per la conversazione e il relax, Sherazade unisce proporzioni generose a una struttura avvolgente. <\/p>\n<p data-start=\"683\" data-end=\"974\">I grandi cuscini morbidi e lo schienale scultoreo creano un senso unico di intimit\u00e0, rendendolo ideale per soggiorni, lounge e ambienti esclusivi. Pi\u00f9 che una seduta, \u00e8 un vero paesaggio di comfort, pensato per favorire la convivialit\u00e0 offrendo al tempo stesso la qualit\u00e0 superiore che caratterizza Edra. <\/p>\n<p data-start=\"976\" data-end=\"1295\">Sherazade \u00e8 disponibile su ordinazione in un\u2019ampia gamma di tessuti, pelli e colori. Non \u00e8 in pronta consegna, ma viene prodotto su richiesta per garantire esclusivit\u00e0 e possibilit\u00e0 di personalizzazione per ogni progetto. Ammirato in tutto il mondo, rappresenta la filosofia Edra che unisce artigianalit\u00e0, innovazione e bellezza senza tempo.  <\/p>\n<h3 data-start=\"1297\" data-end=\"1338\">Perch\u00e9 scegliere il divano Sherazade di Edra?<\/h3>\n<ul data-start=\"1339\" data-end=\"1582\">\n<li data-start=\"1339\" data-end=\"1382\">\n<p data-start=\"1341\" data-end=\"1382\">Divano iconico dalle proporzioni avvolgenti<\/p>\n<\/li>\n<li data-start=\"1383\" data-end=\"1440\">\n<p data-start=\"1385\" data-end=\"1440\">Ispirato alle atmosfere orientali e alla convivialit\u00e0<\/p>\n<\/li>\n<li data-start=\"1441\" data-end=\"1485\">\n<p data-start=\"1443\" data-end=\"1485\">Ampi cuscini morbidi per un comfort superiore<\/p>\n<\/li>\n<li data-start=\"1486\" data-end=\"1541\">\n<p data-start=\"1488\" data-end=\"1541\">Disponibile su ordinazione in tessuti, pelli e colori<\/p>\n<\/li>\n<li data-start=\"1542\" data-end=\"1582\">\n<p data-start=\"1544\" data-end=\"1582\">Icona senza tempo del design Made in Italy<\/p>\n<\/li>\n<\/ul>\n","protected":false},"excerpt":{"rendered":"<h3 data-start=\"274\" data-end=\"329\">Edra Sherazade \u2013 Divano di design italiano contemporaneo<\/h3>\n<p data-start=\"331\" data-end=\"681\">Il divano Sherazade di Edra \u00e8 una delle creazioni pi\u00f9 distintive del design italiano contemporaneo, concepito per portare eleganza, comfort e una forte presenza scenica negli interni. Ispirato alle atmosfere orientali e all\u2019idea di uno spazio accogliente per la conversazione e il relax, Sherazade unisce proporzioni generose a una struttura avvolgente. <\/p>\n<p data-start=\"683\" data-end=\"974\">I grandi cuscini morbidi e lo schienale scultoreo creano un senso unico di intimit\u00e0, rendendolo ideale per soggiorni, lounge e ambienti esclusivi. Pi\u00f9 che una seduta, \u00e8 un vero paesaggio di comfort, pensato per favorire la convivialit\u00e0 offrendo al tempo stesso la qualit\u00e0 superiore che caratterizza Edra. <\/p>\n<p data-start=\"976\" data-end=\"1295\">Sherazade \u00e8 disponibile su ordinazione in un\u2019ampia gamma di tessuti, pelli e colori. Non \u00e8 in pronta consegna, ma viene prodotto su richiesta per garantire esclusivit\u00e0 e possibilit\u00e0 di personalizzazione per ogni progetto. Ammirato in tutto il mondo, rappresenta la filosofia Edra che unisce artigianalit\u00e0, innovazione e bellezza senza tempo.  <\/p>\n<h3 data-start=\"1297\" data-end=\"1338\">Perch\u00e9 scegliere il divano Sherazade di Edra?<\/h3>\n<ul data-start=\"1339\" data-end=\"1582\">\n<li data-start=\"1339\" data-end=\"1382\">\n<p data-start=\"1341\" data-end=\"1382\">Divano iconico dalle proporzioni avvolgenti<\/p>\n<\/li>\n<li data-start=\"1383\" data-end=\"1440\">\n<p data-start=\"1385\" data-end=\"1440\">Ispirato alle atmosfere orientali e alla convivialit\u00e0<\/p>\n<\/li>\n<li data-start=\"1441\" data-end=\"1485\">\n<p data-start=\"1443\" data-end=\"1485\">Ampi cuscini morbidi per un comfort superiore<\/p>\n<\/li>\n<li data-start=\"1486\" data-end=\"1541\">\n<p data-start=\"1488\" data-end=\"1541\">Disponibile su ordinazione in tessuti, pelli e colori<\/p>\n<\/li>\n<li data-start=\"1542\" data-end=\"1582\">\n<p data-start=\"1544\" data-end=\"1582\">Icona senza tempo del design Made in Italy<\/p>\n<\/li>\n<\/ul>\n","protected":false},"featured_media":38055,"template":"","meta":[],"product_brand":[],"product_cat":[545],"product_tag":[541],"brand":[288],"class_list":{"0":"post-38062","1":"product","2":"type-product","3":"status-publish","4":"has-post-thumbnail","6":"product_cat-sofa","7":"product_tag-a-catalogo","8":"brand-edra-it","10":"first","11":"instock","12":"shipping-taxable","13":"purchasable","14":"product-type-simple"},"_links":{"self":[{"href":"https:\/\/www.interninow.it\/it\/wp-json\/wp\/v2\/product\/38062","targetHints":{"allow":["GET"]}}],"collection":[{"href":"https:\/\/www.interninow.it\/it\/wp-json\/wp\/v2\/product"}],"about":[{"href":"https:\/\/www.interninow.it\/it\/wp-json\/wp\/v2\/types\/product"}],"version-history":[{"count":0,"href":"https:\/\/www.interninow.it\/it\/wp-json\/wp\/v2\/product\/38062\/revisions"}],"wp:featuredmedia":[{"embeddable":true,"href":"https:\/\/www.interninow.it\/it\/wp-json\/wp\/v2\/media\/38055"}],"wp:attachment":[{"href":"https:\/\/www.interninow.it\/it\/wp-json\/wp\/v2\/media?parent=38062"}],"wp:term":[{"taxonomy":"product_brand","embeddable":true,"href":"https:\/\/www.interninow.it\/it\/wp-json\/wp\/v2\/product_brand?post=38062"},{"taxonomy":"product_cat","embeddable":true,"href":"https:\/\/www.interninow.it\/it\/wp-json\/wp\/v2\/product_cat?post=38062"},{"taxonomy":"product_tag","embeddable":true,"href":"https:\/\/www.interninow.it\/it\/wp-json\/wp\/v2\/product_tag?post=38062"},{"taxonomy":"brand","embeddable":true,"href":"https:\/\/www.interninow.it\/it\/wp-json\/wp\/v2\/brand?post=38062"}],"curies":[{"name":"wp","href":"https:\/\/api.w.org\/{rel}","templated":true}]}}