{"id":38034,"date":"2025-09-24T12:37:26","date_gmt":"2025-09-24T10:37:26","guid":{"rendered":"https:\/\/www.interninow.it\/shop\/senza-categoria\/flap\/"},"modified":"2025-09-24T12:40:12","modified_gmt":"2025-09-24T10:40:12","slug":"flap","status":"publish","type":"product","link":"https:\/\/www.interninow.it\/it\/negozio\/sofa\/flap\/","title":{"rendered":"Flap"},"content":{"rendered":"<h3 data-start=\"253\" data-end=\"311\">Edra Flap \u2013 Divano icona del design italiano contemporaneo<\/h3>\n<p data-start=\"313\" data-end=\"610\">Il divano Flap di Edra, disegnato da Francesco Binfar\u00e9, \u00e8 una delle icone pi\u00f9 innovative e riconoscibili del design italiano contemporaneo. Con la sua forma audace e non convenzionale, Flap ridefinisce l\u2019idea stessa di seduta, offrendo molteplici possibilit\u00e0 di relax, creativit\u00e0 e interazione sociale. <\/p>\n<p data-start=\"612\" data-end=\"1001\">Il divano \u00e8 composto da sezioni indipendenti che possono essere regolate come delle ali, permettendo a ciascuno di trovare la propria posizione ideale di comfort. Questa flessibilit\u00e0 trasforma Flap in qualcosa di pi\u00f9 di un semplice divano: diventa una piattaforma dinamica per conversazioni, momenti di relax o convivialit\u00e0. La sua forma scultorea e la presenza scenografica lo rendono un protagonista nei soggiorni moderni e negli interni esclusivi.  <\/p>\n<p data-start=\"1003\" data-end=\"1305\">Disponibile su ordinazione in un\u2019ampia gamma di tessuti, pelli e colori, il divano Flap viene realizzato su richiesta, garantendo personalizzazione ed esclusivit\u00e0. Ammirato a livello internazionale per la sua originalit\u00e0, incarna la filosofia Edra di unire innovazione, artigianalit\u00e0 e funzionalit\u00e0 quotidiana in un unico pezzo. <\/p>\n<h3 data-start=\"1307\" data-end=\"1343\">Perch\u00e9 scegliere il divano Flap di Edra?<\/h3>\n<ul data-start=\"1344\" data-end=\"1604\">\n<li data-start=\"1344\" data-end=\"1386\">\n<p data-start=\"1346\" data-end=\"1386\">Disegnato da Francesco Binfar\u00e9 per Edra<\/p>\n<\/li>\n<li data-start=\"1387\" data-end=\"1447\">\n<p data-start=\"1389\" data-end=\"1447\">Forma iconica e non convenzionale con sezioni regolabili<\/p>\n<\/li>\n<li data-start=\"1448\" data-end=\"1498\">\n<p data-start=\"1450\" data-end=\"1498\">Offre molteplici posizioni di seduta e relax<\/p>\n<\/li>\n<li data-start=\"1499\" data-end=\"1548\">\n<p data-start=\"1501\" data-end=\"1548\">Centro scenografico per interni moderni e di lusso<\/p>\n<\/li>\n<li data-start=\"1549\" data-end=\"1604\">\n<p data-start=\"1551\" data-end=\"1604\">Disponibile su ordinazione in tessuti, pelli e colori<\/p>\n<\/li>\n<\/ul>\n","protected":false},"excerpt":{"rendered":"<h3 data-start=\"253\" data-end=\"311\">Edra Flap \u2013 Divano icona del design italiano contemporaneo<\/h3>\n<p data-start=\"313\" data-end=\"610\">Il divano Flap di Edra, disegnato da Francesco Binfar\u00e9, \u00e8 una delle icone pi\u00f9 innovative e riconoscibili del design italiano contemporaneo. Con la sua forma audace e non convenzionale, Flap ridefinisce l\u2019idea stessa di seduta, offrendo molteplici possibilit\u00e0 di relax, creativit\u00e0 e interazione sociale. <\/p>\n<p data-start=\"612\" data-end=\"1001\">Il divano \u00e8 composto da sezioni indipendenti che possono essere regolate come delle ali, permettendo a ciascuno di trovare la propria posizione ideale di comfort. Questa flessibilit\u00e0 trasforma Flap in qualcosa di pi\u00f9 di un semplice divano: diventa una piattaforma dinamica per conversazioni, momenti di relax o convivialit\u00e0. La sua forma scultorea e la presenza scenografica lo rendono un protagonista nei soggiorni moderni e negli interni esclusivi.  <\/p>\n<p data-start=\"1003\" data-end=\"1305\">Disponibile su ordinazione in un\u2019ampia gamma di tessuti, pelli e colori, il divano Flap viene realizzato su richiesta, garantendo personalizzazione ed esclusivit\u00e0. Ammirato a livello internazionale per la sua originalit\u00e0, incarna la filosofia Edra di unire innovazione, artigianalit\u00e0 e funzionalit\u00e0 quotidiana in un unico pezzo. <\/p>\n<h3 data-start=\"1307\" data-end=\"1343\">Perch\u00e9 scegliere il divano Flap di Edra?<\/h3>\n<ul data-start=\"1344\" data-end=\"1604\">\n<li data-start=\"1344\" data-end=\"1386\">\n<p data-start=\"1346\" data-end=\"1386\">Disegnato da Francesco Binfar\u00e9 per Edra<\/p>\n<\/li>\n<li data-start=\"1387\" data-end=\"1447\">\n<p data-start=\"1389\" data-end=\"1447\">Forma iconica e non convenzionale con sezioni regolabili<\/p>\n<\/li>\n<li data-start=\"1448\" data-end=\"1498\">\n<p data-start=\"1450\" data-end=\"1498\">Offre molteplici posizioni di seduta e relax<\/p>\n<\/li>\n<li data-start=\"1499\" data-end=\"1548\">\n<p data-start=\"1501\" data-end=\"1548\">Centro scenografico per interni moderni e di lusso<\/p>\n<\/li>\n<li data-start=\"1549\" data-end=\"1604\">\n<p data-start=\"1551\" data-end=\"1604\">Disponibile su ordinazione in tessuti, pelli e colori<\/p>\n<\/li>\n<\/ul>\n","protected":false},"featured_media":38020,"template":"","meta":[],"product_brand":[],"product_cat":[545],"product_tag":[541],"brand":[288],"class_list":{"0":"post-38034","1":"product","2":"type-product","3":"status-publish","4":"has-post-thumbnail","6":"product_cat-sofa","7":"product_tag-a-catalogo","8":"brand-edra-it","10":"first","11":"instock","12":"shipping-taxable","13":"purchasable","14":"product-type-simple"},"_links":{"self":[{"href":"https:\/\/www.interninow.it\/it\/wp-json\/wp\/v2\/product\/38034","targetHints":{"allow":["GET"]}}],"collection":[{"href":"https:\/\/www.interninow.it\/it\/wp-json\/wp\/v2\/product"}],"about":[{"href":"https:\/\/www.interninow.it\/it\/wp-json\/wp\/v2\/types\/product"}],"version-history":[{"count":0,"href":"https:\/\/www.interninow.it\/it\/wp-json\/wp\/v2\/product\/38034\/revisions"}],"wp:featuredmedia":[{"embeddable":true,"href":"https:\/\/www.interninow.it\/it\/wp-json\/wp\/v2\/media\/38020"}],"wp:attachment":[{"href":"https:\/\/www.interninow.it\/it\/wp-json\/wp\/v2\/media?parent=38034"}],"wp:term":[{"taxonomy":"product_brand","embeddable":true,"href":"https:\/\/www.interninow.it\/it\/wp-json\/wp\/v2\/product_brand?post=38034"},{"taxonomy":"product_cat","embeddable":true,"href":"https:\/\/www.interninow.it\/it\/wp-json\/wp\/v2\/product_cat?post=38034"},{"taxonomy":"product_tag","embeddable":true,"href":"https:\/\/www.interninow.it\/it\/wp-json\/wp\/v2\/product_tag?post=38034"},{"taxonomy":"brand","embeddable":true,"href":"https:\/\/www.interninow.it\/it\/wp-json\/wp\/v2\/brand?post=38034"}],"curies":[{"name":"wp","href":"https:\/\/api.w.org\/{rel}","templated":true}]}}