{"id":37988,"date":"2025-09-24T12:08:51","date_gmt":"2025-09-24T10:08:51","guid":{"rendered":"https:\/\/www.interninow.it\/shop\/senza-categoria\/cipria\/"},"modified":"2025-09-24T12:11:56","modified_gmt":"2025-09-24T10:11:56","slug":"cipria","status":"publish","type":"product","link":"https:\/\/www.interninow.it\/it\/negozio\/sofa\/cipria\/","title":{"rendered":"Cipria"},"content":{"rendered":"<h3 data-start=\"263\" data-end=\"315\">Edra Cipria \u2013 Divano di design italiano contemporaneo<\/h3>\n<p data-start=\"317\" data-end=\"593\">Il divano Cipria di Edra, disegnato da Fernando e Humberto Campana, \u00e8 una delle creazioni pi\u00f9 iconiche e poetiche del design italiano contemporaneo. Il nome e l\u2019aspetto richiamano una serie di morbidezze simili a piumini da cipria sospesi nello spazio, dando vita a una seduta scultorea e accogliente. <\/p>\n<p data-start=\"595\" data-end=\"953\">Cipria \u00e8 composto da nove cuscini indipendenti, fissati a una struttura metallica invisibile, che offrono comfort e versatilit\u00e0. Rivestito in pelliccia ecologica o in altri tessuti pregiati, ogni elemento \u00e8 soffice e avvolgente, pensato per offrire un\u2019esperienza sensoriale unica. Pi\u00f9 che un divano, Cipria \u00e8 un oggetto iconico che fonde arte, design e comfort quotidiano.  <\/p>\n<p data-start=\"955\" data-end=\"1270\">Disponibile su ordinazione in un\u2019ampia gamma di tessuti, colori e finiture, il divano Cipria non \u00e8 in pronta consegna ma viene prodotto su richiesta, garantendo esclusivit\u00e0 e possibilit\u00e0 di personalizzazione. Ammirato a livello internazionale, incarna la filosofia Edra di artigianalit\u00e0, innovazione e creativit\u00e0, diventando una vera icona Made in Italy. <\/p>\n<h3 data-start=\"1272\" data-end=\"1310\">Perch\u00e9 scegliere il divano Cipria di Edra?<\/h3>\n<ul data-start=\"1311\" data-end=\"1587\">\n<li data-start=\"1311\" data-end=\"1365\">\n<p data-start=\"1313\" data-end=\"1365\">Disegnato da Fernando e Humberto Campana per Edra<\/p>\n<\/li>\n<li data-start=\"1366\" data-end=\"1408\">\n<p data-start=\"1368\" data-end=\"1408\">Design iconico ispirato ai piumini da cipria<\/p>\n<\/li>\n<li data-start=\"1409\" data-end=\"1472\">\n<p data-start=\"1411\" data-end=\"1472\">Composto da cuscini indipendenti su struttura invisibile<\/p>\n<\/li>\n<li data-start=\"1473\" data-end=\"1527\">\n<p data-start=\"1475\" data-end=\"1527\">Rivestito in pelliccia ecologica o tessuti pregiati<\/p>\n<\/li>\n<li data-start=\"1528\" data-end=\"1587\">\n<p data-start=\"1530\" data-end=\"1587\">Personalizzabile in colori e finiture, disponibile su ordinazione<\/p>\n<\/li>\n<\/ul>\n","protected":false},"excerpt":{"rendered":"<h3 data-start=\"263\" data-end=\"315\">Edra Cipria \u2013 Divano di design italiano contemporaneo<\/h3>\n<p data-start=\"317\" data-end=\"593\">Il divano Cipria di Edra, disegnato da Fernando e Humberto Campana, \u00e8 una delle creazioni pi\u00f9 iconiche e poetiche del design italiano contemporaneo. Il nome e l\u2019aspetto richiamano una serie di morbidezze simili a piumini da cipria sospesi nello spazio, dando vita a una seduta scultorea e accogliente. <\/p>\n<p data-start=\"595\" data-end=\"953\">Cipria \u00e8 composto da nove cuscini indipendenti, fissati a una struttura metallica invisibile, che offrono comfort e versatilit\u00e0. Rivestito in pelliccia ecologica o in altri tessuti pregiati, ogni elemento \u00e8 soffice e avvolgente, pensato per offrire un\u2019esperienza sensoriale unica. Pi\u00f9 che un divano, Cipria \u00e8 un oggetto iconico che fonde arte, design e comfort quotidiano.  <\/p>\n<p data-start=\"955\" data-end=\"1270\">Disponibile su ordinazione in un\u2019ampia gamma di tessuti, colori e finiture, il divano Cipria non \u00e8 in pronta consegna ma viene prodotto su richiesta, garantendo esclusivit\u00e0 e possibilit\u00e0 di personalizzazione. Ammirato a livello internazionale, incarna la filosofia Edra di artigianalit\u00e0, innovazione e creativit\u00e0, diventando una vera icona Made in Italy. <\/p>\n<h3 data-start=\"1272\" data-end=\"1310\">Perch\u00e9 scegliere il divano Cipria di Edra?<\/h3>\n<ul data-start=\"1311\" data-end=\"1587\">\n<li data-start=\"1311\" data-end=\"1365\">\n<p data-start=\"1313\" data-end=\"1365\">Disegnato da Fernando e Humberto Campana per Edra<\/p>\n<\/li>\n<li data-start=\"1366\" data-end=\"1408\">\n<p data-start=\"1368\" data-end=\"1408\">Design iconico ispirato ai piumini da cipria<\/p>\n<\/li>\n<li data-start=\"1409\" data-end=\"1472\">\n<p data-start=\"1411\" data-end=\"1472\">Composto da cuscini indipendenti su struttura invisibile<\/p>\n<\/li>\n<li data-start=\"1473\" data-end=\"1527\">\n<p data-start=\"1475\" data-end=\"1527\">Rivestito in pelliccia ecologica o tessuti pregiati<\/p>\n<\/li>\n<li data-start=\"1528\" data-end=\"1587\">\n<p data-start=\"1530\" data-end=\"1587\">Personalizzabile in colori e finiture, disponibile su ordinazione<\/p>\n<\/li>\n<\/ul>\n","protected":false},"featured_media":37979,"template":"","meta":[],"product_brand":[],"product_cat":[545],"product_tag":[541],"brand":[288],"class_list":{"0":"post-37988","1":"product","2":"type-product","3":"status-publish","4":"has-post-thumbnail","6":"product_cat-sofa","7":"product_tag-a-catalogo","8":"brand-edra-it","10":"first","11":"instock","12":"shipping-taxable","13":"purchasable","14":"product-type-simple"},"_links":{"self":[{"href":"https:\/\/www.interninow.it\/it\/wp-json\/wp\/v2\/product\/37988","targetHints":{"allow":["GET"]}}],"collection":[{"href":"https:\/\/www.interninow.it\/it\/wp-json\/wp\/v2\/product"}],"about":[{"href":"https:\/\/www.interninow.it\/it\/wp-json\/wp\/v2\/types\/product"}],"version-history":[{"count":0,"href":"https:\/\/www.interninow.it\/it\/wp-json\/wp\/v2\/product\/37988\/revisions"}],"wp:featuredmedia":[{"embeddable":true,"href":"https:\/\/www.interninow.it\/it\/wp-json\/wp\/v2\/media\/37979"}],"wp:attachment":[{"href":"https:\/\/www.interninow.it\/it\/wp-json\/wp\/v2\/media?parent=37988"}],"wp:term":[{"taxonomy":"product_brand","embeddable":true,"href":"https:\/\/www.interninow.it\/it\/wp-json\/wp\/v2\/product_brand?post=37988"},{"taxonomy":"product_cat","embeddable":true,"href":"https:\/\/www.interninow.it\/it\/wp-json\/wp\/v2\/product_cat?post=37988"},{"taxonomy":"product_tag","embeddable":true,"href":"https:\/\/www.interninow.it\/it\/wp-json\/wp\/v2\/product_tag?post=37988"},{"taxonomy":"brand","embeddable":true,"href":"https:\/\/www.interninow.it\/it\/wp-json\/wp\/v2\/brand?post=37988"}],"curies":[{"name":"wp","href":"https:\/\/api.w.org\/{rel}","templated":true}]}}