{"id":37966,"date":"2025-09-24T11:08:47","date_gmt":"2025-09-24T09:08:47","guid":{"rendered":"https:\/\/www.interninow.it\/shop\/senza-categoria\/standway\/"},"modified":"2025-09-24T11:52:51","modified_gmt":"2025-09-24T09:52:51","slug":"standway","status":"publish","type":"product","link":"https:\/\/www.interninow.it\/it\/negozio\/sofa\/standway\/","title":{"rendered":"Standway"},"content":{"rendered":"<h3 data-start=\"198\" data-end=\"252\">Edra Standway \u2013 Divano di design italiano contemporaneo<\/h3>\n<p data-start=\"254\" data-end=\"577\">Il divano Standway di Edra \u00e8 una delle espressioni pi\u00f9 innovative del design italiano contemporaneo, pensato per unire versatilit\u00e0, comfort ed eleganza. Con le sue proporzioni generose e la natura modulare, si adatta con naturalezza a diversi ambienti, dai soggiorni moderni agli spazi di lusso, offrendo sempre una presenza scenografica di grande impatto. <\/p>\n<p data-start=\"579\" data-end=\"940\">Standway si distingue per gli elementi regolabili e la struttura flessibile, che consentono diverse posizioni e configurazioni di seduta. Progettato per garantire comfort ed effetto visivo, trasforma la zona living in un ambiente accogliente e sofisticato. Il suo design scultoreo riflette la filosofia Edra, che fonde innovazione, artigianalit\u00e0 e ricerca artistica.  <\/p>\n<p data-start=\"942\" data-end=\"1248\">Disponibile su ordinazione in un\u2019ampia gamma di tessuti, pelli e colori, il divano Standway non \u00e8 in pronta consegna ma viene realizzato su richiesta, assicurando personalizzazione ed esclusivit\u00e0. Pi\u00f9 che una semplice seduta, \u00e8 una dichiarazione di design che arricchisce gli interni con originalit\u00e0 e con l\u2019inconfondibile qualit\u00e0 del Made in Italy. <\/p>\n<h3 data-start=\"1250\" data-end=\"1290\">Perch\u00e9 scegliere il divano Standway di Edra?<\/h3>\n<ul data-start=\"1291\" data-end=\"1557\">\n<li data-start=\"1291\" data-end=\"1337\">\n<p data-start=\"1293\" data-end=\"1337\">Divano modulare con configurazioni versatili<\/p>\n<\/li>\n<li data-start=\"1338\" data-end=\"1395\">\n<p data-start=\"1340\" data-end=\"1395\">Elementi regolabili e flessibili per un comfort superiore<\/p>\n<\/li>\n<li data-start=\"1396\" data-end=\"1450\">\n<p data-start=\"1398\" data-end=\"1450\">Design scultoreo distintivo per interni di lusso<\/p>\n<\/li>\n<li data-start=\"1451\" data-end=\"1506\">\n<p data-start=\"1453\" data-end=\"1506\">Disponibile su ordinazione in tessuti, pelli e colori<\/p>\n<\/li>\n<li data-start=\"1507\" data-end=\"1557\">\n<p data-start=\"1509\" data-end=\"1557\">Icona senza tempo dell\u2019artigianalit\u00e0 Made in Italy<\/p>\n<\/li>\n<\/ul>\n","protected":false},"excerpt":{"rendered":"<h3 data-start=\"198\" data-end=\"252\">Edra Standway \u2013 Divano di design italiano contemporaneo<\/h3>\n<p data-start=\"254\" data-end=\"577\">Il divano Standway di Edra \u00e8 una delle espressioni pi\u00f9 innovative del design italiano contemporaneo, pensato per unire versatilit\u00e0, comfort ed eleganza. Con le sue proporzioni generose e la natura modulare, si adatta con naturalezza a diversi ambienti, dai soggiorni moderni agli spazi di lusso, offrendo sempre una presenza scenografica di grande impatto. <\/p>\n<p data-start=\"579\" data-end=\"940\">Standway si distingue per gli elementi regolabili e la struttura flessibile, che consentono diverse posizioni e configurazioni di seduta. Progettato per garantire comfort ed effetto visivo, trasforma la zona living in un ambiente accogliente e sofisticato. Il suo design scultoreo riflette la filosofia Edra, che fonde innovazione, artigianalit\u00e0 e ricerca artistica.  <\/p>\n<p data-start=\"942\" data-end=\"1248\">Disponibile su ordinazione in un\u2019ampia gamma di tessuti, pelli e colori, il divano Standway non \u00e8 in pronta consegna ma viene realizzato su richiesta, assicurando personalizzazione ed esclusivit\u00e0. Pi\u00f9 che una semplice seduta, \u00e8 una dichiarazione di design che arricchisce gli interni con originalit\u00e0 e con l\u2019inconfondibile qualit\u00e0 del Made in Italy. <\/p>\n<h3 data-start=\"1250\" data-end=\"1290\">Perch\u00e9 scegliere il divano Standway di Edra?<\/h3>\n<ul data-start=\"1291\" data-end=\"1557\">\n<li data-start=\"1291\" data-end=\"1337\">\n<p data-start=\"1293\" data-end=\"1337\">Divano modulare con configurazioni versatili<\/p>\n<\/li>\n<li data-start=\"1338\" data-end=\"1395\">\n<p data-start=\"1340\" data-end=\"1395\">Elementi regolabili e flessibili per un comfort superiore<\/p>\n<\/li>\n<li data-start=\"1396\" data-end=\"1450\">\n<p data-start=\"1398\" data-end=\"1450\">Design scultoreo distintivo per interni di lusso<\/p>\n<\/li>\n<li data-start=\"1451\" data-end=\"1506\">\n<p data-start=\"1453\" data-end=\"1506\">Disponibile su ordinazione in tessuti, pelli e colori<\/p>\n<\/li>\n<li data-start=\"1507\" data-end=\"1557\">\n<p data-start=\"1509\" data-end=\"1557\">Icona senza tempo dell\u2019artigianalit\u00e0 Made in Italy<\/p>\n<\/li>\n<\/ul>\n","protected":false},"featured_media":37936,"template":"","meta":[],"product_brand":[],"product_cat":[545],"product_tag":[541],"brand":[288],"class_list":{"0":"post-37966","1":"product","2":"type-product","3":"status-publish","4":"has-post-thumbnail","6":"product_cat-sofa","7":"product_tag-a-catalogo","8":"brand-edra-it","10":"first","11":"instock","12":"shipping-taxable","13":"purchasable","14":"product-type-simple"},"_links":{"self":[{"href":"https:\/\/www.interninow.it\/it\/wp-json\/wp\/v2\/product\/37966","targetHints":{"allow":["GET"]}}],"collection":[{"href":"https:\/\/www.interninow.it\/it\/wp-json\/wp\/v2\/product"}],"about":[{"href":"https:\/\/www.interninow.it\/it\/wp-json\/wp\/v2\/types\/product"}],"version-history":[{"count":0,"href":"https:\/\/www.interninow.it\/it\/wp-json\/wp\/v2\/product\/37966\/revisions"}],"wp:featuredmedia":[{"embeddable":true,"href":"https:\/\/www.interninow.it\/it\/wp-json\/wp\/v2\/media\/37936"}],"wp:attachment":[{"href":"https:\/\/www.interninow.it\/it\/wp-json\/wp\/v2\/media?parent=37966"}],"wp:term":[{"taxonomy":"product_brand","embeddable":true,"href":"https:\/\/www.interninow.it\/it\/wp-json\/wp\/v2\/product_brand?post=37966"},{"taxonomy":"product_cat","embeddable":true,"href":"https:\/\/www.interninow.it\/it\/wp-json\/wp\/v2\/product_cat?post=37966"},{"taxonomy":"product_tag","embeddable":true,"href":"https:\/\/www.interninow.it\/it\/wp-json\/wp\/v2\/product_tag?post=37966"},{"taxonomy":"brand","embeddable":true,"href":"https:\/\/www.interninow.it\/it\/wp-json\/wp\/v2\/brand?post=37966"}],"curies":[{"name":"wp","href":"https:\/\/api.w.org\/{rel}","templated":true}]}}