{"id":31839,"date":"2024-10-03T10:59:51","date_gmt":"2024-10-03T08:59:51","guid":{"rendered":"https:\/\/www.interninow.it\/?post_type=product&#038;p=31839"},"modified":"2025-08-12T15:09:59","modified_gmt":"2025-08-12T13:09:59","slug":"davos-poltrona","status":"publish","type":"product","link":"https:\/\/www.interninow.it\/it\/negozio\/outdoor-it\/davos-poltrona\/","title":{"rendered":"Davos Poltrona"},"content":{"rendered":"<p>La collezione Davos offre divani e poltrone da esterno che combinano estetica e funzionalit\u00e0.<\/p>\n<p>Grazie all&#8217;uso di imbottiture confortevoli e tessuti di alta qualit\u00e0, paragonabili ai divani pi\u00f9 eleganti da interno.<\/p>\n<p>Progettati per offrire un&#8217;esperienza di relax superiore, mantengono anche un aspetto raffinato. Il design modulare della collezione permette di creare una continuit\u00e0 tra spazi interni ed esterni, trasformando il giardino o terrazzo in un&#8217;estensione naturale della tua casa.<\/p>\n","protected":false},"excerpt":{"rendered":"<p>La collezione Davos offre divani e poltrone da esterno che combinano estetica e funzionalit\u00e0. Grazie all&#8217;uso di imbottiture confortevoli e tessuti di alta qualit\u00e0, paragonabili ai divani pi\u00f9 eleganti da interno. Progettati per offrire un&#8217;esperienza di relax superiore, mantengono anche un aspetto raffinato. Il design modulare della collezione permette di creare una continuit\u00e0 tra spazi [&hellip;]<\/p>\n","protected":false},"featured_media":31840,"template":"","meta":[],"product_brand":[],"product_cat":[613,537],"product_tag":[540],"brand":[654],"class_list":{"0":"post-31839","1":"product","2":"type-product","3":"status-publish","4":"has-post-thumbnail","6":"product_cat-outdoor-it","7":"product_cat-poltrone","8":"product_tag-pronta-consegna","9":"brand-unopiu-2","11":"first","12":"instock","13":"shipping-taxable","14":"purchasable","15":"product-type-simple"},"_links":{"self":[{"href":"https:\/\/www.interninow.it\/it\/wp-json\/wp\/v2\/product\/31839","targetHints":{"allow":["GET"]}}],"collection":[{"href":"https:\/\/www.interninow.it\/it\/wp-json\/wp\/v2\/product"}],"about":[{"href":"https:\/\/www.interninow.it\/it\/wp-json\/wp\/v2\/types\/product"}],"version-history":[{"count":0,"href":"https:\/\/www.interninow.it\/it\/wp-json\/wp\/v2\/product\/31839\/revisions"}],"wp:featuredmedia":[{"embeddable":true,"href":"https:\/\/www.interninow.it\/it\/wp-json\/wp\/v2\/media\/31840"}],"wp:attachment":[{"href":"https:\/\/www.interninow.it\/it\/wp-json\/wp\/v2\/media?parent=31839"}],"wp:term":[{"taxonomy":"product_brand","embeddable":true,"href":"https:\/\/www.interninow.it\/it\/wp-json\/wp\/v2\/product_brand?post=31839"},{"taxonomy":"product_cat","embeddable":true,"href":"https:\/\/www.interninow.it\/it\/wp-json\/wp\/v2\/product_cat?post=31839"},{"taxonomy":"product_tag","embeddable":true,"href":"https:\/\/www.interninow.it\/it\/wp-json\/wp\/v2\/product_tag?post=31839"},{"taxonomy":"brand","embeddable":true,"href":"https:\/\/www.interninow.it\/it\/wp-json\/wp\/v2\/brand?post=31839"}],"curies":[{"name":"wp","href":"https:\/\/api.w.org\/{rel}","templated":true}]}}