{"id":30938,"date":"2024-08-30T16:53:20","date_gmt":"2024-08-30T14:53:20","guid":{"rendered":"https:\/\/www.interninow.it\/?post_type=product&#038;p=30938"},"modified":"2025-08-12T15:26:35","modified_gmt":"2025-08-12T13:26:35","slug":"lounge-chair","status":"publish","type":"product","link":"https:\/\/www.interninow.it\/it\/negozio\/poltrone\/lounge-chair\/","title":{"rendered":"Lounge chair"},"content":{"rendered":"<div class=\"flex-shrink-0 flex flex-col relative items-end\">\n<div>\n<div class=\"pt-0\">\n<div class=\"gizmo-bot-avatar flex h-8 w-8 items-center justify-center overflow-hidden rounded-full\">\n<div class=\"relative p-1 rounded-sm flex items-center justify-center bg-token-main-surface-primary text-token-text-primary h-8 w-8\">Ispirata alla classica sedia da club inglese, la Lounge Chair di Charles e Ray Eames, creata nel 1956, combina comfort eccezionale, materiali di alta qualit\u00e0 e design elegante. Pi\u00f9 leggera e moderna rispetto alle tradizionali poltrone da club, \u00e8 diventata un&#8217;icona del design moderno e uno dei progetti pi\u00f9 celebri dei coniugi Eames.<\/div>\n<\/div>\n<\/div>\n<\/div>\n<\/div>\n","protected":false},"excerpt":{"rendered":"<p>Ispirata alla classica sedia da club inglese, la Lounge Chair di Charles e Ray Eames, creata nel 1956, combina comfort eccezionale, materiali di alta qualit\u00e0 e design elegante. Pi\u00f9 leggera e moderna rispetto alle tradizionali poltrone da club, \u00e8 diventata un&#8217;icona del design moderno e uno dei progetti pi\u00f9 celebri dei coniugi Eames.<\/p>\n","protected":false},"featured_media":30939,"template":"","meta":[],"product_brand":[],"product_cat":[537],"product_tag":[],"brand":[285],"class_list":{"0":"post-30938","1":"product","2":"type-product","3":"status-publish","4":"has-post-thumbnail","6":"product_cat-poltrone","7":"brand-vitra-it","9":"first","10":"instock","11":"shipping-taxable","12":"purchasable","13":"product-type-simple"},"_links":{"self":[{"href":"https:\/\/www.interninow.it\/it\/wp-json\/wp\/v2\/product\/30938","targetHints":{"allow":["GET"]}}],"collection":[{"href":"https:\/\/www.interninow.it\/it\/wp-json\/wp\/v2\/product"}],"about":[{"href":"https:\/\/www.interninow.it\/it\/wp-json\/wp\/v2\/types\/product"}],"version-history":[{"count":0,"href":"https:\/\/www.interninow.it\/it\/wp-json\/wp\/v2\/product\/30938\/revisions"}],"wp:featuredmedia":[{"embeddable":true,"href":"https:\/\/www.interninow.it\/it\/wp-json\/wp\/v2\/media\/30939"}],"wp:attachment":[{"href":"https:\/\/www.interninow.it\/it\/wp-json\/wp\/v2\/media?parent=30938"}],"wp:term":[{"taxonomy":"product_brand","embeddable":true,"href":"https:\/\/www.interninow.it\/it\/wp-json\/wp\/v2\/product_brand?post=30938"},{"taxonomy":"product_cat","embeddable":true,"href":"https:\/\/www.interninow.it\/it\/wp-json\/wp\/v2\/product_cat?post=30938"},{"taxonomy":"product_tag","embeddable":true,"href":"https:\/\/www.interninow.it\/it\/wp-json\/wp\/v2\/product_tag?post=30938"},{"taxonomy":"brand","embeddable":true,"href":"https:\/\/www.interninow.it\/it\/wp-json\/wp\/v2\/brand?post=30938"}],"curies":[{"name":"wp","href":"https:\/\/api.w.org\/{rel}","templated":true}]}}