{"id":30918,"date":"2024-08-30T14:33:37","date_gmt":"2024-08-30T12:33:37","guid":{"rendered":"https:\/\/www.interninow.it\/?post_type=product&#038;p=30918"},"modified":"2024-08-30T14:33:37","modified_gmt":"2024-08-30T12:33:37","slug":"egg-chair","status":"publish","type":"product","link":"https:\/\/www.interninow.it\/it\/negozio\/poltrone\/egg-chair\/","title":{"rendered":"Egg Chair"},"content":{"rendered":"<p>La poltrona Egg Chair \u00e8 un esempio eccellente di design danese, disegnata da Arne Jacobsen.<\/p>\n<p>La forma che \u00e8 diventata iconica e rappresenta un punto di riferimento nel mondo del design, tanto che oggi la sedia Egg \u00e8 considerata una delle opere pi\u00f9 importanti della sua carriera e un simbolo del design scandinavo nel mondo.<\/p>\n<p>Disponibile sia in pelle che in tessuto a catalogo.<\/p>\n","protected":false},"excerpt":{"rendered":"<p>La poltrona Egg Chair \u00e8 un esempio eccellente di design danese, disegnata da Arne Jacobsen. La forma che \u00e8 diventata iconica e rappresenta un punto di riferimento nel mondo del design, tanto che oggi la sedia Egg \u00e8 considerata una delle opere pi\u00f9 importanti della sua carriera e un simbolo del design scandinavo nel mondo. [&hellip;]<\/p>\n","protected":false},"featured_media":30920,"template":"","meta":[],"product_brand":[],"product_cat":[537],"product_tag":[540],"brand":[516],"class_list":{"0":"post-30918","1":"product","2":"type-product","3":"status-publish","4":"has-post-thumbnail","6":"product_cat-poltrone","7":"product_tag-pronta-consegna","8":"brand-fritz-hansen-it","10":"first","11":"instock","12":"shipping-taxable","13":"purchasable","14":"product-type-simple"},"_links":{"self":[{"href":"https:\/\/www.interninow.it\/it\/wp-json\/wp\/v2\/product\/30918","targetHints":{"allow":["GET"]}}],"collection":[{"href":"https:\/\/www.interninow.it\/it\/wp-json\/wp\/v2\/product"}],"about":[{"href":"https:\/\/www.interninow.it\/it\/wp-json\/wp\/v2\/types\/product"}],"version-history":[{"count":0,"href":"https:\/\/www.interninow.it\/it\/wp-json\/wp\/v2\/product\/30918\/revisions"}],"wp:featuredmedia":[{"embeddable":true,"href":"https:\/\/www.interninow.it\/it\/wp-json\/wp\/v2\/media\/30920"}],"wp:attachment":[{"href":"https:\/\/www.interninow.it\/it\/wp-json\/wp\/v2\/media?parent=30918"}],"wp:term":[{"taxonomy":"product_brand","embeddable":true,"href":"https:\/\/www.interninow.it\/it\/wp-json\/wp\/v2\/product_brand?post=30918"},{"taxonomy":"product_cat","embeddable":true,"href":"https:\/\/www.interninow.it\/it\/wp-json\/wp\/v2\/product_cat?post=30918"},{"taxonomy":"product_tag","embeddable":true,"href":"https:\/\/www.interninow.it\/it\/wp-json\/wp\/v2\/product_tag?post=30918"},{"taxonomy":"brand","embeddable":true,"href":"https:\/\/www.interninow.it\/it\/wp-json\/wp\/v2\/brand?post=30918"}],"curies":[{"name":"wp","href":"https:\/\/api.w.org\/{rel}","templated":true}]}}