{"id":24454,"date":"2023-03-31T12:36:30","date_gmt":"2023-03-31T10:36:30","guid":{"rendered":"https:\/\/www.intnow.it\/shop\/senza-categoria\/amare-tavoli\/"},"modified":"2025-09-11T15:28:36","modified_gmt":"2025-09-11T13:28:36","slug":"amare-tavoli","status":"publish","type":"product","link":"https:\/\/www.interninow.it\/it\/negozio\/tavoli-e-tavolini\/amare-tavoli\/","title":{"rendered":"Tavolo A&#8217;mare"},"content":{"rendered":"<h3 data-start=\"378\" data-end=\"439\">Edra A\u2019mare \u2013 Tavolo outdoor, eleganza scultorea di design<\/h3>\n<p data-start=\"441\" data-end=\"843\">Il tavolo A\u2019mare di Edra, disegnato da Jacopo Foggini, \u00e8 un capolavoro del design italiano per l\u2019outdoor, pensato per portare eleganza, trasparenza e resistenza negli spazi all\u2019aperto. Realizzato interamente con bacchette di puro policarbonato, lucidate a mano e assemblate con cura artigianale, riflette la luce come un cristallo, creando una presenza luminosa e scultorea in giardini, terrazze e bordi piscina. <\/p>\n<p data-start=\"845\" data-end=\"1163\">Perfetto complemento delle sedie A\u2019mare, questo tavolo incarna lo stesso equilibrio di innovazione, artigianalit\u00e0 e design senza tempo. La struttura in policarbonato, resistente agli agenti atmosferici, garantisce solidit\u00e0 e praticit\u00e0, mentre la sua trasparenza poetica arricchisce gli spazi outdoor rendendoli raffinati, esclusivi e unici. <\/p>\n<p data-start=\"1165\" data-end=\"1500\">Ideale per cene all\u2019aperto, momenti conviviali o lounge esterni, il tavolo A\u2019mare trasforma l\u2019esterno in una naturale estensione della casa, dove design e natura si incontrano in armonia. Pi\u00f9 che un semplice arredo funzionale, \u00e8 un oggetto di design che arricchisce ogni ambiente con originalit\u00e0 e lo stile inconfondibile di Edra. <\/p>\n<h3 data-start=\"1502\" data-end=\"1541\">Perch\u00e9 scegliere il tavolo A\u2019mare di Edra?<\/h3>\n<ul data-start=\"1542\" data-end=\"1858\">\n<li data-start=\"1542\" data-end=\"1586\">\n<p data-start=\"1544\" data-end=\"1586\">Disegnato da Jacopo Foggini per Edra.<\/p>\n<\/li>\n<li data-start=\"1587\" data-end=\"1665\">\n<p data-start=\"1589\" data-end=\"1665\">Realizzato in policarbonato resistente agli agenti atmosferici, durevole e facile da pulire.<\/p>\n<\/li>\n<li data-start=\"1587\" data-end=\"1665\">Tre forme e misure<\/li>\n<li data-start=\"1666\" data-end=\"1727\">\n<p data-start=\"1668\" data-end=\"1727\">Design trasparente e luminoso dall\u2019eleganza scultorea.<\/p>\n<\/li>\n<li data-start=\"1728\" data-end=\"1799\">\n<p data-start=\"1730\" data-end=\"1799\">Perfetto da abbinare alle sedie A\u2019mare per ambienti completi.<\/p>\n<\/li>\n<li data-start=\"1800\" data-end=\"1858\">\n<p data-start=\"1802\" data-end=\"1858\">Massima espressione del design outdoor Made in Italy.<\/p>\n<\/li>\n<\/ul>\n","protected":false},"excerpt":{"rendered":"<h3 data-start=\"378\" data-end=\"439\">Edra A\u2019mare \u2013 Tavolo outdoor, eleganza scultorea di design<\/h3>\n<p data-start=\"441\" data-end=\"843\">Il tavolo A\u2019mare di Edra, disegnato da Jacopo Foggini, \u00e8 un capolavoro del design italiano per l\u2019outdoor, pensato per portare eleganza, trasparenza e resistenza negli spazi all\u2019aperto. Realizzato interamente con bacchette di puro policarbonato, lucidate a mano e assemblate con cura artigianale, riflette la luce come un cristallo, creando una presenza luminosa e scultorea in giardini, terrazze e bordi piscina. <\/p>\n<p data-start=\"845\" data-end=\"1163\">Perfetto complemento delle sedie A\u2019mare, questo tavolo incarna lo stesso equilibrio di innovazione, artigianalit\u00e0 e design senza tempo. La struttura in policarbonato, resistente agli agenti atmosferici, garantisce solidit\u00e0 e praticit\u00e0, mentre la sua trasparenza poetica arricchisce gli spazi outdoor rendendoli raffinati, esclusivi e unici. <\/p>\n<p data-start=\"1165\" data-end=\"1500\">Ideale per cene all\u2019aperto, momenti conviviali o lounge esterni, il tavolo A\u2019mare trasforma l\u2019esterno in una naturale estensione della casa, dove design e natura si incontrano in armonia. Pi\u00f9 che un semplice arredo funzionale, \u00e8 un oggetto di design che arricchisce ogni ambiente con originalit\u00e0 e lo stile inconfondibile di Edra. <\/p>\n<h3 data-start=\"1502\" data-end=\"1541\">Perch\u00e9 scegliere il tavolo A\u2019mare di Edra?<\/h3>\n<ul data-start=\"1542\" data-end=\"1858\">\n<li data-start=\"1542\" data-end=\"1586\">\n<p data-start=\"1544\" data-end=\"1586\">Disegnato da Jacopo Foggini per Edra.<\/p>\n<\/li>\n<li data-start=\"1587\" data-end=\"1665\">\n<p data-start=\"1589\" data-end=\"1665\">Realizzato in policarbonato resistente agli agenti atmosferici, durevole e facile da pulire.<\/p>\n<\/li>\n<li data-start=\"1587\" data-end=\"1665\">Tre forme e dimensioni.<\/li>\n<li data-start=\"1666\" data-end=\"1727\">\n<p data-start=\"1668\" data-end=\"1727\">Design trasparente e luminoso dall\u2019eleganza scultorea.<\/p>\n<\/li>\n<li data-start=\"1728\" data-end=\"1799\">\n<p data-start=\"1730\" data-end=\"1799\">Perfetto da abbinare alle sedie A\u2019mare per ambienti completi.<\/p>\n<\/li>\n<li data-start=\"1800\" data-end=\"1858\">\n<p data-start=\"1802\" data-end=\"1858\">Massima espressione del design outdoor Made in Italy.<\/p>\n<\/li>\n<\/ul>\n","protected":false},"featured_media":37527,"template":"","meta":[],"product_brand":[],"product_cat":[538,613],"product_tag":[541],"brand":[288],"class_list":{"0":"post-24454","1":"product","2":"type-product","3":"status-publish","4":"has-post-thumbnail","6":"product_cat-tavoli-e-tavolini","7":"product_cat-outdoor-it","8":"product_tag-a-catalogo","9":"brand-edra-it","11":"first","12":"instock","13":"shipping-taxable","14":"product-type-simple"},"_links":{"self":[{"href":"https:\/\/www.interninow.it\/it\/wp-json\/wp\/v2\/product\/24454","targetHints":{"allow":["GET"]}}],"collection":[{"href":"https:\/\/www.interninow.it\/it\/wp-json\/wp\/v2\/product"}],"about":[{"href":"https:\/\/www.interninow.it\/it\/wp-json\/wp\/v2\/types\/product"}],"version-history":[{"count":0,"href":"https:\/\/www.interninow.it\/it\/wp-json\/wp\/v2\/product\/24454\/revisions"}],"wp:featuredmedia":[{"embeddable":true,"href":"https:\/\/www.interninow.it\/it\/wp-json\/wp\/v2\/media\/37527"}],"wp:attachment":[{"href":"https:\/\/www.interninow.it\/it\/wp-json\/wp\/v2\/media?parent=24454"}],"wp:term":[{"taxonomy":"product_brand","embeddable":true,"href":"https:\/\/www.interninow.it\/it\/wp-json\/wp\/v2\/product_brand?post=24454"},{"taxonomy":"product_cat","embeddable":true,"href":"https:\/\/www.interninow.it\/it\/wp-json\/wp\/v2\/product_cat?post=24454"},{"taxonomy":"product_tag","embeddable":true,"href":"https:\/\/www.interninow.it\/it\/wp-json\/wp\/v2\/product_tag?post=24454"},{"taxonomy":"brand","embeddable":true,"href":"https:\/\/www.interninow.it\/it\/wp-json\/wp\/v2\/brand?post=24454"}],"curies":[{"name":"wp","href":"https:\/\/api.w.org\/{rel}","templated":true}]}}