{"id":24450,"date":"2023-03-31T12:12:43","date_gmt":"2023-03-31T10:12:43","guid":{"rendered":"https:\/\/www.intnow.it\/shop\/senza-categoria\/amare-poltrona\/"},"modified":"2025-09-12T12:29:57","modified_gmt":"2025-09-12T10:29:57","slug":"amare-poltrona","status":"publish","type":"product","link":"https:\/\/www.interninow.it\/it\/negozio\/poltrone\/amare-poltrona\/","title":{"rendered":"Poltrona A&#8217;mare"},"content":{"rendered":"<h3 data-start=\"373\" data-end=\"432\">Edra A\u2019mare \u2013 Poltrona outdoor, icona del design italiano<\/h3>\n<p data-start=\"434\" data-end=\"768\">La poltrona A\u2019mare di Edra, disegnata da Jacopo Foggini, \u00e8 un raffinato simbolo del design italiano contemporaneo per l\u2019outdoor. Realizzata interamente con bacchette di puro policarbonato lucidate a mano, presenta una struttura trasparente e luminosa che cattura la luce e i riflessi, creando un effetto poetico e scultoreo negli spazi all\u2019aperto. <\/p>\n<p data-start=\"770\" data-end=\"1094\">A\u2019mare \u00e8 pensata per portare comfort ed eleganza in giardini, terrazze, bordi piscina e lounge outdoor, garantendo al tempo stesso resistenza e durata. La struttura in policarbonato \u00e8 impermeabile, solida e facile da mantenere, rendendo questa poltrona ideale per un uso quotidiano all\u2019esterno senza rinunciare allo stile. <\/p>\n<p data-start=\"1096\" data-end=\"1316\">Leggera ma robusta, la poltrona A\u2019mare unisce innovazione, artigianalit\u00e0 e design senza tempo. Pi\u00f9 che una semplice seduta, \u00e8 una vera dichiarazione di design che trasforma qualsiasi esterno in un ambiente esclusivo e sofisticato. <\/p>\n<h3 data-start=\"1318\" data-end=\"1360\">Perch\u00e9 scegliere la poltrona A\u2019mare di Edra?<\/h3>\n<ul data-start=\"1361\" data-end=\"1679\">\n<li data-start=\"1361\" data-end=\"1405\">\n<p data-start=\"1363\" data-end=\"1405\">Disegnata da Jacopo Foggini per Edra.<\/p>\n<\/li>\n<li data-start=\"1406\" data-end=\"1484\">\n<p data-start=\"1408\" data-end=\"1484\">Realizzata in policarbonato resistente agli agenti atmosferici, durevole e facile da pulire.<\/p>\n<\/li>\n<li data-start=\"1485\" data-end=\"1550\">\n<p data-start=\"1487\" data-end=\"1550\">Struttura trasparente e luminosa dall\u2019eleganza scultorea.<\/p>\n<\/li>\n<li data-start=\"1551\" data-end=\"1626\">\n<p data-start=\"1553\" data-end=\"1626\">Ideale per giardini, terrazze, bordi piscina e lounge all\u2019aperto.<\/p>\n<\/li>\n<li data-start=\"1627\" data-end=\"1679\">\n<p data-start=\"1629\" data-end=\"1679\">Vera icona del design outdoor Made in Italy.<\/p>\n<\/li>\n<\/ul>\n","protected":false},"excerpt":{"rendered":"<h3 data-start=\"373\" data-end=\"432\">Edra A\u2019Mare \u2013 Poltrona outdoor, icona del design italiano<\/h3>\n<p data-start=\"434\" data-end=\"768\">La poltrona A\u2019mare di Edra, disegnata da Jacopo Foggini, \u00e8 un raffinato simbolo del design italiano contemporaneo per l\u2019outdoor. Realizzata interamente con bacchette di puro policarbonato lucidate a mano, presenta una struttura trasparente e luminosa che cattura la luce e i riflessi, creando un effetto poetico e scultoreo negli spazi all\u2019aperto. <\/p>\n<p data-start=\"770\" data-end=\"1094\">A\u2019mare \u00e8 pensata per portare comfort ed eleganza in giardini, terrazze, bordi piscina e lounge outdoor, garantendo al tempo stesso resistenza e durata. La struttura in policarbonato \u00e8 impermeabile, solida e facile da mantenere, rendendo questa poltrona ideale per un uso quotidiano all\u2019esterno senza rinunciare allo stile. <\/p>\n<p data-start=\"1096\" data-end=\"1316\">Leggera ma robusta, la poltrona A\u2019Mare unisce innovazione, artigianalit\u00e0 e design senza tempo. Pi\u00f9 che una semplice seduta, \u00e8 una vera dichiarazione di design che trasforma qualsiasi esterno in un ambiente esclusivo e sofisticato. <\/p>\n<h3 data-start=\"1318\" data-end=\"1360\">Perch\u00e9 scegliere la poltrona A\u2019Mare di Edra?<\/h3>\n<ul data-start=\"1361\" data-end=\"1679\">\n<li data-start=\"1361\" data-end=\"1405\">\n<p data-start=\"1363\" data-end=\"1405\">Disegnato da Jacopo Foggini per Edra.<\/p>\n<\/li>\n<li data-start=\"1406\" data-end=\"1484\">\n<p data-start=\"1408\" data-end=\"1484\">Realizzata in policarbonato resistente agli agenti atmosferici, durevole e facile da pulire.<\/p>\n<\/li>\n<li data-start=\"1485\" data-end=\"1550\">\n<p data-start=\"1487\" data-end=\"1550\">Struttura trasparente e luminosa dall\u2019eleganza scultorea.<\/p>\n<\/li>\n<li data-start=\"1551\" data-end=\"1626\">\n<p data-start=\"1553\" data-end=\"1626\">Ideale per giardini, terrazze, bordi piscina e lounge all\u2019aperto.<\/p>\n<\/li>\n<li data-start=\"1627\" data-end=\"1679\">\n<p data-start=\"1629\" data-end=\"1679\">Vera icona del design outdoor Made in Italy.<\/p>\n<\/li>\n<\/ul>\n","protected":false},"featured_media":37580,"template":"","meta":[],"product_brand":[],"product_cat":[537,613],"product_tag":[541],"brand":[288],"class_list":{"0":"post-24450","1":"product","2":"type-product","3":"status-publish","4":"has-post-thumbnail","6":"product_cat-poltrone","7":"product_cat-outdoor-it","8":"product_tag-a-catalogo","9":"brand-edra-it","11":"first","12":"instock","13":"shipping-taxable","14":"purchasable","15":"product-type-simple"},"_links":{"self":[{"href":"https:\/\/www.interninow.it\/it\/wp-json\/wp\/v2\/product\/24450","targetHints":{"allow":["GET"]}}],"collection":[{"href":"https:\/\/www.interninow.it\/it\/wp-json\/wp\/v2\/product"}],"about":[{"href":"https:\/\/www.interninow.it\/it\/wp-json\/wp\/v2\/types\/product"}],"version-history":[{"count":0,"href":"https:\/\/www.interninow.it\/it\/wp-json\/wp\/v2\/product\/24450\/revisions"}],"wp:featuredmedia":[{"embeddable":true,"href":"https:\/\/www.interninow.it\/it\/wp-json\/wp\/v2\/media\/37580"}],"wp:attachment":[{"href":"https:\/\/www.interninow.it\/it\/wp-json\/wp\/v2\/media?parent=24450"}],"wp:term":[{"taxonomy":"product_brand","embeddable":true,"href":"https:\/\/www.interninow.it\/it\/wp-json\/wp\/v2\/product_brand?post=24450"},{"taxonomy":"product_cat","embeddable":true,"href":"https:\/\/www.interninow.it\/it\/wp-json\/wp\/v2\/product_cat?post=24450"},{"taxonomy":"product_tag","embeddable":true,"href":"https:\/\/www.interninow.it\/it\/wp-json\/wp\/v2\/product_tag?post=24450"},{"taxonomy":"brand","embeddable":true,"href":"https:\/\/www.interninow.it\/it\/wp-json\/wp\/v2\/brand?post=24450"}],"curies":[{"name":"wp","href":"https:\/\/api.w.org\/{rel}","templated":true}]}}