{"id":24448,"date":"2023-03-31T11:55:31","date_gmt":"2023-03-31T09:55:31","guid":{"rendered":"https:\/\/www.intnow.it\/shop\/senza-categoria\/miraggio\/"},"modified":"2025-09-24T10:06:30","modified_gmt":"2025-09-24T08:06:30","slug":"miraggio","status":"publish","type":"product","link":"https:\/\/www.interninow.it\/it\/negozio\/complementi\/miraggio\/","title":{"rendered":"Miraggio"},"content":{"rendered":"<h3 data-start=\"280\" data-end=\"334\">Edra Miraggio \u2013 Specchio scultoreo di design italiano<\/h3>\n<p data-start=\"336\" data-end=\"602\">Lo specchio Miraggio di Edra \u00e8 un elemento distintivo del design italiano contemporaneo, concepito come oggetto funzionale e al tempo stesso come opera d\u2019arte. Con la sua forma irregolare e scultorea, riflette la luce in modo unico, trasformando gli interni con eleganza e originalit\u00e0. <\/p>\n<p data-start=\"604\" data-end=\"921\">Miraggio nasce per andare oltre l\u2019idea tradizionale di specchio, diventando un elemento decorativo capace di valorizzare soggiorni, lounge e interni esclusivi. La silhouette asimmetrica e la lavorazione raffinata gli conferiscono una presenza scenografica che lo rende protagonista dello spazio, pi\u00f9 che semplice complemento. <\/p>\n<p data-start=\"923\" data-end=\"1262\">Realizzato artigianalmente con cura dei dettagli, lo specchio Miraggio \u00e8 disponibile su ordinazione in diverse dimensioni e finiture. Non \u00e8 in pronta consegna, ma viene prodotto su richiesta per garantire esclusivit\u00e0 e possibilit\u00e0 di personalizzazione. Pi\u00f9 che uno specchio, \u00e8 una dichiarazione di design che incarna la filosofia Edra fatta di innovazione e ricerca artistica.  <\/p>\n<h3 data-start=\"1264\" data-end=\"1306\">Perch\u00e9 scegliere lo specchio Miraggio di Edra?<\/h3>\n<ul data-start=\"1307\" data-end=\"1566\">\n<li data-start=\"1307\" data-end=\"1365\">\n<p data-start=\"1309\" data-end=\"1365\">Specchio scultoreo dalla forma irregolare e distintiva<\/p>\n<\/li>\n<li data-start=\"1366\" data-end=\"1417\">\n<p data-start=\"1368\" data-end=\"1417\">Oggetto funzionale ed elemento decorativo insieme<\/p>\n<\/li>\n<li data-start=\"1418\" data-end=\"1458\">\n<p data-start=\"1420\" data-end=\"1458\">Realizzato artigianalmente con cura dei dettagli<\/p>\n<\/li>\n<li data-start=\"1459\" data-end=\"1513\">\n<p data-start=\"1461\" data-end=\"1513\">Disponibile su ordinazione in diverse dimensioni e finiture<\/p>\n<\/li>\n<li data-start=\"1514\" data-end=\"1566\">\n<p data-start=\"1516\" data-end=\"1566\">Vera icona del design italiano contemporaneo Made in Italy<\/p>\n<\/li>\n<\/ul>\n","protected":false},"excerpt":{"rendered":"<h3 data-start=\"280\" data-end=\"334\">Edra Miraggio \u2013 Specchio scultoreo di design italiano<\/h3>\n<p data-start=\"336\" data-end=\"602\">Lo specchio Miraggio di Edra \u00e8 un elemento distintivo del design italiano contemporaneo, concepito come oggetto funzionale e al tempo stesso come opera d\u2019arte. Con la sua forma irregolare e scultorea, riflette la luce in modo unico, trasformando gli interni con eleganza e originalit\u00e0. <\/p>\n<p data-start=\"604\" data-end=\"921\">Miraggio nasce per andare oltre l\u2019idea tradizionale di specchio, diventando un elemento decorativo capace di valorizzare soggiorni, lounge e interni esclusivi. La silhouette asimmetrica e la lavorazione raffinata gli conferiscono una presenza scenografica che lo rende protagonista dello spazio, pi\u00f9 che semplice complemento. <\/p>\n<p data-start=\"923\" data-end=\"1262\">Realizzato artigianalmente con cura dei dettagli, lo specchio Miraggio \u00e8 disponibile su ordinazione in diverse dimensioni e finiture. Non \u00e8 in pronta consegna, ma viene prodotto su richiesta per garantire esclusivit\u00e0 e possibilit\u00e0 di personalizzazione. Pi\u00f9 che uno specchio, \u00e8 una dichiarazione di design che incarna la filosofia Edra fatta di innovazione e ricerca artistica.  <\/p>\n<h3 data-start=\"1264\" data-end=\"1306\">Perch\u00e9 scegliere lo specchio Miraggio di Edra?<\/h3>\n<ul data-start=\"1307\" data-end=\"1566\">\n<li data-start=\"1307\" data-end=\"1365\">\n<p data-start=\"1309\" data-end=\"1365\">Specchio scultoreo dalla forma irregolare e distintiva<\/p>\n<\/li>\n<li data-start=\"1366\" data-end=\"1417\">\n<p data-start=\"1368\" data-end=\"1417\">Oggetto funzionale ed elemento decorativo insieme<\/p>\n<\/li>\n<li data-start=\"1418\" data-end=\"1458\">\n<p data-start=\"1420\" data-end=\"1458\">Realizzato artigianalmente con cura dei dettagli<\/p>\n<\/li>\n<li data-start=\"1459\" data-end=\"1513\">\n<p data-start=\"1461\" data-end=\"1513\">Disponibile su ordinazione in diverse dimensioni e finiture<\/p>\n<\/li>\n<li data-start=\"1514\" data-end=\"1566\">\n<p data-start=\"1516\" data-end=\"1566\">Vera icona del design italiano contemporaneo Made in Italy<\/p>\n<\/li>\n<\/ul>\n","protected":false},"featured_media":37892,"template":"","meta":[],"product_brand":[],"product_cat":[543],"product_tag":[541],"brand":[288],"class_list":{"0":"post-24448","1":"product","2":"type-product","3":"status-publish","4":"has-post-thumbnail","6":"product_cat-complementi","7":"product_tag-a-catalogo","8":"brand-edra-it","10":"first","11":"instock","12":"shipping-taxable","13":"purchasable","14":"product-type-simple"},"_links":{"self":[{"href":"https:\/\/www.interninow.it\/it\/wp-json\/wp\/v2\/product\/24448","targetHints":{"allow":["GET"]}}],"collection":[{"href":"https:\/\/www.interninow.it\/it\/wp-json\/wp\/v2\/product"}],"about":[{"href":"https:\/\/www.interninow.it\/it\/wp-json\/wp\/v2\/types\/product"}],"version-history":[{"count":0,"href":"https:\/\/www.interninow.it\/it\/wp-json\/wp\/v2\/product\/24448\/revisions"}],"wp:featuredmedia":[{"embeddable":true,"href":"https:\/\/www.interninow.it\/it\/wp-json\/wp\/v2\/media\/37892"}],"wp:attachment":[{"href":"https:\/\/www.interninow.it\/it\/wp-json\/wp\/v2\/media?parent=24448"}],"wp:term":[{"taxonomy":"product_brand","embeddable":true,"href":"https:\/\/www.interninow.it\/it\/wp-json\/wp\/v2\/product_brand?post=24448"},{"taxonomy":"product_cat","embeddable":true,"href":"https:\/\/www.interninow.it\/it\/wp-json\/wp\/v2\/product_cat?post=24448"},{"taxonomy":"product_tag","embeddable":true,"href":"https:\/\/www.interninow.it\/it\/wp-json\/wp\/v2\/product_tag?post=24448"},{"taxonomy":"brand","embeddable":true,"href":"https:\/\/www.interninow.it\/it\/wp-json\/wp\/v2\/brand?post=24448"}],"curies":[{"name":"wp","href":"https:\/\/api.w.org\/{rel}","templated":true}]}}