{"id":24440,"date":"2023-03-31T10:27:19","date_gmt":"2023-03-31T08:27:19","guid":{"rendered":"https:\/\/www.intnow.it\/shop\/senza-categoria\/standard\/"},"modified":"2025-09-08T18:01:10","modified_gmt":"2025-09-08T16:01:10","slug":"standard","status":"publish","type":"product","link":"https:\/\/www.interninow.it\/it\/negozio\/sofa\/standard\/","title":{"rendered":"Standard"},"content":{"rendered":"<h3 data-start=\"290\" data-end=\"346\">Edra Standard \u2013 Divano modulare iconico, pronta consegna<\/h3>\n<p data-start=\"348\" data-end=\"711\">Il divano Standard di Edra \u00e8 una delle icone pi\u00f9 celebri del brand, un capolavoro del design italiano contemporaneo che ridefinisce il concetto di comfort e adattabilit\u00e0. Grazie alla sua struttura modulare e agli schienali mobili, offre una totale libert\u00e0 compositiva, garantendo un\u2019esperienza di seduta personalizzata che si adatta a ogni stile di vita e a qualsiasi interno. <\/p>\n<p data-start=\"713\" data-end=\"1105\">Progettato per offrire la massima flessibilit\u00e0, lo Standard di Edra \u00e8 composto da molteplici elementi liberamente componibili, mentre i grandi schienali regolabili assicurano un sostegno perfetto in qualsiasi posizione. La seduta ampia e accogliente, combinata con l\u2019esclusiva imbottitura in Gellyfoam\u00ae, garantisce un comfort superiore, rendendolo il divano ideale per momenti di relax, conversazioni o convivialit\u00e0. <\/p>\n<p data-start=\"1107\" data-end=\"1518\">Con le sue proporzioni eleganti e il design senza tempo, il divano Standard si inserisce perfettamente in living moderni, open space e interni di lusso, diventando sempre il vero protagonista dell\u2019ambiente. Disponibile in un\u2019ampia gamma di tessuti, pelli e varianti colore, pu\u00f2 essere completamente personalizzato, ma \u00e8 proposto anche in pronta consegna, cos\u00ec da godere subito del suo stile e del suo comfort senza tempi di attesa. <\/p>\n<h3 data-start=\"1520\" data-end=\"1551\">Perch\u00e9 scegliere Edra Standard?<\/h3>\n<ul data-start=\"1552\" data-end=\"1931\">\n<li data-start=\"1552\" data-end=\"1623\">\n<p data-start=\"1554\" data-end=\"1623\">Divano modulare iconico con infinite possibilit\u00e0 di configurazione.<\/p>\n<\/li>\n<li data-start=\"1624\" data-end=\"1690\">\n<p data-start=\"1626\" data-end=\"1690\">Schienali mobili e regolabili per un comfort personalizzato.<\/p>\n<\/li>\n<li data-start=\"1691\" data-end=\"1754\">\n<p data-start=\"1693\" data-end=\"1754\">Esperienza di seduta superiore grazie alla tecnologia Gellyfoam\u00ae.<\/p>\n<\/li>\n<li data-start=\"1755\" data-end=\"1826\">\n<p data-start=\"1757\" data-end=\"1826\">Disponibile in pronta consegna \u2013 consegna immediata, senza attese.<\/p>\n<\/li>\n<li data-start=\"1827\" data-end=\"1931\">\n<p data-start=\"1829\" data-end=\"1931\">Un vero statement di design firmato Edra, che unisce artigianalit\u00e0 italiana, innovazione e stile senza tempo.<\/p>\n<\/li>\n<\/ul>\n","protected":false},"excerpt":{"rendered":"<h3 data-start=\"290\" data-end=\"346\">Edra Standard \u2013 Divano modulare iconico, pronta consegna<\/h3>\n<p data-start=\"348\" data-end=\"711\">Il divano Standard di Edra \u00e8 una delle icone pi\u00f9 celebri del brand, un capolavoro del design italiano contemporaneo che ridefinisce il concetto di comfort e adattabilit\u00e0. Grazie alla sua struttura modulare e agli schienali mobili, offre una totale libert\u00e0 compositiva, garantendo un\u2019esperienza di seduta personalizzata che si adatta a ogni stile di vita e a qualsiasi interno. <\/p>\n<p data-start=\"713\" data-end=\"1105\">Progettato per offrire la massima flessibilit\u00e0, lo Standard di Edra \u00e8 composto da molteplici elementi liberamente componibili, mentre i grandi schienali regolabili assicurano un sostegno perfetto in qualsiasi posizione. La seduta ampia e accogliente, combinata con l\u2019esclusiva imbottitura in Gellyfoam\u00ae, garantisce un comfort superiore, rendendolo il divano ideale per momenti di relax, conversazioni o convivialit\u00e0. <\/p>\n<p data-start=\"1107\" data-end=\"1518\">Con le sue proporzioni eleganti e il design senza tempo, il divano Standard si inserisce perfettamente in living moderni, open space e interni di lusso, diventando sempre il vero protagonista dell\u2019ambiente. Disponibile in un\u2019ampia gamma di tessuti, pelli e varianti colore, pu\u00f2 essere completamente personalizzato, ma \u00e8 proposto anche in pronta consegna, cos\u00ec da godere subito del suo stile e del suo comfort senza tempi di attesa. <\/p>\n<h3 data-start=\"1520\" data-end=\"1551\">Perch\u00e9 scegliere Edra Standard?<\/h3>\n<ul data-start=\"1552\" data-end=\"1931\">\n<li data-start=\"1552\" data-end=\"1623\">\n<p data-start=\"1554\" data-end=\"1623\">Divano modulare iconico con infinite possibilit\u00e0 di configurazione.<\/p>\n<\/li>\n<li data-start=\"1624\" data-end=\"1690\">\n<p data-start=\"1626\" data-end=\"1690\">Schienali mobili e regolabili per un comfort personalizzato.<\/p>\n<\/li>\n<li data-start=\"1691\" data-end=\"1754\">\n<p data-start=\"1693\" data-end=\"1754\">Esperienza di seduta superiore grazie alla tecnologia Gellyfoam\u00ae.<\/p>\n<\/li>\n<li data-start=\"1755\" data-end=\"1826\">\n<p data-start=\"1757\" data-end=\"1826\">Disponibile in pronta consegna \u2013 consegna immediata, senza attese.<\/p>\n<\/li>\n<li data-start=\"1827\" data-end=\"1931\">\n<p data-start=\"1829\" data-end=\"1931\">Un vero statement di design firmato Edra, che unisce artigianalit\u00e0 italiana, innovazione e stile senza tempo.<\/p>\n<\/li>\n<\/ul>\n","protected":false},"featured_media":37390,"template":"","meta":[],"product_brand":[],"product_cat":[545],"product_tag":[540],"brand":[288],"class_list":{"0":"post-24440","1":"product","2":"type-product","3":"status-publish","4":"has-post-thumbnail","6":"product_cat-sofa","7":"product_tag-pronta-consegna","8":"brand-edra-it","10":"first","11":"instock","12":"shipping-taxable","13":"purchasable","14":"product-type-simple"},"_links":{"self":[{"href":"https:\/\/www.interninow.it\/it\/wp-json\/wp\/v2\/product\/24440","targetHints":{"allow":["GET"]}}],"collection":[{"href":"https:\/\/www.interninow.it\/it\/wp-json\/wp\/v2\/product"}],"about":[{"href":"https:\/\/www.interninow.it\/it\/wp-json\/wp\/v2\/types\/product"}],"version-history":[{"count":0,"href":"https:\/\/www.interninow.it\/it\/wp-json\/wp\/v2\/product\/24440\/revisions"}],"wp:featuredmedia":[{"embeddable":true,"href":"https:\/\/www.interninow.it\/it\/wp-json\/wp\/v2\/media\/37390"}],"wp:attachment":[{"href":"https:\/\/www.interninow.it\/it\/wp-json\/wp\/v2\/media?parent=24440"}],"wp:term":[{"taxonomy":"product_brand","embeddable":true,"href":"https:\/\/www.interninow.it\/it\/wp-json\/wp\/v2\/product_brand?post=24440"},{"taxonomy":"product_cat","embeddable":true,"href":"https:\/\/www.interninow.it\/it\/wp-json\/wp\/v2\/product_cat?post=24440"},{"taxonomy":"product_tag","embeddable":true,"href":"https:\/\/www.interninow.it\/it\/wp-json\/wp\/v2\/product_tag?post=24440"},{"taxonomy":"brand","embeddable":true,"href":"https:\/\/www.interninow.it\/it\/wp-json\/wp\/v2\/brand?post=24440"}],"curies":[{"name":"wp","href":"https:\/\/api.w.org\/{rel}","templated":true}]}}