{"id":24226,"date":"2023-02-27T11:45:28","date_gmt":"2023-02-27T11:15:04","guid":{"rendered":"https:\/\/www.intnow.it\/?post_type=product&#038;p=24226"},"modified":"2023-02-27T12:15:05","modified_gmt":"2023-02-27T11:15:05","slug":"zoe","status":"publish","type":"product","link":"https:\/\/www.interninow.it\/it\/negozio\/complementi\/zoe\/","title":{"rendered":"Zoe"},"content":{"rendered":"<p>Il tappeto Zoe \u00e8 realizzato con una corda monocolore, bicolore o m\u00e9lange ed \u00e8 disponibile in una variet\u00e0 di dimensioni e tessiture. Pu\u00f2 essere utilizzato sia all&#8217;interno che all&#8217;esterno.<\/p>\n","protected":false},"excerpt":{"rendered":"<p>Il tappeto Zoe \u00e8 realizzato con una corda monocolore, bicolore o m\u00e9lange ed \u00e8 disponibile in una variet\u00e0 di dimensioni e tessiture. Pu\u00f2 essere utilizzato sia all&#8217;interno che all&#8217;esterno.<\/p>\n","protected":false},"featured_media":24200,"template":"","meta":[],"product_brand":[],"product_cat":[543,613],"product_tag":[541],"brand":[270],"class_list":{"0":"post-24226","1":"product","2":"type-product","3":"status-publish","4":"has-post-thumbnail","6":"product_cat-complementi","7":"product_cat-outdoor-it","8":"product_tag-a-catalogo","9":"brand-paola-lenti-it","11":"first","12":"instock","13":"shipping-taxable","14":"purchasable","15":"product-type-simple"},"_links":{"self":[{"href":"https:\/\/www.interninow.it\/it\/wp-json\/wp\/v2\/product\/24226","targetHints":{"allow":["GET"]}}],"collection":[{"href":"https:\/\/www.interninow.it\/it\/wp-json\/wp\/v2\/product"}],"about":[{"href":"https:\/\/www.interninow.it\/it\/wp-json\/wp\/v2\/types\/product"}],"version-history":[{"count":0,"href":"https:\/\/www.interninow.it\/it\/wp-json\/wp\/v2\/product\/24226\/revisions"}],"wp:featuredmedia":[{"embeddable":true,"href":"https:\/\/www.interninow.it\/it\/wp-json\/wp\/v2\/media\/24200"}],"wp:attachment":[{"href":"https:\/\/www.interninow.it\/it\/wp-json\/wp\/v2\/media?parent=24226"}],"wp:term":[{"taxonomy":"product_brand","embeddable":true,"href":"https:\/\/www.interninow.it\/it\/wp-json\/wp\/v2\/product_brand?post=24226"},{"taxonomy":"product_cat","embeddable":true,"href":"https:\/\/www.interninow.it\/it\/wp-json\/wp\/v2\/product_cat?post=24226"},{"taxonomy":"product_tag","embeddable":true,"href":"https:\/\/www.interninow.it\/it\/wp-json\/wp\/v2\/product_tag?post=24226"},{"taxonomy":"brand","embeddable":true,"href":"https:\/\/www.interninow.it\/it\/wp-json\/wp\/v2\/brand?post=24226"}],"curies":[{"name":"wp","href":"https:\/\/api.w.org\/{rel}","templated":true}]}}