{"id":24223,"date":"2023-02-27T11:28:15","date_gmt":"2023-02-27T10:28:15","guid":{"rendered":"https:\/\/www.intnow.it\/?post_type=product&#038;p=24223"},"modified":"2024-08-09T16:13:07","modified_gmt":"2024-08-09T14:13:07","slug":"sciara-table","status":"publish","type":"product","link":"https:\/\/www.interninow.it\/it\/negozio\/tavoli-e-tavolini\/sciara-table\/","title":{"rendered":"Sciara table"},"content":{"rendered":"<p>Collezione di diversi tavoli da pranzo, tavolini e consolle con uno spettacolare piano in pietra lavica con decoro in vetro lavorato a mano. In Sciara l&#8217;irregolarit\u00e0 \u00e8 sinonimo di unicit\u00e0.<\/p>\n","protected":false},"excerpt":{"rendered":"<p>Collezione di diversi tavoli da pranzo, tavolini e consolle con uno spettacolare piano in pietra lavica con decoro in vetro lavorato a mano. In Sciara l&#8217;irregolarit\u00e0 \u00e8 sinonimo di unicit\u00e0.<\/p>\n","protected":false},"featured_media":24184,"template":"","meta":[],"product_brand":[],"product_cat":[538,613],"product_tag":[540],"brand":[270],"class_list":{"0":"post-24223","1":"product","2":"type-product","3":"status-publish","4":"has-post-thumbnail","6":"product_cat-tavoli-e-tavolini","7":"product_cat-outdoor-it","8":"product_tag-pronta-consegna","9":"brand-paola-lenti-it","11":"first","12":"instock","13":"shipping-taxable","14":"purchasable","15":"product-type-simple"},"_links":{"self":[{"href":"https:\/\/www.interninow.it\/it\/wp-json\/wp\/v2\/product\/24223","targetHints":{"allow":["GET"]}}],"collection":[{"href":"https:\/\/www.interninow.it\/it\/wp-json\/wp\/v2\/product"}],"about":[{"href":"https:\/\/www.interninow.it\/it\/wp-json\/wp\/v2\/types\/product"}],"version-history":[{"count":0,"href":"https:\/\/www.interninow.it\/it\/wp-json\/wp\/v2\/product\/24223\/revisions"}],"wp:featuredmedia":[{"embeddable":true,"href":"https:\/\/www.interninow.it\/it\/wp-json\/wp\/v2\/media\/24184"}],"wp:attachment":[{"href":"https:\/\/www.interninow.it\/it\/wp-json\/wp\/v2\/media?parent=24223"}],"wp:term":[{"taxonomy":"product_brand","embeddable":true,"href":"https:\/\/www.interninow.it\/it\/wp-json\/wp\/v2\/product_brand?post=24223"},{"taxonomy":"product_cat","embeddable":true,"href":"https:\/\/www.interninow.it\/it\/wp-json\/wp\/v2\/product_cat?post=24223"},{"taxonomy":"product_tag","embeddable":true,"href":"https:\/\/www.interninow.it\/it\/wp-json\/wp\/v2\/product_tag?post=24223"},{"taxonomy":"brand","embeddable":true,"href":"https:\/\/www.interninow.it\/it\/wp-json\/wp\/v2\/brand?post=24223"}],"curies":[{"name":"wp","href":"https:\/\/api.w.org\/{rel}","templated":true}]}}