{"id":24220,"date":"2023-02-27T10:41:56","date_gmt":"2023-02-27T11:15:26","guid":{"rendered":"https:\/\/www.intnow.it\/?post_type=product&#038;p=24220"},"modified":"2023-02-27T12:15:26","modified_gmt":"2023-02-27T11:15:26","slug":"kaba-armchair","status":"publish","type":"product","link":"https:\/\/www.interninow.it\/it\/negozio\/poltrone\/kaba-armchair\/","title":{"rendered":"Kab\u00e0 armchair"},"content":{"rendered":"<p>Una struttura tubolare minimale \u00e8 la griglia di base che accoglie una serie di cuscini di seduta e schienale pi\u00f9 braccioli. Il rivestimento \u00e8 removibile, come i cuscini stessi, e trattato per essere idrorepellente. Kaba comprende un divano, una poltrona e un&#8217;opzione pouf.<\/p>\n","protected":false},"excerpt":{"rendered":"<p>Una struttura tubolare minimale \u00e8 la griglia di base che accoglie una serie di cuscini di seduta e schienale pi\u00f9 braccioli. Il rivestimento \u00e8 removibile, come i cuscini stessi, e trattato per essere idrorepellente. Kaba comprende un divano, una poltrona e un&#8217;opzione pouf.<\/p>\n","protected":false},"featured_media":24156,"template":"","meta":[],"product_brand":[],"product_cat":[537,613],"product_tag":[541],"brand":[270],"class_list":{"0":"post-24220","1":"product","2":"type-product","3":"status-publish","4":"has-post-thumbnail","6":"product_cat-poltrone","7":"product_cat-outdoor-it","8":"product_tag-a-catalogo","9":"brand-paola-lenti-it","11":"first","12":"instock","13":"shipping-taxable","14":"purchasable","15":"product-type-simple"},"_links":{"self":[{"href":"https:\/\/www.interninow.it\/it\/wp-json\/wp\/v2\/product\/24220","targetHints":{"allow":["GET"]}}],"collection":[{"href":"https:\/\/www.interninow.it\/it\/wp-json\/wp\/v2\/product"}],"about":[{"href":"https:\/\/www.interninow.it\/it\/wp-json\/wp\/v2\/types\/product"}],"version-history":[{"count":0,"href":"https:\/\/www.interninow.it\/it\/wp-json\/wp\/v2\/product\/24220\/revisions"}],"wp:featuredmedia":[{"embeddable":true,"href":"https:\/\/www.interninow.it\/it\/wp-json\/wp\/v2\/media\/24156"}],"wp:attachment":[{"href":"https:\/\/www.interninow.it\/it\/wp-json\/wp\/v2\/media?parent=24220"}],"wp:term":[{"taxonomy":"product_brand","embeddable":true,"href":"https:\/\/www.interninow.it\/it\/wp-json\/wp\/v2\/product_brand?post=24220"},{"taxonomy":"product_cat","embeddable":true,"href":"https:\/\/www.interninow.it\/it\/wp-json\/wp\/v2\/product_cat?post=24220"},{"taxonomy":"product_tag","embeddable":true,"href":"https:\/\/www.interninow.it\/it\/wp-json\/wp\/v2\/product_tag?post=24220"},{"taxonomy":"brand","embeddable":true,"href":"https:\/\/www.interninow.it\/it\/wp-json\/wp\/v2\/brand?post=24220"}],"curies":[{"name":"wp","href":"https:\/\/api.w.org\/{rel}","templated":true}]}}