{"id":23922,"date":"2023-01-25T17:09:47","date_gmt":"2023-01-30T10:37:28","guid":{"rendered":"https:\/\/www.intnow.it\/?post_type=product&#038;p=23922"},"modified":"2023-01-30T11:37:28","modified_gmt":"2023-01-30T10:37:28","slug":"gaudi","status":"publish","type":"product","link":"https:\/\/www.interninow.it\/it\/negozio\/letti\/gaudi\/","title":{"rendered":"Gaud\u00ec"},"content":{"rendered":"<p>Gaud\u00ec onora le propriet\u00e0 maestose e intrinseche del legno, elemento vivente per eccellenza, con tessuti naturali &#8211; sia nella composizione dei filati che nelle cromie &#8211; che possono essere visti come un invito a progettare spazi dove \u00e8 possibile vivere in modo pi\u00f9 semplice e armonioso con l&#8217;ambiente.<\/p>\n<p>Per le testate e le pediere dei letti Gaud\u00ec viene utilizzato legno dolcemente curvato per dare un sostegno sinuoso al rivestimento.<\/p>\n","protected":false},"excerpt":{"rendered":"<p>Gaud\u00ec onora le propriet\u00e0 maestose e intrinseche del legno, elemento vivente per eccellenza, con tessuti naturali &#8211; sia nella composizione dei filati che nelle cromie &#8211; che possono essere visti come un invito a progettare spazi dove \u00e8 possibile vivere in modo pi\u00f9 semplice e armonioso con l&#8217;ambiente. Per le testate e le pediere dei [&hellip;]<\/p>\n","protected":false},"featured_media":23915,"template":"","meta":[],"product_brand":[],"product_cat":[539],"product_tag":[541],"brand":[282],"class_list":{"0":"post-23922","1":"product","2":"type-product","3":"status-publish","4":"has-post-thumbnail","6":"product_cat-letti","7":"product_tag-a-catalogo","8":"brand-flou-it","10":"first","11":"instock","12":"shipping-taxable","13":"purchasable","14":"product-type-simple"},"_links":{"self":[{"href":"https:\/\/www.interninow.it\/it\/wp-json\/wp\/v2\/product\/23922","targetHints":{"allow":["GET"]}}],"collection":[{"href":"https:\/\/www.interninow.it\/it\/wp-json\/wp\/v2\/product"}],"about":[{"href":"https:\/\/www.interninow.it\/it\/wp-json\/wp\/v2\/types\/product"}],"version-history":[{"count":0,"href":"https:\/\/www.interninow.it\/it\/wp-json\/wp\/v2\/product\/23922\/revisions"}],"wp:featuredmedia":[{"embeddable":true,"href":"https:\/\/www.interninow.it\/it\/wp-json\/wp\/v2\/media\/23915"}],"wp:attachment":[{"href":"https:\/\/www.interninow.it\/it\/wp-json\/wp\/v2\/media?parent=23922"}],"wp:term":[{"taxonomy":"product_brand","embeddable":true,"href":"https:\/\/www.interninow.it\/it\/wp-json\/wp\/v2\/product_brand?post=23922"},{"taxonomy":"product_cat","embeddable":true,"href":"https:\/\/www.interninow.it\/it\/wp-json\/wp\/v2\/product_cat?post=23922"},{"taxonomy":"product_tag","embeddable":true,"href":"https:\/\/www.interninow.it\/it\/wp-json\/wp\/v2\/product_tag?post=23922"},{"taxonomy":"brand","embeddable":true,"href":"https:\/\/www.interninow.it\/it\/wp-json\/wp\/v2\/brand?post=23922"}],"curies":[{"name":"wp","href":"https:\/\/api.w.org\/{rel}","templated":true}]}}