{"id":23844,"date":"2023-01-25T14:33:59","date_gmt":"2023-01-30T10:37:50","guid":{"rendered":"https:\/\/www.intnow.it\/?post_type=product&#038;p=23844"},"modified":"2023-01-30T11:37:50","modified_gmt":"2023-01-30T10:37:50","slug":"moon","status":"publish","type":"product","link":"https:\/\/www.interninow.it\/it\/negozio\/complementi\/moon\/","title":{"rendered":"Moon"},"content":{"rendered":"<p>Una linea compatta di pouf imbottiti con rivestimento sfoderabile, disponibili in diametri e altezze adeguate ad ogni funzione.<\/p>\n<p>La peculiare asimmetria delle cuciture a vista della seduta mette in risalto l&#8217;impeccabile circolarit\u00e0 del pouf Moon.<\/p>\n<p>Questo pu\u00f2 essere utilizzato come sgabello, tavolino da caff\u00e8, comodino o anche solo per aggiungere un tocco di colore allo spazio. Moon pu\u00f2 essere utilizzato come tavolo stabile e adattabile aggiungendovi un vassoio in metallo elegantemente lavorato.<\/p>\n","protected":false},"excerpt":{"rendered":"<p>Una linea compatta di pouf imbottiti con rivestimento sfoderabile, disponibili in diametri e altezze adeguate ad ogni funzione. La peculiare asimmetria delle cuciture a vista della seduta mette in risalto l&#8217;impeccabile circolarit\u00e0 del pouf Moon. Questo pu\u00f2 essere utilizzato come sgabello, tavolino da caff\u00e8, comodino o anche solo per aggiungere un tocco di colore allo [&hellip;]<\/p>\n","protected":false},"featured_media":23837,"template":"","meta":[],"product_brand":[],"product_cat":[543],"product_tag":[541],"brand":[282],"class_list":{"0":"post-23844","1":"product","2":"type-product","3":"status-publish","4":"has-post-thumbnail","6":"product_cat-complementi","7":"product_tag-a-catalogo","8":"brand-flou-it","10":"first","11":"instock","12":"shipping-taxable","13":"purchasable","14":"product-type-simple"},"_links":{"self":[{"href":"https:\/\/www.interninow.it\/it\/wp-json\/wp\/v2\/product\/23844","targetHints":{"allow":["GET"]}}],"collection":[{"href":"https:\/\/www.interninow.it\/it\/wp-json\/wp\/v2\/product"}],"about":[{"href":"https:\/\/www.interninow.it\/it\/wp-json\/wp\/v2\/types\/product"}],"version-history":[{"count":0,"href":"https:\/\/www.interninow.it\/it\/wp-json\/wp\/v2\/product\/23844\/revisions"}],"wp:featuredmedia":[{"embeddable":true,"href":"https:\/\/www.interninow.it\/it\/wp-json\/wp\/v2\/media\/23837"}],"wp:attachment":[{"href":"https:\/\/www.interninow.it\/it\/wp-json\/wp\/v2\/media?parent=23844"}],"wp:term":[{"taxonomy":"product_brand","embeddable":true,"href":"https:\/\/www.interninow.it\/it\/wp-json\/wp\/v2\/product_brand?post=23844"},{"taxonomy":"product_cat","embeddable":true,"href":"https:\/\/www.interninow.it\/it\/wp-json\/wp\/v2\/product_cat?post=23844"},{"taxonomy":"product_tag","embeddable":true,"href":"https:\/\/www.interninow.it\/it\/wp-json\/wp\/v2\/product_tag?post=23844"},{"taxonomy":"brand","embeddable":true,"href":"https:\/\/www.interninow.it\/it\/wp-json\/wp\/v2\/brand?post=23844"}],"curies":[{"name":"wp","href":"https:\/\/api.w.org\/{rel}","templated":true}]}}