{"id":23315,"date":"2022-10-13T10:45:41","date_gmt":"2022-10-13T08:45:41","guid":{"rendered":"https:\/\/www.intnow.it\/shop\/%brand%\/senza-categoria\/sen\/"},"modified":"2023-01-05T16:38:19","modified_gmt":"2023-01-05T15:38:19","slug":"sen-2","status":"publish","type":"product","link":"https:\/\/www.interninow.it\/it\/negozio\/tavoli-e-tavolini\/sen-2\/","title":{"rendered":"Sen"},"content":{"rendered":"<p>Emblema di versatilit\u00e0, \u00e8 funzionale, progettato in varie forme e altezze, e disponibile in una variet\u00e0 di finiture, tra cui diversi tipi di marmo, rovere, e un trattamento nanotecnologico &#8220;soft touch&#8221; dalla sensazione tattile particolarmente piacevole.<\/p>\n<p>Completa l&#8217;angolo del soggiorno dedicato al relax o alla lettura, rotondo o quadrato e in varie altezze.<\/p>\n","protected":false},"excerpt":{"rendered":"<p>Emblema di versatilit\u00e0, \u00e8 funzionale, progettato in varie forme e altezze, e disponibile in una variet\u00e0 di finiture, tra cui diversi tipi di marmo, rovere, e un trattamento nanotecnologico &#8220;soft touch&#8221; dalla sensazione tattile particolarmente piacevole. Completa l&#8217;angolo del soggiorno dedicato al relax o alla lettura, rotondo o quadrato e in varie altezze.<\/p>\n","protected":false},"featured_media":21618,"template":"","meta":[],"product_brand":[],"product_cat":[538],"product_tag":[],"brand":[297],"class_list":{"0":"post-23315","1":"product","2":"type-product","3":"status-publish","4":"has-post-thumbnail","6":"product_cat-tavoli-e-tavolini","7":"brand-de-padova-it","9":"first","10":"instock","11":"shipping-taxable","12":"purchasable","13":"product-type-simple"},"_links":{"self":[{"href":"https:\/\/www.interninow.it\/it\/wp-json\/wp\/v2\/product\/23315","targetHints":{"allow":["GET"]}}],"collection":[{"href":"https:\/\/www.interninow.it\/it\/wp-json\/wp\/v2\/product"}],"about":[{"href":"https:\/\/www.interninow.it\/it\/wp-json\/wp\/v2\/types\/product"}],"version-history":[{"count":0,"href":"https:\/\/www.interninow.it\/it\/wp-json\/wp\/v2\/product\/23315\/revisions"}],"wp:featuredmedia":[{"embeddable":true,"href":"https:\/\/www.interninow.it\/it\/wp-json\/wp\/v2\/media\/21618"}],"wp:attachment":[{"href":"https:\/\/www.interninow.it\/it\/wp-json\/wp\/v2\/media?parent=23315"}],"wp:term":[{"taxonomy":"product_brand","embeddable":true,"href":"https:\/\/www.interninow.it\/it\/wp-json\/wp\/v2\/product_brand?post=23315"},{"taxonomy":"product_cat","embeddable":true,"href":"https:\/\/www.interninow.it\/it\/wp-json\/wp\/v2\/product_cat?post=23315"},{"taxonomy":"product_tag","embeddable":true,"href":"https:\/\/www.interninow.it\/it\/wp-json\/wp\/v2\/product_tag?post=23315"},{"taxonomy":"brand","embeddable":true,"href":"https:\/\/www.interninow.it\/it\/wp-json\/wp\/v2\/brand?post=23315"}],"curies":[{"name":"wp","href":"https:\/\/api.w.org\/{rel}","templated":true}]}}