{"id":23312,"date":"2022-09-29T09:52:24","date_gmt":"2023-01-04T08:16:46","guid":{"rendered":"https:\/\/www.intnow.it\/shop\/%brand%\/senza-categoria\/vesper\/"},"modified":"2023-01-05T16:58:56","modified_gmt":"2023-01-05T15:58:56","slug":"vesper-2","status":"publish","type":"product","link":"https:\/\/www.interninow.it\/it\/negozio\/sofa\/vesper-2\/","title":{"rendered":"Vesper"},"content":{"rendered":"<p>Vesper, di Roberto Lazzeroni, \u00e8 un progetto dal concept dinamico e personalizzabile, caratterizzato dalla personalit\u00e0 sobria e decisa di Giorgetti.<\/p>\n<p>\u00c8 un divano componibile con molto carattere e fluidit\u00e0 che interpreta l&#8217;abitare contemporaneo. La base \u00e8 l&#8217;elemento che definisce l&#8217;intero progetto e la sua identit\u00e0: \u00e8 una pedana rivestita in pelle o tessuto che sostiene i cuscini della seduta e gli schienali imbottiti, completamente sfoderabili.<\/p>\n<p>Vesper si inserisce in ogni ambiente con linee sinuose che creano morbidezza visiva e tattile, donando personalit\u00e0 allo spazio senza rinunciare a funzionalit\u00e0 e comfort.<\/p>\n","protected":false},"excerpt":{"rendered":"<p>Vesper, di Roberto Lazzeroni, \u00e8 un progetto dal concept dinamico e personalizzabile, caratterizzato dalla personalit\u00e0 sobria e decisa di Giorgetti. \u00c8 un divano componibile con molto carattere e fluidit\u00e0 che interpreta l&#8217;abitare contemporaneo. La base \u00e8 l&#8217;elemento che definisce l&#8217;intero progetto e la sua identit\u00e0: \u00e8 una pedana rivestita in pelle o tessuto che sostiene [&hellip;]<\/p>\n","protected":false},"featured_media":30332,"template":"","meta":[],"product_brand":[],"product_cat":[545],"product_tag":[541],"brand":[296],"class_list":{"0":"post-23312","1":"product","2":"type-product","3":"status-publish","4":"has-post-thumbnail","6":"product_cat-sofa","7":"product_tag-a-catalogo","8":"brand-giorgetti-it","10":"first","11":"instock","12":"shipping-taxable","13":"purchasable","14":"product-type-simple"},"_links":{"self":[{"href":"https:\/\/www.interninow.it\/it\/wp-json\/wp\/v2\/product\/23312","targetHints":{"allow":["GET"]}}],"collection":[{"href":"https:\/\/www.interninow.it\/it\/wp-json\/wp\/v2\/product"}],"about":[{"href":"https:\/\/www.interninow.it\/it\/wp-json\/wp\/v2\/types\/product"}],"version-history":[{"count":0,"href":"https:\/\/www.interninow.it\/it\/wp-json\/wp\/v2\/product\/23312\/revisions"}],"wp:featuredmedia":[{"embeddable":true,"href":"https:\/\/www.interninow.it\/it\/wp-json\/wp\/v2\/media\/30332"}],"wp:attachment":[{"href":"https:\/\/www.interninow.it\/it\/wp-json\/wp\/v2\/media?parent=23312"}],"wp:term":[{"taxonomy":"product_brand","embeddable":true,"href":"https:\/\/www.interninow.it\/it\/wp-json\/wp\/v2\/product_brand?post=23312"},{"taxonomy":"product_cat","embeddable":true,"href":"https:\/\/www.interninow.it\/it\/wp-json\/wp\/v2\/product_cat?post=23312"},{"taxonomy":"product_tag","embeddable":true,"href":"https:\/\/www.interninow.it\/it\/wp-json\/wp\/v2\/product_tag?post=23312"},{"taxonomy":"brand","embeddable":true,"href":"https:\/\/www.interninow.it\/it\/wp-json\/wp\/v2\/brand?post=23312"}],"curies":[{"name":"wp","href":"https:\/\/api.w.org\/{rel}","templated":true}]}}