{"id":23311,"date":"2022-09-29T09:30:57","date_gmt":"2022-09-29T07:30:57","guid":{"rendered":"https:\/\/www.intnow.it\/shop\/%brand%\/senza-categoria\/charlotte\/"},"modified":"2023-01-05T17:00:11","modified_gmt":"2023-01-05T16:00:11","slug":"charlotte-2","status":"publish","type":"product","link":"https:\/\/www.interninow.it\/it\/negozio\/sedie\/charlotte-2\/","title":{"rendered":"Charlotte"},"content":{"rendered":"<p>Charlotte di Antonio Citterio \u00e8 un omaggio alla leggerezza. La scocca \u00e8 completamente nascosta, ma il profilo del telaio \u00e8 visibile dalla parte della sedia, sottolineando la linea della seduta.<\/p>\n<p>Mentre il rivestimento \u00e8 sempre realizzato in pelle pieno fiore tagliata al vivo in una variet\u00e0 di colori, la struttura \u00e8 disponibile in molte finiture che possono enfatizzarla o sfumarla.<\/p>\n","protected":false},"excerpt":{"rendered":"<p>Charlotte di Antonio Citterio \u00e8 un omaggio alla leggerezza. La scocca \u00e8 completamente nascosta, ma il profilo del telaio \u00e8 visibile dalla parte della sedia, sottolineando la linea della seduta. Mentre il rivestimento \u00e8 sempre realizzato in pelle pieno fiore tagliata al vivo in una variet\u00e0 di colori, la struttura \u00e8 disponibile in molte finiture [&hellip;]<\/p>\n","protected":false},"featured_media":21448,"template":"","meta":[],"product_brand":[],"product_cat":[542],"product_tag":[540],"brand":[269],"class_list":{"0":"post-23311","1":"product","2":"type-product","3":"status-publish","4":"has-post-thumbnail","6":"product_cat-sedie","7":"product_tag-pronta-consegna","8":"brand-bb-italia-it","10":"first","11":"instock","12":"shipping-taxable","13":"purchasable","14":"product-type-simple"},"_links":{"self":[{"href":"https:\/\/www.interninow.it\/it\/wp-json\/wp\/v2\/product\/23311","targetHints":{"allow":["GET"]}}],"collection":[{"href":"https:\/\/www.interninow.it\/it\/wp-json\/wp\/v2\/product"}],"about":[{"href":"https:\/\/www.interninow.it\/it\/wp-json\/wp\/v2\/types\/product"}],"version-history":[{"count":0,"href":"https:\/\/www.interninow.it\/it\/wp-json\/wp\/v2\/product\/23311\/revisions"}],"wp:featuredmedia":[{"embeddable":true,"href":"https:\/\/www.interninow.it\/it\/wp-json\/wp\/v2\/media\/21448"}],"wp:attachment":[{"href":"https:\/\/www.interninow.it\/it\/wp-json\/wp\/v2\/media?parent=23311"}],"wp:term":[{"taxonomy":"product_brand","embeddable":true,"href":"https:\/\/www.interninow.it\/it\/wp-json\/wp\/v2\/product_brand?post=23311"},{"taxonomy":"product_cat","embeddable":true,"href":"https:\/\/www.interninow.it\/it\/wp-json\/wp\/v2\/product_cat?post=23311"},{"taxonomy":"product_tag","embeddable":true,"href":"https:\/\/www.interninow.it\/it\/wp-json\/wp\/v2\/product_tag?post=23311"},{"taxonomy":"brand","embeddable":true,"href":"https:\/\/www.interninow.it\/it\/wp-json\/wp\/v2\/brand?post=23311"}],"curies":[{"name":"wp","href":"https:\/\/api.w.org\/{rel}","templated":true}]}}