{"id":23290,"date":"2022-09-28T10:17:48","date_gmt":"2022-09-28T08:17:48","guid":{"rendered":"https:\/\/www.intnow.it\/shop\/%brand%\/senza-categoria\/vermelha\/"},"modified":"2025-09-12T16:48:02","modified_gmt":"2025-09-12T14:48:02","slug":"vermelha-2","status":"publish","type":"product","link":"https:\/\/www.interninow.it\/it\/negozio\/poltrone\/vermelha-2\/","title":{"rendered":"Vermelha"},"content":{"rendered":"<h3 data-start=\"183\" data-end=\"251\">Edra Vermelha \u2013 Poltrona iconica di design italiano, pronta consegna<\/h3>\n<p data-start=\"253\" data-end=\"647\">La poltrona Vermelha di Edra, disegnata dai fratelli Campana, \u00e8 una delle icone pi\u00f9 riconoscibili del design italiano contemporaneo. La sua struttura unica \u00e8 realizzata intrecciando a mano 500 metri di speciale corda attorno a un telaio in acciaio, creando una seduta scultorea e confortevole. Ogni pezzo richiede ore di lavorazione artigianale, trasformando la poltrona in un capolavoro di design e in un oggetto da collezione.  <\/p>\n<p data-start=\"649\" data-end=\"949\">Con la sua presenza audace e inconfondibile, la poltrona Vermelha arricchisce soggiorni, lounge e interni esclusivi, diventando il vero fulcro dell\u2019ambiente. Ammirata in tutto il mondo per la sua creativit\u00e0 e originalit\u00e0, rappresenta la perfetta sintesi di design, artigianalit\u00e0 e innovazione. <\/p>\n<p data-start=\"951\" data-end=\"1259\">Questo modello \u00e8 disponibile in pronta consegna in nero, con consegna immediata senza attese. La poltrona Vermelha \u00e8 inoltre ordinabile in altre finiture, garantendo possibilit\u00e0 di personalizzazione ed esclusivit\u00e0. Pi\u00f9 che una semplice seduta, \u00e8 un\u2019opera d\u2019arte e una dichiarazione senza tempo del Made in Italy.  <\/p>\n<h3 data-start=\"1261\" data-end=\"1305\">Perch\u00e9 scegliere la poltrona Vermelha di Edra?<\/h3>\n<ul data-start=\"1306\" data-end=\"1546\">\n<li data-start=\"1306\" data-end=\"1353\">\n<p data-start=\"1308\" data-end=\"1353\">Pronta consegna \u2013 disponibile subito in nero<\/p>\n<\/li>\n<li data-start=\"1354\" data-end=\"1399\">\n<p data-start=\"1356\" data-end=\"1399\">Disegnata dai fratelli Campana per Edra<\/p>\n<\/li>\n<li data-start=\"1400\" data-end=\"1458\">\n<p data-start=\"1402\" data-end=\"1458\">Intrecciata a mano con 500 metri di corda su telaio in acciaio<\/p>\n<\/li>\n<li data-start=\"1459\" data-end=\"1497\">\n<p data-start=\"1461\" data-end=\"1497\">Ogni pezzo \u00e8 artigianale e unico<\/p>\n<\/li>\n<li data-start=\"1498\" data-end=\"1546\">\n<p data-start=\"1500\" data-end=\"1546\">Icona internazionale del design italiano contemporaneo<\/p>\n<\/li>\n<\/ul>\n","protected":false},"excerpt":{"rendered":"<h3 data-start=\"183\" data-end=\"251\">Edra Vermelha \u2013 Poltrona iconica di design italiano, pronta consegna<\/h3>\n<p data-start=\"253\" data-end=\"647\">La poltrona Vermelha di Edra, disegnata dai fratelli Campana, \u00e8 una delle icone pi\u00f9 riconoscibili del design italiano contemporaneo. La sua struttura unica \u00e8 realizzata intrecciando a mano 500 metri di speciale corda attorno a un telaio in acciaio, creando una seduta scultorea e confortevole. Ogni pezzo richiede ore di lavorazione artigianale, trasformando la poltrona in un capolavoro di design e in un oggetto da collezione.  <\/p>\n<p data-start=\"649\" data-end=\"949\">Con la sua presenza audace e inconfondibile, la poltrona Vermelha arricchisce soggiorni, lounge e interni esclusivi, diventando il vero fulcro dell\u2019ambiente. Ammirata in tutto il mondo per la sua creativit\u00e0 e originalit\u00e0, rappresenta la perfetta sintesi di design, artigianalit\u00e0 e innovazione. <\/p>\n<p data-start=\"951\" data-end=\"1259\">Questo modello \u00e8 disponibile in pronta consegna in nero, con consegna immediata senza attese. La poltrona Vermelha \u00e8 inoltre ordinabile in altre finiture, garantendo possibilit\u00e0 di personalizzazione ed esclusivit\u00e0. Pi\u00f9 che una semplice seduta, \u00e8 un\u2019opera d\u2019arte e una dichiarazione senza tempo del Made in Italy.  <\/p>\n<h3 data-start=\"1261\" data-end=\"1305\">Perch\u00e9 scegliere la poltrona Vermelha di Edra?<\/h3>\n<ul data-start=\"1306\" data-end=\"1546\">\n<li data-start=\"1306\" data-end=\"1353\">\n<p data-start=\"1308\" data-end=\"1353\">Pronta consegna \u2013 disponibile subito in nero<\/p>\n<\/li>\n<li data-start=\"1354\" data-end=\"1399\">\n<p data-start=\"1356\" data-end=\"1399\">Disegnata dai fratelli Campana per Edra<\/p>\n<\/li>\n<li data-start=\"1400\" data-end=\"1458\">\n<p data-start=\"1402\" data-end=\"1458\">Intrecciata a mano con 500 metri di corda su telaio in acciaio<\/p>\n<\/li>\n<li data-start=\"1459\" data-end=\"1497\">\n<p data-start=\"1461\" data-end=\"1497\">Ogni pezzo \u00e8 artigianale e unico<\/p>\n<\/li>\n<li data-start=\"1498\" data-end=\"1546\">\n<p data-start=\"1500\" data-end=\"1546\">Icona internazionale del design italiano contemporaneo<\/p>\n<\/li>\n<\/ul>\n","protected":false},"featured_media":37650,"template":"","meta":[],"product_brand":[],"product_cat":[537],"product_tag":[540],"brand":[288],"class_list":{"0":"post-23290","1":"product","2":"type-product","3":"status-publish","4":"has-post-thumbnail","6":"product_cat-poltrone","7":"product_tag-pronta-consegna","8":"brand-edra-it","10":"first","11":"instock","12":"shipping-taxable","13":"purchasable","14":"product-type-simple"},"_links":{"self":[{"href":"https:\/\/www.interninow.it\/it\/wp-json\/wp\/v2\/product\/23290","targetHints":{"allow":["GET"]}}],"collection":[{"href":"https:\/\/www.interninow.it\/it\/wp-json\/wp\/v2\/product"}],"about":[{"href":"https:\/\/www.interninow.it\/it\/wp-json\/wp\/v2\/types\/product"}],"version-history":[{"count":0,"href":"https:\/\/www.interninow.it\/it\/wp-json\/wp\/v2\/product\/23290\/revisions"}],"wp:featuredmedia":[{"embeddable":true,"href":"https:\/\/www.interninow.it\/it\/wp-json\/wp\/v2\/media\/37650"}],"wp:attachment":[{"href":"https:\/\/www.interninow.it\/it\/wp-json\/wp\/v2\/media?parent=23290"}],"wp:term":[{"taxonomy":"product_brand","embeddable":true,"href":"https:\/\/www.interninow.it\/it\/wp-json\/wp\/v2\/product_brand?post=23290"},{"taxonomy":"product_cat","embeddable":true,"href":"https:\/\/www.interninow.it\/it\/wp-json\/wp\/v2\/product_cat?post=23290"},{"taxonomy":"product_tag","embeddable":true,"href":"https:\/\/www.interninow.it\/it\/wp-json\/wp\/v2\/product_tag?post=23290"},{"taxonomy":"brand","embeddable":true,"href":"https:\/\/www.interninow.it\/it\/wp-json\/wp\/v2\/brand?post=23290"}],"curies":[{"name":"wp","href":"https:\/\/api.w.org\/{rel}","templated":true}]}}