{"id":23274,"date":"2022-10-17T10:18:45","date_gmt":"2023-01-03T16:36:17","guid":{"rendered":"https:\/\/www.intnow.it\/shop\/%brand%\/senza-categoria\/lucrezia\/"},"modified":"2023-01-05T16:33:54","modified_gmt":"2023-01-05T15:33:54","slug":"lucrezia-2","status":"publish","type":"product","link":"https:\/\/www.interninow.it\/it\/negozio\/sofa\/lucrezia-2\/","title":{"rendered":"Lucrezia"},"content":{"rendered":"<p>Lucrezia \u00e8 una collezione di divani caratterizzata da ampie imbottiture e forme arrotondate.<\/p>\n<p>Due le varianti delle parti che compongono la serie di divani lineari e componibili, disponibili in due profondit\u00e0 e molteplici dimensioni. Il primo ha un cuscino di seduta essenziale con fascia e bordino, mentre il secondo ha cuciture capitonn\u00e9.<\/p>\n<p>Entrambi hanno due opzioni di cuscino per lo schienale: una versione pi\u00f9 compatta con supporto lombare per una disposizione della seduta pi\u00f9 controllata e formale, e una versione pi\u00f9 morbida con cuscini in piuma per un&#8217;estetica pi\u00f9 confortevole e rilassata.<\/p>\n<p>Il rivestimento \u00e8 impreziosito da raffinati dettagli &#8220;haute couture&#8221;.<\/p>\n","protected":false},"excerpt":{"rendered":"<p>Lucrezia \u00e8 una collezione di divani caratterizzata da ampie imbottiture e forme arrotondate. Due le varianti delle parti che compongono la serie di divani lineari e componibili, disponibili in due profondit\u00e0 e molteplici dimensioni. Il primo ha un cuscino di seduta essenziale con fascia e bordino, mentre il secondo ha cuciture capitonn\u00e9. Entrambi hanno due [&hellip;]<\/p>\n","protected":false},"featured_media":22007,"template":"","meta":[],"product_brand":[],"product_cat":[545],"product_tag":[541],"brand":[283],"class_list":{"0":"post-23274","1":"product","2":"type-product","3":"status-publish","4":"has-post-thumbnail","6":"product_cat-sofa","7":"product_tag-a-catalogo","8":"brand-maxalto-it","10":"first","11":"instock","12":"shipping-taxable","13":"purchasable","14":"product-type-simple"},"_links":{"self":[{"href":"https:\/\/www.interninow.it\/it\/wp-json\/wp\/v2\/product\/23274","targetHints":{"allow":["GET"]}}],"collection":[{"href":"https:\/\/www.interninow.it\/it\/wp-json\/wp\/v2\/product"}],"about":[{"href":"https:\/\/www.interninow.it\/it\/wp-json\/wp\/v2\/types\/product"}],"version-history":[{"count":0,"href":"https:\/\/www.interninow.it\/it\/wp-json\/wp\/v2\/product\/23274\/revisions"}],"wp:featuredmedia":[{"embeddable":true,"href":"https:\/\/www.interninow.it\/it\/wp-json\/wp\/v2\/media\/22007"}],"wp:attachment":[{"href":"https:\/\/www.interninow.it\/it\/wp-json\/wp\/v2\/media?parent=23274"}],"wp:term":[{"taxonomy":"product_brand","embeddable":true,"href":"https:\/\/www.interninow.it\/it\/wp-json\/wp\/v2\/product_brand?post=23274"},{"taxonomy":"product_cat","embeddable":true,"href":"https:\/\/www.interninow.it\/it\/wp-json\/wp\/v2\/product_cat?post=23274"},{"taxonomy":"product_tag","embeddable":true,"href":"https:\/\/www.interninow.it\/it\/wp-json\/wp\/v2\/product_tag?post=23274"},{"taxonomy":"brand","embeddable":true,"href":"https:\/\/www.interninow.it\/it\/wp-json\/wp\/v2\/brand?post=23274"}],"curies":[{"name":"wp","href":"https:\/\/api.w.org\/{rel}","templated":true}]}}