{"id":23272,"date":"2022-10-21T17:33:25","date_gmt":"2023-01-03T16:33:44","guid":{"rendered":"https:\/\/www.intnow.it\/shop\/%brand%\/senza-categoria\/pierre\/"},"modified":"2023-01-05T16:14:00","modified_gmt":"2023-01-05T15:14:00","slug":"pierre-2","status":"publish","type":"product","link":"https:\/\/www.interninow.it\/it\/negozio\/tavoli-e-tavolini\/pierre-2\/","title":{"rendered":"Pierre"},"content":{"rendered":"<p>I tavolini Pierre sono composti da una struttura in alluminio con sezione a L e da una base sottostante in tubolare d&#8217;acciaio con piedini in alluminio zigrinato.<\/p>\n<p>L&#8217;intero prodotto \u00e8 lucidato e laccato. Quest&#8217;ultimo \u00e8 rivestito con una finitura semilucida per un aspetto pi\u00f9 naturale.<\/p>\n","protected":false},"excerpt":{"rendered":"<p>I tavolini Pierre sono composti da una struttura in alluminio con sezione a L e da una base sottostante in tubolare d&#8217;acciaio con piedini in alluminio zigrinato. L&#8217;intero prodotto \u00e8 lucidato e laccato. Quest&#8217;ultimo \u00e8 rivestito con una finitura semilucida per un aspetto pi\u00f9 naturale.<\/p>\n","protected":false},"featured_media":21827,"template":"","meta":[],"product_brand":[],"product_cat":[538],"product_tag":[541],"brand":[266],"class_list":{"0":"post-23272","1":"product","2":"type-product","3":"status-publish","4":"has-post-thumbnail","6":"product_cat-tavoli-e-tavolini","7":"product_tag-a-catalogo","8":"brand-poltrona-frau-it","10":"first","11":"instock","12":"shipping-taxable","13":"purchasable","14":"product-type-simple"},"_links":{"self":[{"href":"https:\/\/www.interninow.it\/it\/wp-json\/wp\/v2\/product\/23272","targetHints":{"allow":["GET"]}}],"collection":[{"href":"https:\/\/www.interninow.it\/it\/wp-json\/wp\/v2\/product"}],"about":[{"href":"https:\/\/www.interninow.it\/it\/wp-json\/wp\/v2\/types\/product"}],"version-history":[{"count":0,"href":"https:\/\/www.interninow.it\/it\/wp-json\/wp\/v2\/product\/23272\/revisions"}],"wp:featuredmedia":[{"embeddable":true,"href":"https:\/\/www.interninow.it\/it\/wp-json\/wp\/v2\/media\/21827"}],"wp:attachment":[{"href":"https:\/\/www.interninow.it\/it\/wp-json\/wp\/v2\/media?parent=23272"}],"wp:term":[{"taxonomy":"product_brand","embeddable":true,"href":"https:\/\/www.interninow.it\/it\/wp-json\/wp\/v2\/product_brand?post=23272"},{"taxonomy":"product_cat","embeddable":true,"href":"https:\/\/www.interninow.it\/it\/wp-json\/wp\/v2\/product_cat?post=23272"},{"taxonomy":"product_tag","embeddable":true,"href":"https:\/\/www.interninow.it\/it\/wp-json\/wp\/v2\/product_tag?post=23272"},{"taxonomy":"brand","embeddable":true,"href":"https:\/\/www.interninow.it\/it\/wp-json\/wp\/v2\/brand?post=23272"}],"curies":[{"name":"wp","href":"https:\/\/api.w.org\/{rel}","templated":true}]}}