{"id":23270,"date":"2022-10-21T17:01:06","date_gmt":"2023-01-03T16:29:02","guid":{"rendered":"https:\/\/www.intnow.it\/shop\/%brand%\/senza-categoria\/hudson\/"},"modified":"2023-01-05T16:16:27","modified_gmt":"2023-01-05T15:16:27","slug":"hudson-2","status":"publish","type":"product","link":"https:\/\/www.interninow.it\/it\/negozio\/tavoli-e-tavolini\/hudson-2\/","title":{"rendered":"Hudson"},"content":{"rendered":"<p>Hudson \u00e8 disegnato da Virginia Harper come un bellissimo gioco di scatole cinesi, pieni e vuoti, leggerezza e sostanza.<\/p>\n<p>Hudson \u00e8 un tavolino che ne contiene un altro. Il primo tavolino Hudson \u00e8 un progetto architettonico in miniatura ispirato alla Freedom Tower di New York. La costruzione cava riproduce sapientemente un prisma esagonale che si protende verso il cielo. Il secondo tavolino-pouf si inserisce perfettamente nell&#8217;incavo del tavolo pi\u00f9 grande.<\/p>\n<p>Un po&#8217; di maniglia in cuoio o cuoio facilita l&#8217;estrazione e lo spostamento del pouf, che pu\u00f2 essere utilizzato in abbinamento agli altri elementi o da solo.<\/p>\n","protected":false},"excerpt":{"rendered":"<p>Hudson \u00e8 disegnato da Virginia Harper come un bellissimo gioco di scatole cinesi, pieni e vuoti, leggerezza e sostanza. Hudson \u00e8 un tavolino che ne contiene un altro. Il primo tavolino Hudson \u00e8 un progetto architettonico in miniatura ispirato alla Freedom Tower di New York. La costruzione cava riproduce sapientemente un prisma esagonale che si [&hellip;]<\/p>\n","protected":false},"featured_media":21823,"template":"","meta":[],"product_brand":[],"product_cat":[538],"product_tag":[540],"brand":[266],"class_list":{"0":"post-23270","1":"product","2":"type-product","3":"status-publish","4":"has-post-thumbnail","6":"product_cat-tavoli-e-tavolini","7":"product_tag-pronta-consegna","8":"brand-poltrona-frau-it","10":"first","11":"instock","12":"shipping-taxable","13":"purchasable","14":"product-type-simple"},"_links":{"self":[{"href":"https:\/\/www.interninow.it\/it\/wp-json\/wp\/v2\/product\/23270","targetHints":{"allow":["GET"]}}],"collection":[{"href":"https:\/\/www.interninow.it\/it\/wp-json\/wp\/v2\/product"}],"about":[{"href":"https:\/\/www.interninow.it\/it\/wp-json\/wp\/v2\/types\/product"}],"version-history":[{"count":0,"href":"https:\/\/www.interninow.it\/it\/wp-json\/wp\/v2\/product\/23270\/revisions"}],"wp:featuredmedia":[{"embeddable":true,"href":"https:\/\/www.interninow.it\/it\/wp-json\/wp\/v2\/media\/21823"}],"wp:attachment":[{"href":"https:\/\/www.interninow.it\/it\/wp-json\/wp\/v2\/media?parent=23270"}],"wp:term":[{"taxonomy":"product_brand","embeddable":true,"href":"https:\/\/www.interninow.it\/it\/wp-json\/wp\/v2\/product_brand?post=23270"},{"taxonomy":"product_cat","embeddable":true,"href":"https:\/\/www.interninow.it\/it\/wp-json\/wp\/v2\/product_cat?post=23270"},{"taxonomy":"product_tag","embeddable":true,"href":"https:\/\/www.interninow.it\/it\/wp-json\/wp\/v2\/product_tag?post=23270"},{"taxonomy":"brand","embeddable":true,"href":"https:\/\/www.interninow.it\/it\/wp-json\/wp\/v2\/brand?post=23270"}],"curies":[{"name":"wp","href":"https:\/\/api.w.org\/{rel}","templated":true}]}}