{"id":23194,"date":"2022-12-08T17:51:46","date_gmt":"2023-01-03T14:59:28","guid":{"rendered":"https:\/\/www.intnow.it\/shop\/%brand%\/senza-categoria\/regina\/"},"modified":"2023-01-05T15:53:01","modified_gmt":"2023-01-05T14:53:01","slug":"regina-2","status":"publish","type":"product","link":"https:\/\/www.interninow.it\/it\/negozio\/complementi\/regina-2\/","title":{"rendered":"Regina"},"content":{"rendered":"<p>C&#8217;erano tre reali nella Fornace. Hanno viaggiato per il mondo con i loro abiti di vetro e il loro portamento imperiale.<\/p>\n<p>Regina \u00e8 la moglie elegante e di classe del monarca; sebbene sia pi\u00f9 piccola di lui, \u00e8 sempre la pi\u00f9 bella. Le sue forme femminili sono ricoperte da un manto satinato che evoca l&#8217;oro puro. Ha una corona in testa per accompagnarlo.<\/p>\n","protected":false},"excerpt":{"rendered":"<p>C&#8217;erano tre reali nella Fornace. Hanno viaggiato per il mondo con i loro abiti di vetro e il loro portamento imperiale. Regina \u00e8 la moglie elegante e di classe del monarca; sebbene sia pi\u00f9 piccola di lui, \u00e8 sempre la pi\u00f9 bella. Le sue forme femminili sono ricoperte da un manto satinato che evoca l&#8217;oro [&hellip;]<\/p>\n","protected":false},"featured_media":22886,"template":"","meta":[],"product_brand":[],"product_cat":[543],"product_tag":[541],"brand":[291],"class_list":{"0":"post-23194","1":"product","2":"type-product","3":"status-publish","4":"has-post-thumbnail","6":"product_cat-complementi","7":"product_tag-a-catalogo","8":"brand-venini-it","10":"first","11":"instock","12":"shipping-taxable","13":"purchasable","14":"product-type-simple"},"_links":{"self":[{"href":"https:\/\/www.interninow.it\/it\/wp-json\/wp\/v2\/product\/23194","targetHints":{"allow":["GET"]}}],"collection":[{"href":"https:\/\/www.interninow.it\/it\/wp-json\/wp\/v2\/product"}],"about":[{"href":"https:\/\/www.interninow.it\/it\/wp-json\/wp\/v2\/types\/product"}],"version-history":[{"count":0,"href":"https:\/\/www.interninow.it\/it\/wp-json\/wp\/v2\/product\/23194\/revisions"}],"wp:featuredmedia":[{"embeddable":true,"href":"https:\/\/www.interninow.it\/it\/wp-json\/wp\/v2\/media\/22886"}],"wp:attachment":[{"href":"https:\/\/www.interninow.it\/it\/wp-json\/wp\/v2\/media?parent=23194"}],"wp:term":[{"taxonomy":"product_brand","embeddable":true,"href":"https:\/\/www.interninow.it\/it\/wp-json\/wp\/v2\/product_brand?post=23194"},{"taxonomy":"product_cat","embeddable":true,"href":"https:\/\/www.interninow.it\/it\/wp-json\/wp\/v2\/product_cat?post=23194"},{"taxonomy":"product_tag","embeddable":true,"href":"https:\/\/www.interninow.it\/it\/wp-json\/wp\/v2\/product_tag?post=23194"},{"taxonomy":"brand","embeddable":true,"href":"https:\/\/www.interninow.it\/it\/wp-json\/wp\/v2\/brand?post=23194"}],"curies":[{"name":"wp","href":"https:\/\/api.w.org\/{rel}","templated":true}]}}