{"id":22596,"date":"2022-10-24T11:05:19","date_gmt":"2022-11-30T09:16:11","guid":{"rendered":"https:\/\/www.intnow.it\/shop\/%brand%\/senza-categoria\/pa1947\/"},"modified":"2023-01-05T17:24:09","modified_gmt":"2023-01-05T16:24:09","slug":"pa1947","status":"publish","type":"product","link":"https:\/\/www.interninow.it\/it\/negozio\/tavoli-e-tavolini\/pa1947\/","title":{"rendered":"Pa&#8217;1947"},"content":{"rendered":"<p>Pochi segni abbozzati su un foglio di carta hanno ispirato il disegno di questa consolle: una linea orizzontale e due linee oblique danno forma a una struttura dalle proporzioni quasi ideali e dall&#8217;aspetto organico.<\/p>\n<p>Cassina ha rispettato e arricchito il cuore del progetto fondendo tecnologia e manualit\u00e0, come \u00e8 tipico del laboratorio di falegnameria dell&#8217;azienda; il risultato \u00e8 una sofisticata consolle in legno massello, decorata con elementi in metallo, che pu\u00f2 essere utilizzata in qualsiasi spazio della casa.<\/p>\n","protected":false},"excerpt":{"rendered":"<p>Pochi segni abbozzati su un foglio di carta hanno ispirato il disegno di questa consolle: una linea orizzontale e due linee oblique danno forma a una struttura dalle proporzioni quasi ideali e dall&#8217;aspetto organico. Cassina ha rispettato e arricchito il cuore del progetto fondendo tecnologia e manualit\u00e0, come \u00e8 tipico del laboratorio di falegnameria dell&#8217;azienda; [&hellip;]<\/p>\n","protected":false},"featured_media":21997,"template":"","meta":[],"product_brand":[],"product_cat":[538],"product_tag":[541],"brand":[306],"class_list":{"0":"post-22596","1":"product","2":"type-product","3":"status-publish","4":"has-post-thumbnail","6":"product_cat-tavoli-e-tavolini","7":"product_tag-a-catalogo","8":"brand-cassina-it","10":"first","11":"instock","12":"shipping-taxable","13":"purchasable","14":"product-type-simple"},"_links":{"self":[{"href":"https:\/\/www.interninow.it\/it\/wp-json\/wp\/v2\/product\/22596","targetHints":{"allow":["GET"]}}],"collection":[{"href":"https:\/\/www.interninow.it\/it\/wp-json\/wp\/v2\/product"}],"about":[{"href":"https:\/\/www.interninow.it\/it\/wp-json\/wp\/v2\/types\/product"}],"version-history":[{"count":0,"href":"https:\/\/www.interninow.it\/it\/wp-json\/wp\/v2\/product\/22596\/revisions"}],"wp:featuredmedia":[{"embeddable":true,"href":"https:\/\/www.interninow.it\/it\/wp-json\/wp\/v2\/media\/21997"}],"wp:attachment":[{"href":"https:\/\/www.interninow.it\/it\/wp-json\/wp\/v2\/media?parent=22596"}],"wp:term":[{"taxonomy":"product_brand","embeddable":true,"href":"https:\/\/www.interninow.it\/it\/wp-json\/wp\/v2\/product_brand?post=22596"},{"taxonomy":"product_cat","embeddable":true,"href":"https:\/\/www.interninow.it\/it\/wp-json\/wp\/v2\/product_cat?post=22596"},{"taxonomy":"product_tag","embeddable":true,"href":"https:\/\/www.interninow.it\/it\/wp-json\/wp\/v2\/product_tag?post=22596"},{"taxonomy":"brand","embeddable":true,"href":"https:\/\/www.interninow.it\/it\/wp-json\/wp\/v2\/brand?post=22596"}],"curies":[{"name":"wp","href":"https:\/\/api.w.org\/{rel}","templated":true}]}}